{"id":3362,"date":"2022-07-22T21:00:50","date_gmt":"2022-07-22T20:00:50","guid":{"rendered":"https:\/\/www.lernpoint.at\/kursevi-njemackog\/kursevi-integracije-njemackog-jezika\/"},"modified":"2022-07-22T21:00:50","modified_gmt":"2022-07-22T20:00:50","slug":"kursevi-integracije-njemackog-jezika","status":"publish","type":"page","link":"https:\/\/www.lernpoint.at\/bs\/kursevi-njemackog\/kursevi-integracije-njemackog-jezika\/","title":{"rendered":"kursevi integracije njema\u010dkog jezika"},"content":{"rendered":"","protected":false},"excerpt":{"rendered":"","protected":false},"author":1,"featured_media":0,"parent":3345,"menu_order":0,"comment_status":"closed","ping_status":"closed","template":"","meta":{"_et_pb_use_builder":"on","_et_pb_old_content":"","_et_gb_content_width":"","footnotes":""},"class_list":["post-3362","page","type-page","status-publish","hentry"],"yoast_head":"<!-- This site is optimized with the Yoast SEO plugin v27.4 - https:\/\/yoast.com\/product\/yoast-seo-wordpress\/ -->\n<title>kursevi integracije njema\u010dkog jezika - Lernpoint Novi jezik i kulturno iskustvo<\/title>\n<meta name=\"description\" content=\"Otkrijte na\u0161e te\u010dajeve integracije njema\u010dkog jezika u Lernpointu za uspje\u0161nu lingvisti\u010dku i kulturnu integraciju.\" \/>\n<meta name=\"robots\" content=\"index, follow, max-snippet:-1, max-image-preview:large, max-video-preview:-1\" \/>\n<link rel=\"canonical\" href=\"https:\/\/www.lernpoint.at\/bs\/kursevi-njemackog\/kursevi-integracije-njemackog-jezika\/\" \/>\n<meta property=\"og:locale\" content=\"bs_BA\" \/>\n<meta property=\"og:type\" content=\"article\" \/>\n<meta property=\"og:title\" content=\"kursevi integracije njema\u010dkog jezika - Lernpoint Novi jezik i kulturno iskustvo\" \/>\n<meta property=\"og:description\" content=\"Otkrijte na\u0161e te\u010dajeve integracije njema\u010dkog jezika u Lernpointu za uspje\u0161nu lingvisti\u010dku i kulturnu integraciju.\" \/>\n<meta property=\"og:url\" content=\"https:\/\/www.lernpoint.at\/bs\/kursevi-njemackog\/kursevi-integracije-njemackog-jezika\/\" \/>\n<meta property=\"og:site_name\" content=\"Lernpoint\" \/>\n<meta property=\"article:publisher\" content=\"https:\/\/www.facebook.com\/lernpoint.wien\/\" \/>\n<meta name=\"twitter:card\" content=\"summary_large_image\" \/>\n<script type=\"application\/ld+json\" class=\"yoast-schema-graph\">{\"@context\":\"https:\\\/\\\/schema.org\",\"@graph\":[{\"@type\":\"WebPage\",\"@id\":\"https:\\\/\\\/www.lernpoint.at\\\/bs\\\/kursevi-njemackog\\\/kursevi-integracije-njemackog-jezika\\\/\",\"url\":\"https:\\\/\\\/www.lernpoint.at\\\/bs\\\/kursevi-njemackog\\\/kursevi-integracije-njemackog-jezika\\\/\",\"name\":\"kursevi integracije njema\u010dkog jezika - Lernpoint Novi jezik i kulturno iskustvo\",\"isPartOf\":{\"@id\":\"https:\\\/\\\/www.lernpoint.at\\\/de\\\/#website\"},\"datePublished\":\"2022-07-22T20:00:50+00:00\",\"description\":\"Otkrijte na\u0161e te\u010dajeve integracije njema\u010dkog jezika u Lernpointu za uspje\u0161nu lingvisti\u010dku i kulturnu integraciju.\",\"breadcrumb\":{\"@id\":\"https:\\\/\\\/www.lernpoint.at\\\/bs\\\/kursevi-njemackog\\\/kursevi-integracije-njemackog-jezika\\\/#breadcrumb\"},\"inLanguage\":\"bs-BA\",\"potentialAction\":[{\"@type\":\"ReadAction\",\"target\":[\"https:\\\/\\\/www.lernpoint.at\\\/bs\\\/kursevi-njemackog\\\/kursevi-integracije-njemackog-jezika\\\/\"]}]},{\"@type\":\"BreadcrumbList\",\"@id\":\"https:\\\/\\\/www.lernpoint.at\\\/bs\\\/kursevi-njemackog\\\/kursevi-integracije-njemackog-jezika\\\/#breadcrumb\",\"itemListElement\":[{\"@type\":\"ListItem\",\"position\":1,\"name\":\"Home\",\"item\":\"https:\\\/\\\/www.lernpoint.at\\\/bs\\\/dom\\\/\"},{\"@type\":\"ListItem\",\"position\":2,\"name\":\"kursevi njema\u010dkog\",\"item\":\"https:\\\/\\\/www.lernpoint.at\\\/bs\\\/kursevi-njemackog\\\/\"},{\"@type\":\"ListItem\",\"position\":3,\"name\":\"kursevi integracije njema\u010dkog jezika\"}]},{\"@type\":\"WebSite\",\"@id\":\"https:\\\/\\\/www.lernpoint.at\\\/de\\\/#website\",\"url\":\"https:\\\/\\\/www.lernpoint.at\\\/de\\\/\",\"name\":\"Lernpoint\",\"description\":\"Hier finden Sie Stellenangebote bei Lernpoint | Unsere Schwerpunkte liegen in der deutschen Sprachvermittlung f\u00fcr Studium &amp; Beruf. Hier mehr erfahren! 41+ courses in Vienna: German, English &amp; other language courses founded by government, WAFF, \u00d6IF, AMS, Magistrat, Arbeiterkammer\",\"publisher\":{\"@id\":\"https:\\\/\\\/www.lernpoint.at\\\/de\\\/#organization\"},\"potentialAction\":[{\"@type\":\"SearchAction\",\"target\":{\"@type\":\"EntryPoint\",\"urlTemplate\":\"https:\\\/\\\/www.lernpoint.at\\\/de\\\/?s={search_term_string}\"},\"query-input\":{\"@type\":\"PropertyValueSpecification\",\"valueRequired\":true,\"valueName\":\"search_term_string\"}}],\"inLanguage\":\"bs-BA\"},{\"@type\":\"Organization\",\"@id\":\"https:\\\/\\\/www.lernpoint.at\\\/de\\\/#organization\",\"name\":\"Lernpoint\",\"url\":\"https:\\\/\\\/www.lernpoint.at\\\/de\\\/\",\"logo\":{\"@type\":\"ImageObject\",\"inLanguage\":\"bs-BA\",\"@id\":\"https:\\\/\\\/www.lernpoint.at\\\/de\\\/#\\\/schema\\\/logo\\\/image\\\/\",\"url\":\"http:\\\/\\\/lernpoint.languagecentre.at\\\/wp-content\\\/uploads\\\/2024\\\/04\\\/logo-final.png\",\"contentUrl\":\"http:\\\/\\\/lernpoint.languagecentre.at\\\/wp-content\\\/uploads\\\/2024\\\/04\\\/logo-final.png\",\"width\":670,\"height\":434,\"caption\":\"Lernpoint\"},\"image\":{\"@id\":\"https:\\\/\\\/www.lernpoint.at\\\/de\\\/#\\\/schema\\\/logo\\\/image\\\/\"},\"sameAs\":[\"https:\\\/\\\/www.facebook.com\\\/lernpoint.wien\\\/\",\"https:\\\/\\\/www.instagram.com\\\/lernpoint\\\/\"]}]}<\/script>\n<!-- \/ Yoast SEO plugin. -->","yoast_head_json":{"title":"kursevi integracije njema\u010dkog jezika - Lernpoint Novi jezik i kulturno iskustvo","description":"Otkrijte na\u0161e te\u010dajeve integracije njema\u010dkog jezika u Lernpointu za uspje\u0161nu lingvisti\u010dku i kulturnu integraciju.","robots":{"index":"index","follow":"follow","max-snippet":"max-snippet:-1","max-image-preview":"max-image-preview:large","max-video-preview":"max-video-preview:-1"},"canonical":"https:\/\/www.lernpoint.at\/bs\/kursevi-njemackog\/kursevi-integracije-njemackog-jezika\/","og_locale":"bs_BA","og_type":"article","og_title":"kursevi integracije njema\u010dkog jezika - Lernpoint Novi jezik i kulturno iskustvo","og_description":"Otkrijte na\u0161e te\u010dajeve integracije njema\u010dkog jezika u Lernpointu za uspje\u0161nu lingvisti\u010dku i kulturnu integraciju.","og_url":"https:\/\/www.lernpoint.at\/bs\/kursevi-njemackog\/kursevi-integracije-njemackog-jezika\/","og_site_name":"Lernpoint","article_publisher":"https:\/\/www.facebook.com\/lernpoint.wien\/","twitter_card":"summary_large_image","schema":{"@context":"https:\/\/schema.org","@graph":[{"@type":"WebPage","@id":"https:\/\/www.lernpoint.at\/bs\/kursevi-njemackog\/kursevi-integracije-njemackog-jezika\/","url":"https:\/\/www.lernpoint.at\/bs\/kursevi-njemackog\/kursevi-integracije-njemackog-jezika\/","name":"kursevi integracije njema\u010dkog jezika - Lernpoint Novi jezik i kulturno iskustvo","isPartOf":{"@id":"https:\/\/www.lernpoint.at\/de\/#website"},"datePublished":"2022-07-22T20:00:50+00:00","description":"Otkrijte na\u0161e te\u010dajeve integracije njema\u010dkog jezika u Lernpointu za uspje\u0161nu lingvisti\u010dku i kulturnu integraciju.","breadcrumb":{"@id":"https:\/\/www.lernpoint.at\/bs\/kursevi-njemackog\/kursevi-integracije-njemackog-jezika\/#breadcrumb"},"inLanguage":"bs-BA","potentialAction":[{"@type":"ReadAction","target":["https:\/\/www.lernpoint.at\/bs\/kursevi-njemackog\/kursevi-integracije-njemackog-jezika\/"]}]},{"@type":"BreadcrumbList","@id":"https:\/\/www.lernpoint.at\/bs\/kursevi-njemackog\/kursevi-integracije-njemackog-jezika\/#breadcrumb","itemListElement":[{"@type":"ListItem","position":1,"name":"Home","item":"https:\/\/www.lernpoint.at\/bs\/dom\/"},{"@type":"ListItem","position":2,"name":"kursevi njema\u010dkog","item":"https:\/\/www.lernpoint.at\/bs\/kursevi-njemackog\/"},{"@type":"ListItem","position":3,"name":"kursevi integracije njema\u010dkog jezika"}]},{"@type":"WebSite","@id":"https:\/\/www.lernpoint.at\/de\/#website","url":"https:\/\/www.lernpoint.at\/de\/","name":"Lernpoint","description":"Hier finden Sie Stellenangebote bei Lernpoint | Unsere Schwerpunkte liegen in der deutschen Sprachvermittlung f\u00fcr Studium &amp; Beruf. Hier mehr erfahren! 41+ courses in Vienna: German, English &amp; other language courses founded by government, WAFF, \u00d6IF, AMS, Magistrat, Arbeiterkammer","publisher":{"@id":"https:\/\/www.lernpoint.at\/de\/#organization"},"potentialAction":[{"@type":"SearchAction","target":{"@type":"EntryPoint","urlTemplate":"https:\/\/www.lernpoint.at\/de\/?s={search_term_string}"},"query-input":{"@type":"PropertyValueSpecification","valueRequired":true,"valueName":"search_term_string"}}],"inLanguage":"bs-BA"},{"@type":"Organization","@id":"https:\/\/www.lernpoint.at\/de\/#organization","name":"Lernpoint","url":"https:\/\/www.lernpoint.at\/de\/","logo":{"@type":"ImageObject","inLanguage":"bs-BA","@id":"https:\/\/www.lernpoint.at\/de\/#\/schema\/logo\/image\/","url":"http:\/\/lernpoint.languagecentre.at\/wp-content\/uploads\/2024\/04\/logo-final.png","contentUrl":"http:\/\/lernpoint.languagecentre.at\/wp-content\/uploads\/2024\/04\/logo-final.png","width":670,"height":434,"caption":"Lernpoint"},"image":{"@id":"https:\/\/www.lernpoint.at\/de\/#\/schema\/logo\/image\/"},"sameAs":["https:\/\/www.facebook.com\/lernpoint.wien\/","https:\/\/www.instagram.com\/lernpoint\/"]}]}},"_links":{"self":[{"href":"https:\/\/www.lernpoint.at\/bs\/wp-json\/wp\/v2\/pages\/3362","targetHints":{"allow":["GET"]}}],"collection":[{"href":"https:\/\/www.lernpoint.at\/bs\/wp-json\/wp\/v2\/pages"}],"about":[{"href":"https:\/\/www.lernpoint.at\/bs\/wp-json\/wp\/v2\/types\/page"}],"author":[{"embeddable":true,"href":"https:\/\/www.lernpoint.at\/bs\/wp-json\/wp\/v2\/users\/1"}],"replies":[{"embeddable":true,"href":"https:\/\/www.lernpoint.at\/bs\/wp-json\/wp\/v2\/comments?post=3362"}],"version-history":[{"count":0,"href":"https:\/\/www.lernpoint.at\/bs\/wp-json\/wp\/v2\/pages\/3362\/revisions"}],"up":[{"embeddable":true,"href":"https:\/\/www.lernpoint.at\/bs\/wp-json\/wp\/v2\/pages\/3345"}],"wp:attachment":[{"href":"https:\/\/www.lernpoint.at\/bs\/wp-json\/wp\/v2\/media?parent=3362"}],"curies":[{"name":"wp","href":"https:\/\/api.w.org\/{rel}","templated":true}]}}