{"id":3394,"date":"2022-07-22T14:17:54","date_gmt":"2022-07-22T13:17:54","guid":{"rendered":"https:\/\/www.lernpoint.at\/oeif-ispiti\/"},"modified":"2024-10-09T21:26:50","modified_gmt":"2024-10-09T20:26:50","slug":"oeif-ispiti","status":"publish","type":"page","link":"https:\/\/www.lernpoint.at\/bs\/oeif-ispiti\/","title":{"rendered":"\u00d6IF ispiti"},"content":{"rendered":"<p>[et_pb_section fb_built=&#8221;1&#8221; custom_padding_last_edited=&#8221;on|desktop&#8221; admin_label=&#8221;Header&#8221; _builder_version=&#8221;4.16&#8221; background_image=&#8221;http:\/\/lernpoint.languagecentre.at\/wp-content\/uploads\/2022\/07\/language-school-06.png&#8221; background_size=&#8221;contain&#8221; background_position=&#8221;top_right&#8221; custom_padding=&#8221;110px||||false|false&#8221; custom_padding_tablet=&#8221;140px|0px|50px|0px|false|false&#8221; custom_padding_phone=&#8221;120px|||&#8221; global_colors_info=&#8221;{}&#8221;][et_pb_row column_structure=&#8221;1_2,1_2&#8221; _builder_version=&#8221;4.16&#8221; max_width=&#8221;1280px&#8221; use_custom_width=&#8221;on&#8221; custom_width_px=&#8221;1280px&#8221; global_colors_info=&#8221;{}&#8221;][et_pb_column type=&#8221;1_2&#8221; _builder_version=&#8221;4.16&#8221; custom_padding=&#8221;|||&#8221; global_colors_info=&#8221;{}&#8221; custom_padding__hover=&#8221;|||&#8221;][et_pb_text _builder_version=&#8221;4.16&#8221; text_font=&#8221;||||||||&#8221; text_font_size=&#8221;18px&#8221; text_line_height=&#8221;2em&#8221; header_font=&#8221;EB Garamond||||||||&#8221; header_font_size=&#8221;60px&#8221; header_line_height=&#8221;1.3em&#8221; header_4_font=&#8221;|700||on|||||&#8221; header_4_text_color=&#8221;#ffdaa4&#8221; header_4_font_size=&#8221;16px&#8221; header_4_letter_spacing=&#8221;2px&#8221; header_4_line_height=&#8221;2em&#8221; max_width=&#8221;600px&#8221; text_font_size_tablet=&#8221;&#8221; text_font_size_phone=&#8221;15px&#8221; text_font_size_last_edited=&#8221;on|desktop&#8221; text_line_height_tablet=&#8221;&#8221; text_line_height_phone=&#8221;1.6em&#8221; text_line_height_last_edited=&#8221;on|phone&#8221; header_font_size_tablet=&#8221;50px&#8221; header_font_size_phone=&#8221;32px&#8221; header_font_size_last_edited=&#8221;on|phone&#8221; global_colors_info=&#8221;{}&#8221;]<\/p>\n<h1>A1 odgovara Austriji<!--4--><\/h1>\n<p>&nbsp;<\/p>\n<p>[\/et_pb_text][et_pb_blurb title=&#8221;Tro\u0161kovi pregleda&#8221; use_icon=&#8221;on&#8221; font_icon=&#8221;&#xe0ec;||divi||400&#8221; icon_color=&#8221;#3cbebe&#8221; icon_placement=&#8221;left&#8221; content_max_width=&#8221;1100px&#8221; image_icon_width_last_edited=&#8221;off|desktop&#8221; _builder_version=&#8221;4.16&#8221; header_font=&#8221;|600|||||||&#8221; header_font_size=&#8221;18px&#8221; header_line_height=&#8221;1.6em&#8221; body_font=&#8221;||||||||&#8221; body_font_size=&#8221;15px&#8221; body_line_height=&#8221;2em&#8221; header_font_size_tablet=&#8221;&#8221; header_font_size_phone=&#8221;15px&#8221; header_font_size_last_edited=&#8221;on|phone&#8221; body_line_height_tablet=&#8221;&#8221; body_line_height_phone=&#8221;1.6em&#8221; body_line_height_last_edited=&#8221;on|phone&#8221; image_max_width_phone=&#8221;50px&#8221; image_max_width_last_edited=&#8221;off|desktop&#8221; locked=&#8221;off&#8221; global_colors_info=&#8221;{}&#8221;]<\/p>\n<div class=\"et_pb_blurb_content\">\n<div class=\"et_pb_blurb_container\">\n<div class=\"et_pb_blurb_description\">\n<div data-shortcode-id=\"2.1.0.0-1658499292581\" data-quickaccess-id=\"body\" data-quickaccess-editable=\"yes\" class=\"et-fb-popover-tinymce\">\n<div class=\"mce-content-body\" contenteditable=\"true\" style=\"position: relative;\">\n<p> <span style=\"font-size: 15px;\">Interno (za polaznike kursa Lernpoint): 99 \u20ac<br \/><\/span> <span style=\"font-size: 15px;\">Eksterni (za kandidate koji nisu polaznici na\u0161eg kursa): 129 \u20ac<\/span><\/p>\n<\/div>\n<\/div>\n<\/div>\n<\/div>\n<\/div>\n<div class=\"et-fb-mousetrap et-fb-mousetrap--module et-fb-mousetrap-move\" style=\"background: 0px center; pointer-events: auto;\"><\/div>\n<p>[\/et_pb_blurb][\/et_pb_column][et_pb_column type=&#8221;1_2&#8221; _builder_version=&#8221;4.16&#8221; custom_padding=&#8221;|||&#8221; global_colors_info=&#8221;{}&#8221; custom_padding__hover=&#8221;|||&#8221;][\/et_pb_column][\/et_pb_row][\/et_pb_section][et_pb_section fb_built=&#8221;1&#8221; _builder_version=&#8221;4.17.6&#8221; _module_preset=&#8221;default&#8221; global_colors_info=&#8221;{}&#8221;][et_pb_row _builder_version=&#8221;4.17.6&#8221; _module_preset=&#8221;default&#8221; global_colors_info=&#8221;{}&#8221;][et_pb_column type=&#8221;4_4&#8221; _builder_version=&#8221;4.17.6&#8221; _module_preset=&#8221;default&#8221; global_colors_info=&#8221;{}&#8221;][et_pb_image src=&#8221;http:\/\/lernpoint.languagecentre.at\/wp-content\/uploads\/2022\/07\/a1-ffo.png&#8221; title_text=&#8221;a1-ffo&#8221; align=&#8221;center&#8221; _builder_version=&#8221;4.17.6&#8221; _module_preset=&#8221;default&#8221; global_colors_info=&#8221;{}&#8221;][\/et_pb_image][\/et_pb_column][\/et_pb_row][\/et_pb_section][et_pb_section fb_built=&#8221;1&#8221; admin_label=&#8221;Objectives&#8221; _builder_version=&#8221;4.16&#8221; global_colors_info=&#8221;{}&#8221;][et_pb_row _builder_version=&#8221;4.16&#8221; locked=&#8221;off&#8221; global_colors_info=&#8221;{}&#8221;][et_pb_column type=&#8221;4_4&#8221; _builder_version=&#8221;4.16&#8221; custom_padding=&#8221;|||&#8221; global_colors_info=&#8221;{}&#8221; custom_padding__hover=&#8221;|||&#8221;][et_pb_text _builder_version=&#8221;4.16&#8221; text_font=&#8221;EB Garamond|700|||||||&#8221; text_text_color=&#8221;rgba(0,0,0,0.02)&#8221; text_font_size=&#8221;80px&#8221; text_line_height=&#8221;0em&#8221; header_2_font=&#8221;EB Garamond||||||||&#8221; header_2_font_size=&#8221;50px&#8221; header_2_line_height=&#8221;1.3em&#8221; text_orientation=&#8221;center&#8221; text_font_size_tablet=&#8221;50px&#8221; text_font_size_phone=&#8221;30px&#8221; text_font_size_last_edited=&#8221;on|desktop&#8221; header_2_font_size_tablet=&#8221;40px&#8221; header_2_font_size_phone=&#8221;30px&#8221; header_2_font_size_last_edited=&#8221;on|phone&#8221; global_colors_info=&#8221;{}&#8221;]<\/p>\n<p>LE\u0106E<\/p>\n<h2>Ciljevi i ishodi kursa<\/h2>\n<p>[\/et_pb_text][\/et_pb_column][\/et_pb_row][et_pb_row column_structure=&#8221;1_2,1_2&#8221; _builder_version=&#8221;4.16&#8221; locked=&#8221;off&#8221; global_colors_info=&#8221;{}&#8221;][et_pb_column type=&#8221;1_2&#8221; _builder_version=&#8221;4.16&#8221; custom_padding=&#8221;|||&#8221; global_colors_info=&#8221;{}&#8221; custom_padding__hover=&#8221;|||&#8221;][et_pb_blurb title=&#8221;A1 \u2013 Pogodno za Austriju&#8221; use_icon=&#8221;on&#8221; font_icon=&#8221;&#x5a;||divi||400&#8221; icon_color=&#8221;#3cbebe&#8221; icon_placement=&#8221;left&#8221; content_max_width=&#8221;1100px&#8221; image_icon_width_last_edited=&#8221;off|desktop&#8221; _builder_version=&#8221;4.16&#8221; header_font=&#8221;|600|||||||&#8221; header_font_size=&#8221;18px&#8221; header_line_height=&#8221;1.6em&#8221; body_font=&#8221;||||||||&#8221; body_font_size=&#8221;15px&#8221; body_line_height=&#8221;2em&#8221; header_font_size_tablet=&#8221;&#8221; header_font_size_phone=&#8221;15px&#8221; header_font_size_last_edited=&#8221;on|phone&#8221; body_line_height_tablet=&#8221;&#8221; body_line_height_phone=&#8221;1.6em&#8221; body_line_height_last_edited=&#8221;on|phone&#8221; image_max_width_phone=&#8221;50px&#8221; image_max_width_last_edited=&#8221;off|desktop&#8221; locked=&#8221;off&#8221; global_colors_info=&#8221;{}&#8221;]<\/p>\n<p>A1 \u2013 Fit for Austria je standardizirani ispit s pristupom orijentiranim na akciju i namijenjen je u\u010denicima koji \u017eele pokazati vje\u0161tine u rje\u0161avanju komunikacijskih situacija, posebno u vrlo jednostavnim situacijama sa specifi\u010dnim potrebama (npr. predstavljanje, jelo i pi\u0107e, kupovina, \u017eivi). Novi format ispita mjeri jezi\u010dne vje\u0161tine na nivou A1 Zajedni\u010dkog evropskog referentnog okvira za jezike (CEFR).   <\/p>\n<p>[\/et_pb_blurb][\/et_pb_column][et_pb_column type=&#8221;1_2&#8221; _builder_version=&#8221;4.16&#8221; custom_padding=&#8221;|||&#8221; custom_padding_tablet=&#8221;0px|||&#8221; global_colors_info=&#8221;{}&#8221; padding_tablet=&#8221;0px|||&#8221; custom_padding__hover=&#8221;|||&#8221;][et_pb_blurb title=&#8221;Sa A1 \u2013 Pogodno za Austriju&#8221; use_icon=&#8221;on&#8221; font_icon=&#8221;&#x5a;||divi||400&#8221; icon_color=&#8221;#3cbebe&#8221; icon_placement=&#8221;left&#8221; content_max_width=&#8221;1100px&#8221; image_icon_width_last_edited=&#8221;off|desktop&#8221; _builder_version=&#8221;4.16&#8221; header_font=&#8221;|600|||||||&#8221; header_font_size=&#8221;18px&#8221; header_line_height=&#8221;1.6em&#8221; body_font=&#8221;||||||||&#8221; body_font_size=&#8221;15px&#8221; body_line_height=&#8221;2em&#8221; header_font_size_tablet=&#8221;&#8221; header_font_size_phone=&#8221;15px&#8221; header_font_size_last_edited=&#8221;on|phone&#8221; body_line_height_tablet=&#8221;&#8221; body_line_height_phone=&#8221;1.6em&#8221; body_line_height_last_edited=&#8221;on|phone&#8221; image_max_width_phone=&#8221;50px&#8221; image_max_width_last_edited=&#8221;off|desktop&#8221; locked=&#8221;off&#8221; global_colors_info=&#8221;{}&#8221;]<\/p>\n<p>Sa A1 \u2013 Fit for Austria, \u00d6IF je u saradnji sa telc GmbH razvio novi format testa koji je orijentisan na potrebe ciljne grupe imigranata. Format A1 ispita je priznat kao dokaz poznavanja jezika za A1. Ispit se sastoji od pismenog dijela (80 minuta) i usmenog dijela (15 minuta po polazniku).  <\/p>\n<p>[\/et_pb_blurb][\/et_pb_column][\/et_pb_row][\/et_pb_section][et_pb_section fb_built=&#8221;1&#8221; fullwidth=&#8221;on&#8221; admin_label=&#8221;Footer&#8221; _builder_version=&#8221;4.16&#8221; global_colors_info=&#8221;{}&#8221; disabled_on=&#8221;on|on|on&#8221; disabled=&#8221;on&#8221;][et_pb_fullwidth_header title=&#8221;Rezervirajte kurs danas!&#8221; text_orientation=&#8221;center&#8221; button_one_text=&#8221;Prika\u017ei sve kurseve&#8221; button_two_text=&#8221;Kontaktirajte Admissions&#8221; content_max_width_phone=&#8221;580px&#8221; content_max_width_last_edited=&#8221;off|desktop&#8221; _builder_version=&#8221;4.16&#8221; title_font=&#8221;EB Garamond||||||||&#8221; title_font_size=&#8221;50px&#8221; title_line_height=&#8221;1.3em&#8221; content_font=&#8221;||||||||&#8221; content_font_size=&#8221;18px&#8221; content_line_height=&#8221;2em&#8221; background_color=&#8221;#ffffff&#8221; use_background_color_gradient=&#8221;on&#8221; background_color_gradient_stops=&#8221;#ffffff 0%|rgba(255,218,164,0.52) 100%&#8221; background_color_gradient_overlays_image=&#8221;on&#8221; background_color_gradient_start=&#8221;#ffffff&#8221; background_color_gradient_end=&#8221;rgba(255,218,164,0.52)&#8221; background_image=&#8221;http:\/\/lernpoint.languagecentre.at\/wp-content\/uploads\/2022\/07\/language-school-illustration-13.png&#8221; background_position=&#8221;bottom_center&#8221; custom_button_one=&#8221;on&#8221; button_one_text_size=&#8221;16px&#8221; button_one_text_color=&#8221;#ffffff&#8221; button_one_bg_color=&#8221;#ff4d54&#8221; button_one_border_width=&#8221;10px&#8221; button_one_border_color=&#8221;rgba(0,0,0,0)&#8221; button_one_border_radius=&#8221;100px&#8221; button_one_letter_spacing=&#8221;1px&#8221; button_one_font=&#8221;|700||on|||||&#8221; custom_button_two=&#8221;on&#8221; button_two_text_size=&#8221;16px&#8221; button_two_text_color=&#8221;#ffffff&#8221; button_two_bg_color=&#8221;#3cb3b3&#8221; button_two_border_width=&#8221;10px&#8221; button_two_border_color=&#8221;rgba(0,0,0,0)&#8221; button_two_border_radius=&#8221;100px&#8221; button_two_letter_spacing=&#8221;1px&#8221; button_two_font=&#8221;|700||on|||||&#8221; background_layout=&#8221;light&#8221; custom_padding=&#8221;100px||160px||false&#8221; custom_padding_tablet=&#8221;&#8221; custom_padding_phone=&#8221;20px||20px||true&#8221; custom_padding_last_edited=&#8221;on|phone&#8221; title_font_size_tablet=&#8221;40px&#8221; title_font_size_phone=&#8221;30px&#8221; title_font_size_last_edited=&#8221;on|phone&#8221; content_font_size_tablet=&#8221;&#8221; content_font_size_phone=&#8221;15px&#8221; content_font_size_last_edited=&#8221;on|phone&#8221; box_shadow_style_button_one=&#8221;preset1&#8221; box_shadow_vertical_button_one=&#8221;10px&#8221; box_shadow_blur_button_one=&#8221;30px&#8221; box_shadow_color_button_one=&#8221;rgba(255,0,8,0.24)&#8221; box_shadow_style_button_two=&#8221;preset1&#8221; box_shadow_vertical_button_two=&#8221;10px&#8221; box_shadow_blur_button_two=&#8221;30px&#8221; box_shadow_color_button_two=&#8221;rgba(60,190,190,0.24)&#8221; button_one_letter_spacing_hover=&#8221;1px&#8221; button_two_letter_spacing_hover=&#8221;1px&#8221; global_colors_info=&#8221;{}&#8221; button_one_text_size__hover_enabled=&#8221;off&#8221; button_two_text_size__hover_enabled=&#8221;off&#8221; button_one_text_color__hover_enabled=&#8221;off&#8221; button_two_text_color__hover_enabled=&#8221;off&#8221; button_one_border_width__hover_enabled=&#8221;off&#8221; button_two_border_width__hover_enabled=&#8221;off&#8221; button_one_border_color__hover_enabled=&#8221;off&#8221; button_two_border_color__hover_enabled=&#8221;off&#8221; button_one_border_radius__hover_enabled=&#8221;off&#8221; button_two_border_radius__hover_enabled=&#8221;off&#8221; button_one_letter_spacing__hover_enabled=&#8221;on&#8221; button_one_letter_spacing__hover=&#8221;1px&#8221; button_two_letter_spacing__hover_enabled=&#8221;on&#8221; button_two_letter_spacing__hover=&#8221;1px&#8221; button_one_bg_color__hover_enabled=&#8221;off&#8221; button_two_bg_color__hover_enabled=&#8221;off&#8221;]<\/p>\n<p>Vivamus magna justo, lacinia eget consectetur sed, convallis i tellus. Donec rutrum congue leo eget malesuada. Donec rutrum congue leo eget malesuada. Quisque velit nisi, pretium ut lacinia in, elementum id enim. Vivamus magna justo, lacinia eget consectetur sed.    <\/p>\n<p>[\/et_pb_fullwidth_header][\/et_pb_section]<\/p>\n","protected":false},"excerpt":{"rendered":"<p>A1 odgovara Austriji &nbsp; Interno (za polaznike kursa Lernpoint): 99 \u20ac Eksterni (za kandidate koji nisu polaznici na\u0161eg kursa): 129 \u20ac LE\u0106E Ciljevi i ishodi kursaA1 \u2013 Fit for Austria je standardizirani ispit s pristupom orijentiranim na akciju i namijenjen je u\u010denicima koji \u017eele pokazati vje\u0161tine u rje\u0161avanju komunikacijskih situacija, posebno u vrlo jednostavnim situacijama [&hellip;]<\/p>\n","protected":false},"author":1,"featured_media":0,"parent":0,"menu_order":0,"comment_status":"closed","ping_status":"closed","template":"","meta":{"_et_pb_use_builder":"on","_et_pb_old_content":"","_et_gb_content_width":"","footnotes":""},"class_list":["post-3394","page","type-page","status-publish","hentry"],"yoast_head":"<!-- This site is optimized with the Yoast SEO plugin v27.4 - https:\/\/yoast.com\/product\/yoast-seo-wordpress\/ -->\n<title>\u00d6IF ispiti - Lernpoint Pripremni kursevi za uspje\u0161an zavr\u0161etak<\/title>\n<meta name=\"description\" content=\"Saznajte vi\u0161e o na\u0161im pripremnim kursevima za \u00d6IF ispite u Lernpointu. Stru\u010dna podr\u0161ka za Va\u0161u uspje\u0161nu egzistenciju.\" \/>\n<meta name=\"robots\" content=\"index, follow, max-snippet:-1, max-image-preview:large, max-video-preview:-1\" \/>\n<link rel=\"canonical\" href=\"https:\/\/www.lernpoint.at\/bs\/oeif-ispiti\/\" \/>\n<meta property=\"og:locale\" content=\"bs_BA\" \/>\n<meta property=\"og:type\" content=\"article\" \/>\n<meta property=\"og:title\" content=\"\u00d6IF ispiti - Lernpoint Pripremni kursevi za uspje\u0161an zavr\u0161etak\" \/>\n<meta property=\"og:description\" content=\"Saznajte vi\u0161e o na\u0161im pripremnim kursevima za \u00d6IF ispite u Lernpointu. Stru\u010dna podr\u0161ka za Va\u0161u uspje\u0161nu egzistenciju.\" \/>\n<meta property=\"og:url\" content=\"https:\/\/www.lernpoint.at\/bs\/oeif-ispiti\/\" \/>\n<meta property=\"og:site_name\" content=\"Lernpoint\" \/>\n<meta property=\"article:publisher\" content=\"https:\/\/www.facebook.com\/lernpoint.wien\/\" \/>\n<meta property=\"article:modified_time\" content=\"2024-10-09T20:26:50+00:00\" \/>\n<meta name=\"twitter:card\" content=\"summary_large_image\" \/>\n<meta name=\"twitter:label1\" content=\"Est. reading time\" \/>\n\t<meta name=\"twitter:data1\" content=\"7 minuta\" \/>\n<script type=\"application\/ld+json\" class=\"yoast-schema-graph\">{\"@context\":\"https:\\\/\\\/schema.org\",\"@graph\":[{\"@type\":\"WebPage\",\"@id\":\"https:\\\/\\\/www.lernpoint.at\\\/bs\\\/oeif-ispiti\\\/\",\"url\":\"https:\\\/\\\/www.lernpoint.at\\\/bs\\\/oeif-ispiti\\\/\",\"name\":\"\u00d6IF ispiti - Lernpoint Pripremni kursevi za uspje\u0161an zavr\u0161etak\",\"isPartOf\":{\"@id\":\"https:\\\/\\\/www.lernpoint.at\\\/de\\\/#website\"},\"datePublished\":\"2022-07-22T13:17:54+00:00\",\"dateModified\":\"2024-10-09T20:26:50+00:00\",\"description\":\"Saznajte vi\u0161e o na\u0161im pripremnim kursevima za \u00d6IF ispite u Lernpointu. Stru\u010dna podr\u0161ka za Va\u0161u uspje\u0161nu egzistenciju.\",\"breadcrumb\":{\"@id\":\"https:\\\/\\\/www.lernpoint.at\\\/bs\\\/oeif-ispiti\\\/#breadcrumb\"},\"inLanguage\":\"bs-BA\",\"potentialAction\":[{\"@type\":\"ReadAction\",\"target\":[\"https:\\\/\\\/www.lernpoint.at\\\/bs\\\/oeif-ispiti\\\/\"]}]},{\"@type\":\"BreadcrumbList\",\"@id\":\"https:\\\/\\\/www.lernpoint.at\\\/bs\\\/oeif-ispiti\\\/#breadcrumb\",\"itemListElement\":[{\"@type\":\"ListItem\",\"position\":1,\"name\":\"Home\",\"item\":\"https:\\\/\\\/www.lernpoint.at\\\/bs\\\/dom\\\/\"},{\"@type\":\"ListItem\",\"position\":2,\"name\":\"\u00d6IF ispiti\"}]},{\"@type\":\"WebSite\",\"@id\":\"https:\\\/\\\/www.lernpoint.at\\\/de\\\/#website\",\"url\":\"https:\\\/\\\/www.lernpoint.at\\\/de\\\/\",\"name\":\"Lernpoint\",\"description\":\"Hier finden Sie Stellenangebote bei Lernpoint | Unsere Schwerpunkte liegen in der deutschen Sprachvermittlung f\u00fcr Studium &amp; Beruf. Hier mehr erfahren! 41+ courses in Vienna: German, English &amp; other language courses founded by government, WAFF, \u00d6IF, AMS, Magistrat, Arbeiterkammer\",\"publisher\":{\"@id\":\"https:\\\/\\\/www.lernpoint.at\\\/de\\\/#organization\"},\"potentialAction\":[{\"@type\":\"SearchAction\",\"target\":{\"@type\":\"EntryPoint\",\"urlTemplate\":\"https:\\\/\\\/www.lernpoint.at\\\/de\\\/?s={search_term_string}\"},\"query-input\":{\"@type\":\"PropertyValueSpecification\",\"valueRequired\":true,\"valueName\":\"search_term_string\"}}],\"inLanguage\":\"bs-BA\"},{\"@type\":\"Organization\",\"@id\":\"https:\\\/\\\/www.lernpoint.at\\\/de\\\/#organization\",\"name\":\"Lernpoint\",\"url\":\"https:\\\/\\\/www.lernpoint.at\\\/de\\\/\",\"logo\":{\"@type\":\"ImageObject\",\"inLanguage\":\"bs-BA\",\"@id\":\"https:\\\/\\\/www.lernpoint.at\\\/de\\\/#\\\/schema\\\/logo\\\/image\\\/\",\"url\":\"http:\\\/\\\/lernpoint.languagecentre.at\\\/wp-content\\\/uploads\\\/2024\\\/04\\\/logo-final.png\",\"contentUrl\":\"http:\\\/\\\/lernpoint.languagecentre.at\\\/wp-content\\\/uploads\\\/2024\\\/04\\\/logo-final.png\",\"width\":670,\"height\":434,\"caption\":\"Lernpoint\"},\"image\":{\"@id\":\"https:\\\/\\\/www.lernpoint.at\\\/de\\\/#\\\/schema\\\/logo\\\/image\\\/\"},\"sameAs\":[\"https:\\\/\\\/www.facebook.com\\\/lernpoint.wien\\\/\",\"https:\\\/\\\/www.instagram.com\\\/lernpoint\\\/\"]}]}<\/script>\n<!-- \/ Yoast SEO plugin. -->","yoast_head_json":{"title":"\u00d6IF ispiti - Lernpoint Pripremni kursevi za uspje\u0161an zavr\u0161etak","description":"Saznajte vi\u0161e o na\u0161im pripremnim kursevima za \u00d6IF ispite u Lernpointu. Stru\u010dna podr\u0161ka za Va\u0161u uspje\u0161nu egzistenciju.","robots":{"index":"index","follow":"follow","max-snippet":"max-snippet:-1","max-image-preview":"max-image-preview:large","max-video-preview":"max-video-preview:-1"},"canonical":"https:\/\/www.lernpoint.at\/bs\/oeif-ispiti\/","og_locale":"bs_BA","og_type":"article","og_title":"\u00d6IF ispiti - Lernpoint Pripremni kursevi za uspje\u0161an zavr\u0161etak","og_description":"Saznajte vi\u0161e o na\u0161im pripremnim kursevima za \u00d6IF ispite u Lernpointu. Stru\u010dna podr\u0161ka za Va\u0161u uspje\u0161nu egzistenciju.","og_url":"https:\/\/www.lernpoint.at\/bs\/oeif-ispiti\/","og_site_name":"Lernpoint","article_publisher":"https:\/\/www.facebook.com\/lernpoint.wien\/","article_modified_time":"2024-10-09T20:26:50+00:00","twitter_card":"summary_large_image","twitter_misc":{"Est. reading time":"7 minuta"},"schema":{"@context":"https:\/\/schema.org","@graph":[{"@type":"WebPage","@id":"https:\/\/www.lernpoint.at\/bs\/oeif-ispiti\/","url":"https:\/\/www.lernpoint.at\/bs\/oeif-ispiti\/","name":"\u00d6IF ispiti - Lernpoint Pripremni kursevi za uspje\u0161an zavr\u0161etak","isPartOf":{"@id":"https:\/\/www.lernpoint.at\/de\/#website"},"datePublished":"2022-07-22T13:17:54+00:00","dateModified":"2024-10-09T20:26:50+00:00","description":"Saznajte vi\u0161e o na\u0161im pripremnim kursevima za \u00d6IF ispite u Lernpointu. Stru\u010dna podr\u0161ka za Va\u0161u uspje\u0161nu egzistenciju.","breadcrumb":{"@id":"https:\/\/www.lernpoint.at\/bs\/oeif-ispiti\/#breadcrumb"},"inLanguage":"bs-BA","potentialAction":[{"@type":"ReadAction","target":["https:\/\/www.lernpoint.at\/bs\/oeif-ispiti\/"]}]},{"@type":"BreadcrumbList","@id":"https:\/\/www.lernpoint.at\/bs\/oeif-ispiti\/#breadcrumb","itemListElement":[{"@type":"ListItem","position":1,"name":"Home","item":"https:\/\/www.lernpoint.at\/bs\/dom\/"},{"@type":"ListItem","position":2,"name":"\u00d6IF ispiti"}]},{"@type":"WebSite","@id":"https:\/\/www.lernpoint.at\/de\/#website","url":"https:\/\/www.lernpoint.at\/de\/","name":"Lernpoint","description":"Hier finden Sie Stellenangebote bei Lernpoint | Unsere Schwerpunkte liegen in der deutschen Sprachvermittlung f\u00fcr Studium &amp; Beruf. Hier mehr erfahren! 41+ courses in Vienna: German, English &amp; other language courses founded by government, WAFF, \u00d6IF, AMS, Magistrat, Arbeiterkammer","publisher":{"@id":"https:\/\/www.lernpoint.at\/de\/#organization"},"potentialAction":[{"@type":"SearchAction","target":{"@type":"EntryPoint","urlTemplate":"https:\/\/www.lernpoint.at\/de\/?s={search_term_string}"},"query-input":{"@type":"PropertyValueSpecification","valueRequired":true,"valueName":"search_term_string"}}],"inLanguage":"bs-BA"},{"@type":"Organization","@id":"https:\/\/www.lernpoint.at\/de\/#organization","name":"Lernpoint","url":"https:\/\/www.lernpoint.at\/de\/","logo":{"@type":"ImageObject","inLanguage":"bs-BA","@id":"https:\/\/www.lernpoint.at\/de\/#\/schema\/logo\/image\/","url":"http:\/\/lernpoint.languagecentre.at\/wp-content\/uploads\/2024\/04\/logo-final.png","contentUrl":"http:\/\/lernpoint.languagecentre.at\/wp-content\/uploads\/2024\/04\/logo-final.png","width":670,"height":434,"caption":"Lernpoint"},"image":{"@id":"https:\/\/www.lernpoint.at\/de\/#\/schema\/logo\/image\/"},"sameAs":["https:\/\/www.facebook.com\/lernpoint.wien\/","https:\/\/www.instagram.com\/lernpoint\/"]}]}},"_links":{"self":[{"href":"https:\/\/www.lernpoint.at\/bs\/wp-json\/wp\/v2\/pages\/3394","targetHints":{"allow":["GET"]}}],"collection":[{"href":"https:\/\/www.lernpoint.at\/bs\/wp-json\/wp\/v2\/pages"}],"about":[{"href":"https:\/\/www.lernpoint.at\/bs\/wp-json\/wp\/v2\/types\/page"}],"author":[{"embeddable":true,"href":"https:\/\/www.lernpoint.at\/bs\/wp-json\/wp\/v2\/users\/1"}],"replies":[{"embeddable":true,"href":"https:\/\/www.lernpoint.at\/bs\/wp-json\/wp\/v2\/comments?post=3394"}],"version-history":[{"count":1,"href":"https:\/\/www.lernpoint.at\/bs\/wp-json\/wp\/v2\/pages\/3394\/revisions"}],"predecessor-version":[{"id":3417,"href":"https:\/\/www.lernpoint.at\/bs\/wp-json\/wp\/v2\/pages\/3394\/revisions\/3417"}],"wp:attachment":[{"href":"https:\/\/www.lernpoint.at\/bs\/wp-json\/wp\/v2\/media?parent=3394"}],"curies":[{"name":"wp","href":"https:\/\/api.w.org\/{rel}","templated":true}]}}