{"id":2894,"date":"2022-07-22T20:36:27","date_gmt":"2022-07-22T19:36:27","guid":{"rendered":"https:\/\/www.lernpoint.at\/almanca-kurslari\/almanca-kurs-seviyesi-a2\/"},"modified":"2025-02-05T12:03:02","modified_gmt":"2025-02-05T11:03:02","slug":"almanca-kurs-seviyesi-a2","status":"publish","type":"page","link":"https:\/\/www.lernpoint.at\/tr\/almanca-kurslari\/almanca-kurs-seviyesi-a2\/","title":{"rendered":"Almanca kurs seviyesi A2"},"content":{"rendered":"\n[et_pb_section fb_built=&#8221;1&#8243; admin_label=&#8221;Featured Courses&#8221; _builder_version=&#8221;4.16&#8243; custom_padding=&#8221;54px|0px|80px|0px|false|false&#8221; global_colors_info=&#8221;{}&#8221;][et_pb_row _builder_version=&#8221;4.16&#8243; global_colors_info=&#8221;{}&#8221;][et_pb_column type=&#8221;4_4&#8243; _builder_version=&#8221;4.16&#8243; custom_padding=&#8221;|||&#8221; global_colors_info=&#8221;{}&#8221; custom_padding__hover=&#8221;|||&#8221;][et_pb_text _builder_version=&#8221;4.25.1&#8243; text_font=&#8221;EB Garamond|700|||||||&#8221; text_text_color=&#8221;#E02B20&#8243; text_font_size=&#8221;80px&#8221; text_line_height=&#8221;0em&#8221; header_2_font=&#8221;EB Garamond||||||||&#8221; header_2_font_size=&#8221;50px&#8221; header_2_line_height=&#8221;1.3em&#8221; text_orientation=&#8221;center&#8221; custom_padding=&#8221;0px|||||&#8221; text_font_size_tablet=&#8221;50px&#8221; text_font_size_phone=&#8221;30px&#8221; text_font_size_last_edited=&#8221;on|desktop&#8221; header_2_font_size_tablet=&#8221;40px&#8221; header_2_font_size_phone=&#8221;30px&#8221; header_2_font_size_last_edited=&#8221;on|phone&#8221; inline_fonts=&#8221;ABeeZee&#8221; global_colors_info=&#8221;{}&#8221;]<h2><span style=\"font-family: inherit; font-weight: normal;\">Almanca kurs seviyesi A2<\/span><\/h2>\n<h3><span style=\"font-family: inherit; font-weight: normal; font-size: xx-large;\">  Yolculuk devam ediyor!<\/span><\/h3>[\/et_pb_text][\/et_pb_column][\/et_pb_row][et_pb_row column_structure=&#8221;1_2,1_2&#8243; _builder_version=&#8221;4.27.0&#8243; _module_preset=&#8221;default&#8221; transform_scale_tablet=&#8221;70%|70%&#8221; transform_scale_phone=&#8221;50%|50%&#8221; transform_scale_last_edited=&#8221;on|phone&#8221; transform_translate_tablet=&#8221;&#8221; transform_translate_phone=&#8221;&#8221; transform_translate_last_edited=&#8221;on|tablet&#8221; transform_rotate_tablet=&#8221;&#8221; transform_rotate_phone=&#8221;&#8221; transform_rotate_last_edited=&#8221;on|tablet&#8221; transform_skew_tablet=&#8221;&#8221; transform_skew_phone=&#8221;&#8221; transform_skew_last_edited=&#8221;on|tablet&#8221; transform_origin_tablet=&#8221;&#8221; transform_origin_phone=&#8221;&#8221; transform_origin_last_edited=&#8221;on|tablet&#8221; transform_styles_last_edited=&#8221;on|phone&#8221; width_tablet=&#8221;&#8221; width_phone=&#8221;100%&#8221; width_last_edited=&#8221;on|phone&#8221; max_width_tablet=&#8221;&#8221; max_width_phone=&#8221;2560%&#8221; max_width_last_edited=&#8221;on|tablet&#8221; module_alignment=&#8221;center&#8221; custom_margin_tablet=&#8221;&#8221; custom_margin_phone=&#8221;||||false|false&#8221; custom_margin_last_edited=&#8221;on|phone&#8221; custom_padding=&#8221;0px|0px|0px|0px|false|false&#8221; transform_styles_tablet=&#8221;&#8221; transform_styles_phone=&#8221;&#8221; module_alignment_tablet=&#8221;center&#8221; module_alignment_phone=&#8221;center&#8221; module_alignment_last_edited=&#8221;on|phone&#8221; global_module=&#8221;2192&#8243; saved_tabs=&#8221;all&#8221; global_colors_info=&#8221;{}&#8221;][et_pb_column type=&#8221;1_2&#8243; _builder_version=&#8221;4.25.2&#8243; _module_preset=&#8221;default&#8221; global_colors_info=&#8221;{}&#8221;][et_pb_button button_url=&#8221;@ET-DC@eyJkeW5hbWljIjp0cnVlLCJjb250ZW50IjoicG9zdF9saW5rX3VybF9wYWdlIiwic2V0dGluZ3MiOnsicG9zdF9pZCI6IjYzMyIsImVuYWJsZV9odG1sIjoib2ZmIn19@&#8221; button_text=&#8221;Kurs tarihleri&#8221; button_alignment=&#8221;center&#8221; button_alignment_tablet=&#8221;center&#8221; button_alignment_phone=&#8221;center&#8221; button_alignment_last_edited=&#8221;on|phone&#8221; _builder_version=&#8221;4.27.0&#8243; _dynamic_attributes=&#8221;button_url&#8221; _module_preset=&#8221;default&#8221; custom_button=&#8221;on&#8221; button_text_size=&#8221;35px&#8221; button_text_color=&#8221;#FFFFFF&#8221; button_bg_color=&#8221;#f16236&#8243; button_border_width=&#8221;0px&#8221; button_border_radius=&#8221;30px&#8221; button_font=&#8221;||||||||&#8221; custom_margin=&#8221;|15%||15%|false|true&#8221; custom_margin_tablet=&#8221;|||5%|false|false&#8221; custom_margin_phone=&#8221;||||false|false&#8221; custom_margin_last_edited=&#8221;on|phone&#8221; button_text_size_tablet=&#8221;50px&#8221; button_text_size_phone=&#8221;50px&#8221; button_text_size_last_edited=&#8221;on|phone&#8221; box_shadow_style=&#8221;preset2&#8243; global_colors_info=&#8221;{}&#8221;][\/et_pb_button][\/et_pb_column][et_pb_column type=&#8221;1_2&#8243; _builder_version=&#8221;4.25.2&#8243; _module_preset=&#8221;default&#8221; global_colors_info=&#8221;{}&#8221;][et_pb_button button_url=&#8221;@ET-DC@eyJkeW5hbWljIjp0cnVlLCJjb250ZW50IjoicG9zdF9saW5rX3VybF9wYWdlIiwic2V0dGluZ3MiOnsicG9zdF9pZCI6IjE5MTYiLCJlbmFibGVfaHRtbCI6Im9mZiJ9fQ==@&#8221; button_text=&#8221;S\u0131nav tarihleri&#8221; button_alignment=&#8221;center&#8221; button_alignment_tablet=&#8221;center&#8221; button_alignment_phone=&#8221;center&#8221; button_alignment_last_edited=&#8221;on|phone&#8221; _builder_version=&#8221;4.27.0&#8243; _dynamic_attributes=&#8221;button_url&#8221; _module_preset=&#8221;default&#8221; custom_button=&#8221;on&#8221; button_text_size=&#8221;35px&#8221; button_text_color=&#8221;#FFFFFF&#8221; button_bg_color=&#8221;#0e76bc&#8221; button_border_width=&#8221;0px&#8221; button_border_radius=&#8221;30px&#8221; button_font=&#8221;||||||||&#8221; custom_margin=&#8221;|15%|||false|false&#8221; custom_margin_tablet=&#8221;|||5%|false|false&#8221; custom_margin_phone=&#8221;|||-10%|false|false&#8221; custom_margin_last_edited=&#8221;on|tablet&#8221; button_text_size_tablet=&#8221;50px&#8221; button_text_size_phone=&#8221;50px&#8221; button_text_size_last_edited=&#8221;on|phone&#8221; box_shadow_style=&#8221;preset2&#8243; global_colors_info=&#8221;{}&#8221;][\/et_pb_button][\/et_pb_column][\/et_pb_row][\/et_pb_section][et_pb_section fb_built=&#8221;1&#8243; _builder_version=&#8221;4.27.0&#8243; _module_preset=&#8221;default&#8221; global_colors_info=&#8221;{}&#8221;][et_pb_row column_structure=&#8221;1_2,1_2&#8243; _builder_version=&#8221;4.27.0&#8243; _module_preset=&#8221;default&#8221; global_colors_info=&#8221;{}&#8221;][et_pb_column type=&#8221;1_2&#8243; _builder_version=&#8221;4.27.0&#8243; _module_preset=&#8221;default&#8221; global_colors_info=&#8221;{}&#8221;][et_pb_text _builder_version=&#8221;4.27.0&#8243; _module_preset=&#8221;default&#8221; global_colors_info=&#8221;{}&#8221;]<p>A2 seviyesindeki Almanca kursumuz, Almanca dilindeki temel bilgilerini geli\u015ftirmek isteyen \u00f6\u011frenciler i\u00e7in idealdir. Bu kursta dinleme, konu\u015fma, okuma ve yazma becerilerinizi geli\u015ftirecek ve basit, g\u00fcnl\u00fck durumlarda kendinize g\u00fcvenerek ileti\u015fim kurmay\u0131 \u00f6\u011freneceksiniz. Etkile\u015fimli al\u0131\u015ft\u0131rmalar ve pratik \u00f6rnekler sayesinde kelime da\u011farc\u0131\u011f\u0131n\u0131z\u0131 geni\u015fletecek ve dilbilgisi bilginizi derinle\u015ftireceksiniz. Deneyimli \u00f6\u011fretmenler daha g\u00fcvenli ve ak\u0131c\u0131 ileti\u015fim kurman\u0131za yard\u0131mc\u0131 olacak. Bug\u00fcn ba\u015flay\u0131n ve A2 seviye Almanca kursumuzla dil yolculu\u011funuzda bir sonraki ad\u0131m\u0131 at\u0131n!    <strong><\/strong><\/p>\n<p><strong>Hedef grup:<\/strong> A1 s\u0131nav\u0131n\u0131 ba\u015far\u0131yla tamamlam\u0131\u015f veya seviye tespit s\u0131nav\u0131n\u0131 ge\u00e7mi\u015f ki\u015filer.<\/p>\n<p><strong>Kurs saatleri:<\/strong> Esnek &#8211; sabah, \u00f6\u011fle, \u00f6\u011fleden sonra veya ak\u015fam, pazartesiden per\u015fembeye veya hafta sonu dersler.<\/p>\n<p><strong>Kurs s\u00fcresi:<\/strong><\/p>\n<ul>\n<li>Alt seviye ba\u015f\u0131na 5 hafta (60 veya 80 \u00f6\u011fretim birimi)<\/li>\n<li>Seviye ba\u015f\u0131na 10 hafta (120 veya 160 \u00f6\u011fretim birimi)<\/li>\n<\/ul>\n<p><strong>Kurs hedefleri:<\/strong> Temel dil kullan\u0131m\u0131 2 &#8211; G\u00fcnl\u00fck durumlarda ustala\u015fmak ve tan\u0131d\u0131k ki\u015filer ve konular hakk\u0131nda g\u00f6r\u00fc\u015f yazmak ve ifade etmek.<\/p>\n<p>&nbsp;<\/p>[\/et_pb_text][\/et_pb_column][et_pb_column type=&#8221;1_2&#8243; _builder_version=&#8221;4.27.0&#8243; _module_preset=&#8221;default&#8221; global_colors_info=&#8221;{}&#8221;][et_pb_image src=&#8221;http:\/\/lernpoint.languagecentre.at\/wp-content\/uploads\/2024\/07\/crop-shot-people-studying-scaled.jpg&#8221; title_text=&#8221;k\u0131rpma-\u00e7ekim-insanlar-\u00e7al\u0131\u015f\u0131yor&#8221; _builder_version=&#8221;4.27.0&#8243; _module_preset=&#8221;default&#8221; global_colors_info=&#8221;{}&#8221;][\/et_pb_image][\/et_pb_column][\/et_pb_row][et_pb_row column_structure=&#8221;1_2,1_2&#8243; _builder_version=&#8221;4.27.0&#8243; _module_preset=&#8221;default&#8221; global_colors_info=&#8221;{}&#8221;][et_pb_column type=&#8221;1_2&#8243; _builder_version=&#8221;4.27.0&#8243; _module_preset=&#8221;default&#8221; global_colors_info=&#8221;{}&#8221;][et_pb_text _builder_version=&#8221;4.27.0&#8243; _module_preset=&#8221;default&#8221; global_colors_info=&#8221;{}&#8221;]<p><strong>\u0130\u00e7indekiler:<\/strong><\/p>\n<ul>\n<li>G\u00f6r\u00fcn\u00fcm ve Ki\u015filik<\/li>\n<li>Okul, e\u011fitim ve kariyer<\/li>\n<li>E\u011flence ve Televizyon<\/li>\n<li>Sanayi ve \u0130\u015fg\u00fcc\u00fc<\/li>\n<li>Ekonomi<\/li>\n<li>Aile ve ki\u015fisel ili\u015fkiler<\/li>\n<li>Do\u011fa ve \u00c7evre<\/li>\n<li>Yurtd\u0131\u015f\u0131ndaki Avusturyal\u0131lar ve Avusturya&#8217;daki yabanc\u0131lar<\/li>\n<li>Haberler &amp; Politika<\/li>\n<li>Ya\u015fl\u0131 insanlar<\/li>\n<li>Kitap okumak<\/li>\n<\/ul>\n<p>&nbsp;<\/p>[\/et_pb_text][\/et_pb_column][et_pb_column type=&#8221;1_2&#8243; _builder_version=&#8221;4.27.0&#8243; _module_preset=&#8221;default&#8221; global_colors_info=&#8221;{}&#8221;][et_pb_text _builder_version=&#8221;4.27.0&#8243; _module_preset=&#8221;default&#8221; global_colors_info=&#8221;{}&#8221;]<p><strong>Dilbilgisi:<\/strong><\/p>\n<ul>\n<li>Genitif durumdaki isimler<\/li>\n<li>Makale kelimeleri<\/li>\n<li>S\u0131fat \u00e7ekimi<\/li>\n<li>Kar\u015f\u0131la\u015ft\u0131rmalar ve s\u0131ra say\u0131lar\u0131<\/li>\n<li>Edatlar\u0131n durumlar\u0131<\/li>\n<li>Zamirler (farkl\u0131 t\u00fcrler)<\/li>\n<li>Fiil formlar\u0131 (d\u00f6n\u00fc\u015fl\u00fc fiiller, ge\u00e7mi\u015f zaman, modal fiiller, subjunctive II)<\/li>\n<li>Karma\u015f\u0131k c\u00fcmleler (yan t\u00fcmceler, ilgi t\u00fcmceleri, dolayl\u0131 sorular, mastar t\u00fcmceleri)<\/li>\n<\/ul>\n<p>Almanca dil becerilerinizi geli\u015ftirin ve g\u00fcnl\u00fck durumlarda kolayl\u0131kla ustala\u015f\u0131n!<\/p>[\/et_pb_text][\/et_pb_column][\/et_pb_row][\/et_pb_section][et_pb_section fb_built=&#8221;1&#8243; fullwidth=&#8221;on&#8221; admin_label=&#8221;Footer&#8221; _builder_version=&#8221;4.27.0&#8243; global_module=&#8221;2188&#8243; saved_tabs=&#8221;all&#8221; locked=&#8221;off&#8221; global_colors_info=&#8221;{}&#8221;][et_pb_fullwidth_header title=&#8221;Bug\u00fcn bir kurs rezervasyonu yap\u0131n!&#8221; text_orientation=&#8221;center&#8221; button_one_text=&#8221;Kurs tarihleri&#8221; button_one_url=&#8221;@ET-DC@eyJkeW5hbWljIjp0cnVlLCJjb250ZW50IjoicG9zdF9saW5rX3VybF9wYWdlIiwic2V0dGluZ3MiOnsicG9zdF9pZCI6IjYzMyIsImVuYWJsZV9odG1sIjoib2ZmIn19@&#8221; button_two_text=&#8221;S\u0131nav tarihleri&#8221; button_two_url=&#8221;@ET-DC@eyJkeW5hbWljIjp0cnVlLCJjb250ZW50IjoicG9zdF9saW5rX3VybF9wYWdlIiwic2V0dGluZ3MiOnsicG9zdF9pZCI6IjE5MTYiLCJlbmFibGVfaHRtbCI6Im9mZiJ9fQ==@&#8221; content_max_width_phone=&#8221;580px&#8221; content_max_width_last_edited=&#8221;off|desktop&#8221; _builder_version=&#8221;4.27.0&#8243; _dynamic_attributes=&#8221;button_one_url,button_two_url&#8221; title_font=&#8221;EB Garamond||||||||&#8221; title_font_size=&#8221;50px&#8221; title_line_height=&#8221;1.3em&#8221; content_font=&#8221;||||||||&#8221; content_text_color=&#8221;#000000&#8243; content_font_size=&#8221;18px&#8221; content_line_height=&#8221;2em&#8221; background_enable_color=&#8221;off&#8221; background_image=&#8221;https:\/\/www.lernpoint.at\/wp-content\/uploads\/2024\/06\/cropped-logo_p_hq-1.png&#8221; background_size=&#8221;custom&#8221; background_image_width=&#8221;19%&#8221; background_position=&#8221;top_right&#8221; background_horizontal_offset=&#8221;4%&#8221; background_vertical_offset=&#8221;55%&#8221; custom_button_one=&#8221;on&#8221; button_one_text_size=&#8221;16px&#8221; button_one_text_color=&#8221;#ffffff&#8221; button_one_bg_color=&#8221;#f16236&#8243; button_one_border_width=&#8221;10px&#8221; button_one_border_color=&#8221;rgba(0,0,0,0)&#8221; button_one_border_radius=&#8221;100px&#8221; button_one_letter_spacing=&#8221;1px&#8221; button_one_font=&#8221;|700||on|||||&#8221; custom_button_two=&#8221;on&#8221; button_two_text_size=&#8221;16px&#8221; button_two_text_color=&#8221;#ffffff&#8221; button_two_bg_color=&#8221;#0e76bc&#8221; button_two_border_width=&#8221;10px&#8221; button_two_border_color=&#8221;rgba(0,0,0,0)&#8221; button_two_border_radius=&#8221;100px&#8221; button_two_letter_spacing=&#8221;1px&#8221; button_two_font=&#8221;|700||on|||||&#8221; background_layout=&#8221;light&#8221; custom_padding=&#8221;||||true|false&#8221; custom_padding_tablet=&#8221;&#8221; custom_padding_phone=&#8221;20px||20px||true&#8221; custom_padding_last_edited=&#8221;on|phone&#8221; title_font_size_tablet=&#8221;40px&#8221; title_font_size_phone=&#8221;30px&#8221; title_font_size_last_edited=&#8221;on|phone&#8221; content_font_size_tablet=&#8221;&#8221; content_font_size_phone=&#8221;15px&#8221; content_font_size_last_edited=&#8221;on|phone&#8221; background_last_edited=&#8221;on|tablet&#8221; background_enable_image_tablet=&#8221;off&#8221; background_enable_image_phone=&#8221;off&#8221; parallax_phone=&#8221;off&#8221; background_size_tablet=&#8221;custom&#8221; background_size_phone=&#8221;custom&#8221; background_horizontal_offset_tablet=&#8221;-71%&#8221; box_shadow_style_button_one=&#8221;preset1&#8243; box_shadow_vertical_button_one=&#8221;10px&#8221; box_shadow_blur_button_one=&#8221;30px&#8221; box_shadow_color_button_one=&#8221;rgba(255,0,8,0.24)&#8221; box_shadow_style_button_two=&#8221;preset1&#8243; box_shadow_vertical_button_two=&#8221;10px&#8221; box_shadow_blur_button_two=&#8221;30px&#8221; box_shadow_color_button_two=&#8221;rgba(60,190,190,0.24)&#8221; button_one_letter_spacing_hover=&#8221;1px&#8221; button_two_letter_spacing_hover=&#8221;1px&#8221; global_colors_info=&#8221;{}&#8221; button_one_text_size__hover_enabled=&#8221;off&#8221; button_two_text_size__hover_enabled=&#8221;off&#8221; button_one_text_color__hover_enabled=&#8221;off&#8221; button_two_text_color__hover_enabled=&#8221;off&#8221; button_one_border_width__hover_enabled=&#8221;off&#8221; button_two_border_width__hover_enabled=&#8221;off&#8221; button_one_border_color__hover_enabled=&#8221;off&#8221; button_two_border_color__hover_enabled=&#8221;off&#8221; button_one_border_radius__hover_enabled=&#8221;off&#8221; button_two_border_radius__hover_enabled=&#8221;off&#8221; button_one_letter_spacing__hover_enabled=&#8221;on&#8221; button_one_letter_spacing__hover=&#8221;1px&#8221; button_two_letter_spacing__hover_enabled=&#8221;on&#8221; button_two_letter_spacing__hover=&#8221;1px&#8221; button_one_bg_color__hover_enabled=&#8221;off&#8221; button_two_bg_color__hover_enabled=&#8221;off&#8221; background__hover_enabled=&#8221;off|desktop&#8221;]<p><br>+43 1 607 48 56 admin@lernpoint.at<\/p>[\/et_pb_fullwidth_header][\/et_pb_section]\n","protected":false},"excerpt":{"rendered":"<p>Almanca kurs seviyesi A2 Yolculuk devam ediyor!A2 seviyesindeki Almanca kursumuz, Almanca dilindeki temel bilgilerini geli\u015ftirmek isteyen \u00f6\u011frenciler i\u00e7in idealdir. Bu kursta dinleme, konu\u015fma, okuma ve yazma becerilerinizi geli\u015ftirecek ve basit, g\u00fcnl\u00fck durumlarda kendinize g\u00fcvenerek ileti\u015fim kurmay\u0131 \u00f6\u011freneceksiniz. Etkile\u015fimli al\u0131\u015ft\u0131rmalar ve pratik \u00f6rnekler sayesinde kelime da\u011farc\u0131\u011f\u0131n\u0131z\u0131 geni\u015fletecek ve dilbilgisi bilginizi derinle\u015ftireceksiniz. Deneyimli \u00f6\u011fretmenler daha g\u00fcvenli ve [&hellip;]<\/p>\n","protected":false},"author":1,"featured_media":0,"parent":2875,"menu_order":0,"comment_status":"closed","ping_status":"closed","template":"","meta":{"_et_pb_use_builder":"on","_et_pb_old_content":"","_et_gb_content_width":"","footnotes":""},"class_list":["post-2894","page","type-page","status-publish","hentry"],"yoast_head":"<!-- This site is optimized with the Yoast SEO plugin v27.5 - https:\/\/yoast.com\/product\/yoast-seo-wordpress\/ -->\n<title>Almanca kurs seviyesi A2 - Lernpoint Etkili ileti\u015fimin sa\u011flanmas\u0131<\/title>\n<meta name=\"description\" content=\"Lernpoint&#039;teki Almanca kursu A2 seviyesini ke\u015ffedin. Ki\u015fisel geli\u015fim ve ba\u015far\u0131 i\u00e7in ileti\u015fiminizi geli\u015ftirin.\" \/>\n<meta name=\"robots\" content=\"index, follow, max-snippet:-1, max-image-preview:large, max-video-preview:-1\" \/>\n<link rel=\"canonical\" href=\"https:\/\/www.lernpoint.at\/tr\/almanca-kurslari\/almanca-kurs-seviyesi-a2\/\" \/>\n<meta property=\"og:locale\" content=\"tr_TR\" \/>\n<meta property=\"og:type\" content=\"article\" \/>\n<meta property=\"og:title\" content=\"Almanca kurs seviyesi A2 - Lernpoint Etkili ileti\u015fimin sa\u011flanmas\u0131\" \/>\n<meta property=\"og:description\" content=\"Lernpoint&#039;teki Almanca kursu A2 seviyesini ke\u015ffedin. Ki\u015fisel geli\u015fim ve ba\u015far\u0131 i\u00e7in ileti\u015fiminizi geli\u015ftirin.\" \/>\n<meta property=\"og:url\" content=\"https:\/\/www.lernpoint.at\/tr\/almanca-kurslari\/almanca-kurs-seviyesi-a2\/\" \/>\n<meta property=\"og:site_name\" content=\"Lernpoint\" \/>\n<meta property=\"article:publisher\" content=\"https:\/\/www.facebook.com\/lernpoint.wien\/\" \/>\n<meta property=\"article:modified_time\" content=\"2025-02-05T11:03:02+00:00\" \/>\n<meta name=\"twitter:card\" content=\"summary_large_image\" \/>\n<meta name=\"twitter:label1\" content=\"Tahmini okuma s\u00fcresi\" \/>\n\t<meta name=\"twitter:data1\" content=\"8 dakika\" \/>\n<script type=\"application\/ld+json\" class=\"yoast-schema-graph\">{\"@context\":\"https:\\\/\\\/schema.org\",\"@graph\":[{\"@type\":\"WebPage\",\"@id\":\"https:\\\/\\\/www.lernpoint.at\\\/tr\\\/almanca-kurslari\\\/almanca-kurs-seviyesi-a2\\\/\",\"url\":\"https:\\\/\\\/www.lernpoint.at\\\/tr\\\/almanca-kurslari\\\/almanca-kurs-seviyesi-a2\\\/\",\"name\":\"Almanca kurs seviyesi A2 - Lernpoint Etkili ileti\u015fimin sa\u011flanmas\u0131\",\"isPartOf\":{\"@id\":\"https:\\\/\\\/www.lernpoint.at\\\/de\\\/#website\"},\"datePublished\":\"2022-07-22T19:36:27+00:00\",\"dateModified\":\"2025-02-05T11:03:02+00:00\",\"description\":\"Lernpoint'teki Almanca kursu A2 seviyesini ke\u015ffedin. Ki\u015fisel geli\u015fim ve ba\u015far\u0131 i\u00e7in ileti\u015fiminizi geli\u015ftirin.\",\"breadcrumb\":{\"@id\":\"https:\\\/\\\/www.lernpoint.at\\\/tr\\\/almanca-kurslari\\\/almanca-kurs-seviyesi-a2\\\/#breadcrumb\"},\"inLanguage\":\"tr\",\"potentialAction\":[{\"@type\":\"ReadAction\",\"target\":[\"https:\\\/\\\/www.lernpoint.at\\\/tr\\\/almanca-kurslari\\\/almanca-kurs-seviyesi-a2\\\/\"]}]},{\"@type\":\"BreadcrumbList\",\"@id\":\"https:\\\/\\\/www.lernpoint.at\\\/tr\\\/almanca-kurslari\\\/almanca-kurs-seviyesi-a2\\\/#breadcrumb\",\"itemListElement\":[{\"@type\":\"ListItem\",\"position\":1,\"name\":\"Home\",\"item\":\"https:\\\/\\\/www.lernpoint.at\\\/tr\\\/\"},{\"@type\":\"ListItem\",\"position\":2,\"name\":\"Almanca kurslar\u0131\",\"item\":\"https:\\\/\\\/www.lernpoint.at\\\/tr\\\/almanca-kurslari\\\/\"},{\"@type\":\"ListItem\",\"position\":3,\"name\":\"Almanca kurs seviyesi A2\"}]},{\"@type\":\"WebSite\",\"@id\":\"https:\\\/\\\/www.lernpoint.at\\\/de\\\/#website\",\"url\":\"https:\\\/\\\/www.lernpoint.at\\\/de\\\/\",\"name\":\"Lernpoint\",\"description\":\"Hier finden Sie Stellenangebote bei Lernpoint | Unsere Schwerpunkte liegen in der deutschen Sprachvermittlung f\u00fcr Studium &amp; Beruf. Hier mehr erfahren! 41+ courses in Vienna: German, English &amp; other language courses founded by government, WAFF, \u00d6IF, AMS, Magistrat, Arbeiterkammer\",\"publisher\":{\"@id\":\"https:\\\/\\\/www.lernpoint.at\\\/de\\\/#organization\"},\"potentialAction\":[{\"@type\":\"SearchAction\",\"target\":{\"@type\":\"EntryPoint\",\"urlTemplate\":\"https:\\\/\\\/www.lernpoint.at\\\/de\\\/?s={search_term_string}\"},\"query-input\":{\"@type\":\"PropertyValueSpecification\",\"valueRequired\":true,\"valueName\":\"search_term_string\"}}],\"inLanguage\":\"tr\"},{\"@type\":\"Organization\",\"@id\":\"https:\\\/\\\/www.lernpoint.at\\\/de\\\/#organization\",\"name\":\"Lernpoint\",\"url\":\"https:\\\/\\\/www.lernpoint.at\\\/de\\\/\",\"logo\":{\"@type\":\"ImageObject\",\"inLanguage\":\"tr\",\"@id\":\"https:\\\/\\\/www.lernpoint.at\\\/de\\\/#\\\/schema\\\/logo\\\/image\\\/\",\"url\":\"http:\\\/\\\/lernpoint.languagecentre.at\\\/wp-content\\\/uploads\\\/2024\\\/04\\\/logo-final.png\",\"contentUrl\":\"http:\\\/\\\/lernpoint.languagecentre.at\\\/wp-content\\\/uploads\\\/2024\\\/04\\\/logo-final.png\",\"width\":670,\"height\":434,\"caption\":\"Lernpoint\"},\"image\":{\"@id\":\"https:\\\/\\\/www.lernpoint.at\\\/de\\\/#\\\/schema\\\/logo\\\/image\\\/\"},\"sameAs\":[\"https:\\\/\\\/www.facebook.com\\\/lernpoint.wien\\\/\",\"https:\\\/\\\/www.instagram.com\\\/lernpoint\\\/\"]}]}<\/script>\n<!-- \/ Yoast SEO plugin. -->","yoast_head_json":{"title":"Almanca kurs seviyesi A2 - Lernpoint Etkili ileti\u015fimin sa\u011flanmas\u0131","description":"Lernpoint'teki Almanca kursu A2 seviyesini ke\u015ffedin. Ki\u015fisel geli\u015fim ve ba\u015far\u0131 i\u00e7in ileti\u015fiminizi geli\u015ftirin.","robots":{"index":"index","follow":"follow","max-snippet":"max-snippet:-1","max-image-preview":"max-image-preview:large","max-video-preview":"max-video-preview:-1"},"canonical":"https:\/\/www.lernpoint.at\/tr\/almanca-kurslari\/almanca-kurs-seviyesi-a2\/","og_locale":"tr_TR","og_type":"article","og_title":"Almanca kurs seviyesi A2 - Lernpoint Etkili ileti\u015fimin sa\u011flanmas\u0131","og_description":"Lernpoint'teki Almanca kursu A2 seviyesini ke\u015ffedin. Ki\u015fisel geli\u015fim ve ba\u015far\u0131 i\u00e7in ileti\u015fiminizi geli\u015ftirin.","og_url":"https:\/\/www.lernpoint.at\/tr\/almanca-kurslari\/almanca-kurs-seviyesi-a2\/","og_site_name":"Lernpoint","article_publisher":"https:\/\/www.facebook.com\/lernpoint.wien\/","article_modified_time":"2025-02-05T11:03:02+00:00","twitter_card":"summary_large_image","twitter_misc":{"Tahmini okuma s\u00fcresi":"8 dakika"},"schema":{"@context":"https:\/\/schema.org","@graph":[{"@type":"WebPage","@id":"https:\/\/www.lernpoint.at\/tr\/almanca-kurslari\/almanca-kurs-seviyesi-a2\/","url":"https:\/\/www.lernpoint.at\/tr\/almanca-kurslari\/almanca-kurs-seviyesi-a2\/","name":"Almanca kurs seviyesi A2 - Lernpoint Etkili ileti\u015fimin sa\u011flanmas\u0131","isPartOf":{"@id":"https:\/\/www.lernpoint.at\/de\/#website"},"datePublished":"2022-07-22T19:36:27+00:00","dateModified":"2025-02-05T11:03:02+00:00","description":"Lernpoint'teki Almanca kursu A2 seviyesini ke\u015ffedin. Ki\u015fisel geli\u015fim ve ba\u015far\u0131 i\u00e7in ileti\u015fiminizi geli\u015ftirin.","breadcrumb":{"@id":"https:\/\/www.lernpoint.at\/tr\/almanca-kurslari\/almanca-kurs-seviyesi-a2\/#breadcrumb"},"inLanguage":"tr","potentialAction":[{"@type":"ReadAction","target":["https:\/\/www.lernpoint.at\/tr\/almanca-kurslari\/almanca-kurs-seviyesi-a2\/"]}]},{"@type":"BreadcrumbList","@id":"https:\/\/www.lernpoint.at\/tr\/almanca-kurslari\/almanca-kurs-seviyesi-a2\/#breadcrumb","itemListElement":[{"@type":"ListItem","position":1,"name":"Home","item":"https:\/\/www.lernpoint.at\/tr\/"},{"@type":"ListItem","position":2,"name":"Almanca kurslar\u0131","item":"https:\/\/www.lernpoint.at\/tr\/almanca-kurslari\/"},{"@type":"ListItem","position":3,"name":"Almanca kurs seviyesi A2"}]},{"@type":"WebSite","@id":"https:\/\/www.lernpoint.at\/de\/#website","url":"https:\/\/www.lernpoint.at\/de\/","name":"Lernpoint","description":"Hier finden Sie Stellenangebote bei Lernpoint | Unsere Schwerpunkte liegen in der deutschen Sprachvermittlung f\u00fcr Studium &amp; Beruf. Hier mehr erfahren! 41+ courses in Vienna: German, English &amp; other language courses founded by government, WAFF, \u00d6IF, AMS, Magistrat, Arbeiterkammer","publisher":{"@id":"https:\/\/www.lernpoint.at\/de\/#organization"},"potentialAction":[{"@type":"SearchAction","target":{"@type":"EntryPoint","urlTemplate":"https:\/\/www.lernpoint.at\/de\/?s={search_term_string}"},"query-input":{"@type":"PropertyValueSpecification","valueRequired":true,"valueName":"search_term_string"}}],"inLanguage":"tr"},{"@type":"Organization","@id":"https:\/\/www.lernpoint.at\/de\/#organization","name":"Lernpoint","url":"https:\/\/www.lernpoint.at\/de\/","logo":{"@type":"ImageObject","inLanguage":"tr","@id":"https:\/\/www.lernpoint.at\/de\/#\/schema\/logo\/image\/","url":"http:\/\/lernpoint.languagecentre.at\/wp-content\/uploads\/2024\/04\/logo-final.png","contentUrl":"http:\/\/lernpoint.languagecentre.at\/wp-content\/uploads\/2024\/04\/logo-final.png","width":670,"height":434,"caption":"Lernpoint"},"image":{"@id":"https:\/\/www.lernpoint.at\/de\/#\/schema\/logo\/image\/"},"sameAs":["https:\/\/www.facebook.com\/lernpoint.wien\/","https:\/\/www.instagram.com\/lernpoint\/"]}]}},"_links":{"self":[{"href":"https:\/\/www.lernpoint.at\/tr\/wp-json\/wp\/v2\/pages\/2894","targetHints":{"allow":["GET"]}}],"collection":[{"href":"https:\/\/www.lernpoint.at\/tr\/wp-json\/wp\/v2\/pages"}],"about":[{"href":"https:\/\/www.lernpoint.at\/tr\/wp-json\/wp\/v2\/types\/page"}],"author":[{"embeddable":true,"href":"https:\/\/www.lernpoint.at\/tr\/wp-json\/wp\/v2\/users\/1"}],"replies":[{"embeddable":true,"href":"https:\/\/www.lernpoint.at\/tr\/wp-json\/wp\/v2\/comments?post=2894"}],"version-history":[{"count":3,"href":"https:\/\/www.lernpoint.at\/tr\/wp-json\/wp\/v2\/pages\/2894\/revisions"}],"predecessor-version":[{"id":3887,"href":"https:\/\/www.lernpoint.at\/tr\/wp-json\/wp\/v2\/pages\/2894\/revisions\/3887"}],"up":[{"embeddable":true,"href":"https:\/\/www.lernpoint.at\/tr\/wp-json\/wp\/v2\/pages\/2875"}],"wp:attachment":[{"href":"https:\/\/www.lernpoint.at\/tr\/wp-json\/wp\/v2\/media?parent=2894"}],"curies":[{"name":"wp","href":"https:\/\/api.w.org\/{rel}","templated":true}]}}