{"id":2927,"date":"2022-07-22T16:28:31","date_gmt":"2022-07-22T15:28:31","guid":{"rendered":"https:\/\/www.lernpoint.at\/grup-dersleri\/"},"modified":"2025-02-05T12:05:49","modified_gmt":"2025-02-05T11:05:49","slug":"grup-dersleri","status":"publish","type":"page","link":"https:\/\/www.lernpoint.at\/tr\/grup-dersleri\/","title":{"rendered":"Grup dersleri"},"content":{"rendered":"<p>[et_pb_section fb_built=&#8221;1&#8243; _builder_version=&#8221;4.27.0&#8243; _module_preset=&#8221;default&#8221; global_colors_info=&#8221;{}&#8221;][et_pb_row _builder_version=&#8221;4.27.0&#8243; _module_preset=&#8221;default&#8221; global_colors_info=&#8221;{}&#8221;][et_pb_column type=&#8221;4_4&#8243; _builder_version=&#8221;4.27.0&#8243; _module_preset=&#8221;default&#8221; global_colors_info=&#8221;{}&#8221;][et_pb_text _builder_version=&#8221;4.25.2&#8243; text_font=&#8221;&#8211;et_global_heading_font|700|||||||&#8221; text_text_color=&#8221;#E02B20&#8243; text_font_size=&#8221;80px&#8221; text_line_height=&#8221;0em&#8221; header_2_font=&#8221;EB Garamond||||||||&#8221; header_2_font_size=&#8221;50px&#8221; header_2_line_height=&#8221;1.3em&#8221; text_orientation=&#8221;center&#8221; custom_padding=&#8221;0px|||||&#8221; text_font_size_tablet=&#8221;50px&#8221; text_font_size_phone=&#8221;30px&#8221; text_font_size_last_edited=&#8221;on|desktop&#8221; header_2_font_size_tablet=&#8221;40px&#8221; header_2_font_size_phone=&#8221;30px&#8221; header_2_font_size_last_edited=&#8221;on|phone&#8221; inline_fonts=&#8221;ABeeZee&#8221; global_colors_info=&#8221;{}&#8221;]<\/p>\n<h2><span style=\"font-family: inherit; font-weight: normal;\">Grup dersleri<\/span><\/h2>\n<p>[\/et_pb_text][\/et_pb_column][\/et_pb_row][\/et_pb_section][et_pb_section fb_built=&#8221;1&#8243; custom_padding_last_edited=&#8221;on|desktop&#8221; admin_label=&#8221;Header&#8221; _builder_version=&#8221;4.27.0&#8243; background_enable_image=&#8221;off&#8221; background_size=&#8221;contain&#8221; background_position=&#8221;top_right&#8221; custom_padding=&#8221;110px||||false|false&#8221; custom_padding_tablet=&#8221;140px|0px|50px|0px|false|false&#8221; custom_padding_phone=&#8221;120px|||&#8221; global_colors_info=&#8221;{}&#8221;][et_pb_row column_structure=&#8221;1_2,1_2&#8243; _builder_version=&#8221;4.17.6&#8243; max_width=&#8221;1280px&#8221; use_custom_width=&#8221;on&#8221; custom_width_px=&#8221;1280px&#8221; global_colors_info=&#8221;{}&#8221;][et_pb_column type=&#8221;1_2&#8243; _builder_version=&#8221;4.16&#8243; custom_padding=&#8221;|||&#8221; global_colors_info=&#8221;{}&#8221; custom_padding__hover=&#8221;|||&#8221;][et_pb_text _builder_version=&#8221;4.16&#8243; text_font=&#8221;||||||||&#8221; text_font_size=&#8221;18px&#8221; text_line_height=&#8221;2em&#8221; header_font=&#8221;EB Garamond||||||||&#8221; header_font_size=&#8221;60px&#8221; header_line_height=&#8221;1.3em&#8221; max_width=&#8221;600px&#8221; text_font_size_tablet=&#8221;&#8221; text_font_size_phone=&#8221;15px&#8221; text_font_size_last_edited=&#8221;on|phone&#8221; text_line_height_tablet=&#8221;&#8221; text_line_height_phone=&#8221;1.6em&#8221; text_line_height_last_edited=&#8221;on|phone&#8221; header_font_size_tablet=&#8221;50px&#8221; header_font_size_phone=&#8221;32px&#8221; header_font_size_last_edited=&#8221;on|phone&#8221; global_colors_info=&#8221;{}&#8221;]<\/p>\n<h2>Dersler!<\/h2>\n<div class=\"span12\">\n<p>Almanca, matematik, \u0130ngilizce, \u0130spanyolca, Frans\u0131zca,  <\/p>\n<p>Latince, Muhasebe<\/p>\n<p>&nbsp;<\/p>\n<ul>\n<li><em>Her biri 2 ila 6 ki\u015fiden olu\u015fan konu-homojen \u00f6\u011frenme gruplar\u0131<\/em><\/li>\n<li><em>K\u00fc\u00e7\u00fck gruplarda bireyselle\u015ftirilmi\u015f destek<\/em><\/li>\n<li><em>Mevcut okul materyallerinin \u00f6\u011fretilmesi, tekrar\u0131 ve peki\u015ftirilmesi<\/em><\/li>\n<li><em>\u00d6\u011frenme materyallerinin ortakla\u015fa geli\u015ftirilmesinin te\u015fvik edilmesi<\/em><\/li>\n<li><em>Grup dersleri arac\u0131l\u0131\u011f\u0131yla sosyal becerilerin geli\u015fiminin desteklenmesi ve akranlarla sosyal etkile\u015fimin te\u015fvik edilmesi<\/em><\/li>\n<li><em>Ev \u00f6devlerinin ve ek al\u0131\u015ft\u0131rmalar\u0131n denetlenmesi<\/em><\/li>\n<li><em>Motivasyon ve \u00f6\u011frenme iste\u011finde uzun vadeli art\u0131\u015f<\/em><\/li>\n<li><em>\u00d6\u011frenme s\u00fcrecini optimize eden etkili \u00f6\u011frenme ipu\u00e7lar\u0131 ve tekniklerinin \u00f6\u011fretilmesi<\/em><\/li>\n<li><em>Yar\u0131y\u0131l boyu \u00f6\u011frenim deste\u011fi<\/em><\/li>\n<li><em>En d\u00fc\u015f\u00fck oranla bireysel dersler yoluyla destek<\/em><\/li>\n<li><em>Her g\u00fcn ebeveynler taraf\u0131ndan imzalanmas\u0131 gereken haftal\u0131k bir programa e\u015flik ederek \u00f6z-\u00f6rg\u00fctlenmenin te\u015fvik edilmesi<\/em><\/li>\n<li>\n<\/li>\n<\/ul>\n<\/div>\n<p>[\/et_pb_text][\/et_pb_column][et_pb_column type=&#8221;1_2&#8243; _builder_version=&#8221;4.16&#8243; custom_padding=&#8221;|||&#8221; global_colors_info=&#8221;{}&#8221; custom_padding__hover=&#8221;|||&#8221;][et_pb_image src=&#8221;http:\/\/lernpoint.languagecentre.at\/wp-content\/uploads\/2024\/06\/teacher-young-student-being-successful-scaled.jpg&#8221; title_text=&#8221;\u00f6\u011fretmen-gen\u00e7-\u00f6\u011frenci-ba\u015far\u0131l\u0131-oluyor&#8221; _builder_version=&#8221;4.27.0&#8243; _module_preset=&#8221;default&#8221; global_colors_info=&#8221;{}&#8221;][\/et_pb_image][\/et_pb_column][\/et_pb_row][\/et_pb_section][et_pb_section fb_built=&#8221;1&#8243; _builder_version=&#8221;4.17.6&#8243; _module_preset=&#8221;default&#8221; global_colors_info=&#8221;{}&#8221;][et_pb_row _builder_version=&#8221;4.17.6&#8243; _module_preset=&#8221;default&#8221; global_colors_info=&#8221;{}&#8221;][et_pb_column type=&#8221;4_4&#8243; _builder_version=&#8221;4.17.6&#8243; _module_preset=&#8221;default&#8221; global_colors_info=&#8221;{}&#8221;][et_pb_pricing_tables _builder_version=&#8221;4.17.6&#8243; _module_preset=&#8221;default&#8221; global_colors_info=&#8221;{}&#8221;][et_pb_pricing_table title=&#8221;  AHS alt okul ve orta okul&#8221; subtitle=&#8221;itibaren&#8221; currency=&#8221;\u20ac&#8221; sum=&#8221;69&#8243; _builder_version=&#8221;4.17.6&#8243; _module_preset=&#8221;default&#8221; global_colors_info=&#8221;{}&#8221; sticky_transition=&#8221;on&#8221;]<\/p>\n<p>Ders \u00fcnitesi ba\u015f\u0131na*<\/p>\n<p>[\/et_pb_pricing_table][et_pb_pricing_table title=&#8221;\u0130lkokul  &#8221; subtitle=&#8221;itibaren&#8221; currency=&#8221;\u20ac&#8221; sum=&#8221;69&#8243; _builder_version=&#8221;4.17.6&#8243; _module_preset=&#8221;default&#8221; global_colors_info=&#8221;{}&#8221; sticky_transition=&#8221;on&#8221;]<\/p>\n<p>Ders \u00fcnitesi ba\u015f\u0131na*<\/p>\n<p>[\/et_pb_pricing_table][et_pb_pricing_table title=&#8221;  \u00dcst okul (AHS, BHS)&#8221; subtitle=&#8221;itibaren&#8221; currency=&#8221;\u20ac&#8221; sum=&#8221;79&#8243; _builder_version=&#8221;4.17.6&#8243; _module_preset=&#8221;default&#8221; global_colors_info=&#8221;{}&#8221; sticky_transition=&#8221;on&#8221;]<\/p>\n<p>Ders \u00fcnitesi ba\u015f\u0131na*<\/p>\n<p>[\/et_pb_pricing_table][\/et_pb_pricing_tables][\/et_pb_column][\/et_pb_row][\/et_pb_section][et_pb_section fb_built=&#8221;1&#8243; fullwidth=&#8221;on&#8221; admin_label=&#8221;Footer&#8221; _builder_version=&#8221;4.27.0&#8243; locked=&#8221;off&#8221; global_colors_info=&#8221;{}&#8221; global_module=&#8221;2188&#8243; theme_builder_area=&#8221;post_content&#8221;][et_pb_fullwidth_header title=&#8221;Bug\u00fcn bir kurs rezervasyonu yap\u0131n!&#8221; text_orientation=&#8221;center&#8221; button_one_text=&#8221;Kurs tarihleri&#8221; button_one_url=&#8221;@ET-DC@eyJkeW5hbWljIjp0cnVlLCJjb250ZW50IjoicG9zdF9saW5rX3VybF9wYWdlIiwic2V0dGluZ3MiOnsicG9zdF9pZCI6IjYzMyIsImVuYWJsZV9odG1sIjoib2ZmIn19@&#8221; button_two_text=&#8221;S\u0131nav tarihleri&#8221; button_two_url=&#8221;@ET-DC@eyJkeW5hbWljIjp0cnVlLCJjb250ZW50IjoicG9zdF9saW5rX3VybF9wYWdlIiwic2V0dGluZ3MiOnsicG9zdF9pZCI6IjY1MCIsImVuYWJsZV9odG1sIjoib2ZmIn19@&#8221; content_max_width_phone=&#8221;580px&#8221; content_max_width_last_edited=&#8221;off|desktop&#8221; _builder_version=&#8221;4.27.0&#8243; _dynamic_attributes=&#8221;button_one_url,button_two_url&#8221; title_font=&#8221;EB Garamond||||||||&#8221; title_font_size=&#8221;50px&#8221; title_line_height=&#8221;1.3em&#8221; content_font=&#8221;||||||||&#8221; content_text_color=&#8221;#000000&#8243; content_font_size=&#8221;18px&#8221; content_line_height=&#8221;2em&#8221; background_enable_color=&#8221;off&#8221; background_image=&#8221;http:\/\/lernpoint.languagecentre.at\/wp-content\/uploads\/2024\/06\/logo_p_hq-1.png&#8221; background_size=&#8221;custom&#8221; background_image_width=&#8221;19%&#8221; background_position=&#8221;top_right&#8221; background_horizontal_offset=&#8221;4%&#8221; background_vertical_offset=&#8221;55%&#8221; custom_button_one=&#8221;on&#8221; button_one_text_size=&#8221;16px&#8221; button_one_text_color=&#8221;#ffffff&#8221; button_one_bg_color=&#8221;#f16236&#8243; button_one_border_width=&#8221;10px&#8221; button_one_border_color=&#8221;rgba(0,0,0,0)&#8221; button_one_border_radius=&#8221;100px&#8221; button_one_letter_spacing=&#8221;1px&#8221; button_one_font=&#8221;|700||on|||||&#8221; custom_button_two=&#8221;on&#8221; button_two_text_size=&#8221;16px&#8221; button_two_text_color=&#8221;#ffffff&#8221; button_two_bg_color=&#8221;#0e76bc&#8221; button_two_border_width=&#8221;10px&#8221; button_two_border_color=&#8221;rgba(0,0,0,0)&#8221; button_two_border_radius=&#8221;100px&#8221; button_two_letter_spacing=&#8221;1px&#8221; button_two_font=&#8221;|700||on|||||&#8221; background_layout=&#8221;light&#8221; custom_padding=&#8221;||||true|false&#8221; custom_padding_tablet=&#8221;&#8221; custom_padding_phone=&#8221;20px||20px||true&#8221; custom_padding_last_edited=&#8221;on|phone&#8221; title_font_size_tablet=&#8221;40px&#8221; title_font_size_phone=&#8221;30px&#8221; title_font_size_last_edited=&#8221;on|phone&#8221; content_font_size_tablet=&#8221;&#8221; content_font_size_phone=&#8221;15px&#8221; content_font_size_last_edited=&#8221;on|phone&#8221; background_last_edited=&#8221;on|tablet&#8221; background_enable_image_tablet=&#8221;off&#8221; background_enable_image_phone=&#8221;off&#8221; parallax_phone=&#8221;off&#8221; background_size_tablet=&#8221;custom&#8221; background_size_phone=&#8221;custom&#8221; background_horizontal_offset_tablet=&#8221;-71%&#8221; box_shadow_style_button_one=&#8221;preset1&#8243; box_shadow_vertical_button_one=&#8221;10px&#8221; box_shadow_blur_button_one=&#8221;30px&#8221; box_shadow_color_button_one=&#8221;rgba(255,0,8,0.24)&#8221; box_shadow_style_button_two=&#8221;preset1&#8243; box_shadow_vertical_button_two=&#8221;10px&#8221; box_shadow_blur_button_two=&#8221;30px&#8221; box_shadow_color_button_two=&#8221;rgba(60,190,190,0.24)&#8221; button_one_letter_spacing_hover=&#8221;1px&#8221; button_two_letter_spacing_hover=&#8221;1px&#8221; global_colors_info=&#8221;{}&#8221; button_one_text_size__hover_enabled=&#8221;off&#8221; button_two_text_size__hover_enabled=&#8221;off&#8221; button_one_text_color__hover_enabled=&#8221;off&#8221; button_two_text_color__hover_enabled=&#8221;off&#8221; button_one_border_width__hover_enabled=&#8221;off&#8221; button_two_border_width__hover_enabled=&#8221;off&#8221; button_one_border_color__hover_enabled=&#8221;off&#8221; button_two_border_color__hover_enabled=&#8221;off&#8221; button_one_border_radius__hover_enabled=&#8221;off&#8221; button_two_border_radius__hover_enabled=&#8221;off&#8221; button_one_letter_spacing__hover_enabled=&#8221;on&#8221; button_one_letter_spacing__hover=&#8221;1px&#8221; button_two_letter_spacing__hover_enabled=&#8221;on&#8221; button_two_letter_spacing__hover=&#8221;1px&#8221; button_one_bg_color__hover_enabled=&#8221;off&#8221; button_two_bg_color__hover_enabled=&#8221;off&#8221; background__hover_enabled=&#8221;off|desktop&#8221; theme_builder_area=&#8221;post_content&#8221;]<\/p>\n<p>+43 1 607 48 56 admin@lernpoint.at<\/p>\n<p>[\/et_pb_fullwidth_header][\/et_pb_section]<\/p>\n","protected":false},"excerpt":{"rendered":"<p>Grup dersleriDersler! Almanca, matematik, \u0130ngilizce, \u0130spanyolca, Frans\u0131zca, Latince, Muhasebe &nbsp; Her biri 2 ila 6 ki\u015fiden olu\u015fan konu-homojen \u00f6\u011frenme gruplar\u0131 K\u00fc\u00e7\u00fck gruplarda bireyselle\u015ftirilmi\u015f destek Mevcut okul materyallerinin \u00f6\u011fretilmesi, tekrar\u0131 ve peki\u015ftirilmesi \u00d6\u011frenme materyallerinin ortakla\u015fa geli\u015ftirilmesinin te\u015fvik edilmesi Grup dersleri arac\u0131l\u0131\u011f\u0131yla sosyal becerilerin geli\u015fiminin desteklenmesi ve akranlarla sosyal etkile\u015fimin te\u015fvik edilmesi Ev \u00f6devlerinin ve ek al\u0131\u015ft\u0131rmalar\u0131n [&hellip;]<\/p>\n","protected":false},"author":1,"featured_media":0,"parent":0,"menu_order":0,"comment_status":"closed","ping_status":"closed","template":"","meta":{"_et_pb_use_builder":"on","_et_pb_old_content":"","_et_gb_content_width":"","footnotes":""},"class_list":["post-2927","page","type-page","status-publish","hentry"],"yoast_head":"<!-- This site is optimized with the Yoast SEO plugin v27.5 - https:\/\/yoast.com\/product\/yoast-seo-wordpress\/ -->\n<title>Grup dersleri - Lernpoint Optimum ilerleme i\u00e7in birlikte \u00f6\u011frenme<\/title>\n<meta name=\"description\" content=\"Lernpoint&#039;teki grup derslerimizi ke\u015ffedin. Maksimum ilerleme ve ba\u015far\u0131 i\u00e7in motive edici bir topluluk i\u00e7inde \u00f6\u011frenin.\" \/>\n<meta name=\"robots\" content=\"index, follow, max-snippet:-1, max-image-preview:large, max-video-preview:-1\" \/>\n<link rel=\"canonical\" href=\"https:\/\/www.lernpoint.at\/tr\/grup-dersleri\/\" \/>\n<meta property=\"og:locale\" content=\"tr_TR\" \/>\n<meta property=\"og:type\" content=\"article\" \/>\n<meta property=\"og:title\" content=\"Grup dersleri - Lernpoint Optimum ilerleme i\u00e7in birlikte \u00f6\u011frenme\" \/>\n<meta property=\"og:description\" content=\"Lernpoint&#039;teki grup derslerimizi ke\u015ffedin. Maksimum ilerleme ve ba\u015far\u0131 i\u00e7in motive edici bir topluluk i\u00e7inde \u00f6\u011frenin.\" \/>\n<meta property=\"og:url\" content=\"https:\/\/www.lernpoint.at\/tr\/grup-dersleri\/\" \/>\n<meta property=\"og:site_name\" content=\"Lernpoint\" \/>\n<meta property=\"article:publisher\" content=\"https:\/\/www.facebook.com\/lernpoint.wien\/\" \/>\n<meta property=\"article:modified_time\" content=\"2025-02-05T11:05:49+00:00\" \/>\n<meta name=\"twitter:card\" content=\"summary_large_image\" \/>\n<meta name=\"twitter:label1\" content=\"Tahmini okuma s\u00fcresi\" \/>\n\t<meta name=\"twitter:data1\" content=\"6 dakika\" \/>\n<script type=\"application\/ld+json\" class=\"yoast-schema-graph\">{\"@context\":\"https:\\\/\\\/schema.org\",\"@graph\":[{\"@type\":\"WebPage\",\"@id\":\"https:\\\/\\\/www.lernpoint.at\\\/tr\\\/grup-dersleri\\\/\",\"url\":\"https:\\\/\\\/www.lernpoint.at\\\/tr\\\/grup-dersleri\\\/\",\"name\":\"Grup dersleri - Lernpoint Optimum ilerleme i\u00e7in birlikte \u00f6\u011frenme\",\"isPartOf\":{\"@id\":\"https:\\\/\\\/www.lernpoint.at\\\/de\\\/#website\"},\"datePublished\":\"2022-07-22T15:28:31+00:00\",\"dateModified\":\"2025-02-05T11:05:49+00:00\",\"description\":\"Lernpoint'teki grup derslerimizi ke\u015ffedin. Maksimum ilerleme ve ba\u015far\u0131 i\u00e7in motive edici bir topluluk i\u00e7inde \u00f6\u011frenin.\",\"breadcrumb\":{\"@id\":\"https:\\\/\\\/www.lernpoint.at\\\/tr\\\/grup-dersleri\\\/#breadcrumb\"},\"inLanguage\":\"tr\",\"potentialAction\":[{\"@type\":\"ReadAction\",\"target\":[\"https:\\\/\\\/www.lernpoint.at\\\/tr\\\/grup-dersleri\\\/\"]}]},{\"@type\":\"BreadcrumbList\",\"@id\":\"https:\\\/\\\/www.lernpoint.at\\\/tr\\\/grup-dersleri\\\/#breadcrumb\",\"itemListElement\":[{\"@type\":\"ListItem\",\"position\":1,\"name\":\"Home\",\"item\":\"https:\\\/\\\/www.lernpoint.at\\\/tr\\\/\"},{\"@type\":\"ListItem\",\"position\":2,\"name\":\"Grup dersleri\"}]},{\"@type\":\"WebSite\",\"@id\":\"https:\\\/\\\/www.lernpoint.at\\\/de\\\/#website\",\"url\":\"https:\\\/\\\/www.lernpoint.at\\\/de\\\/\",\"name\":\"Lernpoint\",\"description\":\"Hier finden Sie Stellenangebote bei Lernpoint | Unsere Schwerpunkte liegen in der deutschen Sprachvermittlung f\u00fcr Studium &amp; Beruf. Hier mehr erfahren! 41+ courses in Vienna: German, English &amp; other language courses founded by government, WAFF, \u00d6IF, AMS, Magistrat, Arbeiterkammer\",\"publisher\":{\"@id\":\"https:\\\/\\\/www.lernpoint.at\\\/de\\\/#organization\"},\"potentialAction\":[{\"@type\":\"SearchAction\",\"target\":{\"@type\":\"EntryPoint\",\"urlTemplate\":\"https:\\\/\\\/www.lernpoint.at\\\/de\\\/?s={search_term_string}\"},\"query-input\":{\"@type\":\"PropertyValueSpecification\",\"valueRequired\":true,\"valueName\":\"search_term_string\"}}],\"inLanguage\":\"tr\"},{\"@type\":\"Organization\",\"@id\":\"https:\\\/\\\/www.lernpoint.at\\\/de\\\/#organization\",\"name\":\"Lernpoint\",\"url\":\"https:\\\/\\\/www.lernpoint.at\\\/de\\\/\",\"logo\":{\"@type\":\"ImageObject\",\"inLanguage\":\"tr\",\"@id\":\"https:\\\/\\\/www.lernpoint.at\\\/de\\\/#\\\/schema\\\/logo\\\/image\\\/\",\"url\":\"http:\\\/\\\/lernpoint.languagecentre.at\\\/wp-content\\\/uploads\\\/2024\\\/04\\\/logo-final.png\",\"contentUrl\":\"http:\\\/\\\/lernpoint.languagecentre.at\\\/wp-content\\\/uploads\\\/2024\\\/04\\\/logo-final.png\",\"width\":670,\"height\":434,\"caption\":\"Lernpoint\"},\"image\":{\"@id\":\"https:\\\/\\\/www.lernpoint.at\\\/de\\\/#\\\/schema\\\/logo\\\/image\\\/\"},\"sameAs\":[\"https:\\\/\\\/www.facebook.com\\\/lernpoint.wien\\\/\",\"https:\\\/\\\/www.instagram.com\\\/lernpoint\\\/\"]}]}<\/script>\n<!-- \/ Yoast SEO plugin. -->","yoast_head_json":{"title":"Grup dersleri - Lernpoint Optimum ilerleme i\u00e7in birlikte \u00f6\u011frenme","description":"Lernpoint'teki grup derslerimizi ke\u015ffedin. Maksimum ilerleme ve ba\u015far\u0131 i\u00e7in motive edici bir topluluk i\u00e7inde \u00f6\u011frenin.","robots":{"index":"index","follow":"follow","max-snippet":"max-snippet:-1","max-image-preview":"max-image-preview:large","max-video-preview":"max-video-preview:-1"},"canonical":"https:\/\/www.lernpoint.at\/tr\/grup-dersleri\/","og_locale":"tr_TR","og_type":"article","og_title":"Grup dersleri - Lernpoint Optimum ilerleme i\u00e7in birlikte \u00f6\u011frenme","og_description":"Lernpoint'teki grup derslerimizi ke\u015ffedin. Maksimum ilerleme ve ba\u015far\u0131 i\u00e7in motive edici bir topluluk i\u00e7inde \u00f6\u011frenin.","og_url":"https:\/\/www.lernpoint.at\/tr\/grup-dersleri\/","og_site_name":"Lernpoint","article_publisher":"https:\/\/www.facebook.com\/lernpoint.wien\/","article_modified_time":"2025-02-05T11:05:49+00:00","twitter_card":"summary_large_image","twitter_misc":{"Tahmini okuma s\u00fcresi":"6 dakika"},"schema":{"@context":"https:\/\/schema.org","@graph":[{"@type":"WebPage","@id":"https:\/\/www.lernpoint.at\/tr\/grup-dersleri\/","url":"https:\/\/www.lernpoint.at\/tr\/grup-dersleri\/","name":"Grup dersleri - Lernpoint Optimum ilerleme i\u00e7in birlikte \u00f6\u011frenme","isPartOf":{"@id":"https:\/\/www.lernpoint.at\/de\/#website"},"datePublished":"2022-07-22T15:28:31+00:00","dateModified":"2025-02-05T11:05:49+00:00","description":"Lernpoint'teki grup derslerimizi ke\u015ffedin. Maksimum ilerleme ve ba\u015far\u0131 i\u00e7in motive edici bir topluluk i\u00e7inde \u00f6\u011frenin.","breadcrumb":{"@id":"https:\/\/www.lernpoint.at\/tr\/grup-dersleri\/#breadcrumb"},"inLanguage":"tr","potentialAction":[{"@type":"ReadAction","target":["https:\/\/www.lernpoint.at\/tr\/grup-dersleri\/"]}]},{"@type":"BreadcrumbList","@id":"https:\/\/www.lernpoint.at\/tr\/grup-dersleri\/#breadcrumb","itemListElement":[{"@type":"ListItem","position":1,"name":"Home","item":"https:\/\/www.lernpoint.at\/tr\/"},{"@type":"ListItem","position":2,"name":"Grup dersleri"}]},{"@type":"WebSite","@id":"https:\/\/www.lernpoint.at\/de\/#website","url":"https:\/\/www.lernpoint.at\/de\/","name":"Lernpoint","description":"Hier finden Sie Stellenangebote bei Lernpoint | Unsere Schwerpunkte liegen in der deutschen Sprachvermittlung f\u00fcr Studium &amp; Beruf. Hier mehr erfahren! 41+ courses in Vienna: German, English &amp; other language courses founded by government, WAFF, \u00d6IF, AMS, Magistrat, Arbeiterkammer","publisher":{"@id":"https:\/\/www.lernpoint.at\/de\/#organization"},"potentialAction":[{"@type":"SearchAction","target":{"@type":"EntryPoint","urlTemplate":"https:\/\/www.lernpoint.at\/de\/?s={search_term_string}"},"query-input":{"@type":"PropertyValueSpecification","valueRequired":true,"valueName":"search_term_string"}}],"inLanguage":"tr"},{"@type":"Organization","@id":"https:\/\/www.lernpoint.at\/de\/#organization","name":"Lernpoint","url":"https:\/\/www.lernpoint.at\/de\/","logo":{"@type":"ImageObject","inLanguage":"tr","@id":"https:\/\/www.lernpoint.at\/de\/#\/schema\/logo\/image\/","url":"http:\/\/lernpoint.languagecentre.at\/wp-content\/uploads\/2024\/04\/logo-final.png","contentUrl":"http:\/\/lernpoint.languagecentre.at\/wp-content\/uploads\/2024\/04\/logo-final.png","width":670,"height":434,"caption":"Lernpoint"},"image":{"@id":"https:\/\/www.lernpoint.at\/de\/#\/schema\/logo\/image\/"},"sameAs":["https:\/\/www.facebook.com\/lernpoint.wien\/","https:\/\/www.instagram.com\/lernpoint\/"]}]}},"_links":{"self":[{"href":"https:\/\/www.lernpoint.at\/tr\/wp-json\/wp\/v2\/pages\/2927","targetHints":{"allow":["GET"]}}],"collection":[{"href":"https:\/\/www.lernpoint.at\/tr\/wp-json\/wp\/v2\/pages"}],"about":[{"href":"https:\/\/www.lernpoint.at\/tr\/wp-json\/wp\/v2\/types\/page"}],"author":[{"embeddable":true,"href":"https:\/\/www.lernpoint.at\/tr\/wp-json\/wp\/v2\/users\/1"}],"replies":[{"embeddable":true,"href":"https:\/\/www.lernpoint.at\/tr\/wp-json\/wp\/v2\/comments?post=2927"}],"version-history":[{"count":5,"href":"https:\/\/www.lernpoint.at\/tr\/wp-json\/wp\/v2\/pages\/2927\/revisions"}],"predecessor-version":[{"id":3895,"href":"https:\/\/www.lernpoint.at\/tr\/wp-json\/wp\/v2\/pages\/2927\/revisions\/3895"}],"wp:attachment":[{"href":"https:\/\/www.lernpoint.at\/tr\/wp-json\/wp\/v2\/media?parent=2927"}],"curies":[{"name":"wp","href":"https:\/\/api.w.org\/{rel}","templated":true}]}}