{"id":2991,"date":"2022-07-22T14:17:54","date_gmt":"2022-07-22T13:17:54","guid":{"rendered":"https:\/\/www.lernpoint.at\/oeif-sinavlari\/"},"modified":"2025-02-05T12:08:23","modified_gmt":"2025-02-05T11:08:23","slug":"oeif-sinavlari","status":"publish","type":"page","link":"https:\/\/www.lernpoint.at\/tr\/oeif-sinavlari\/","title":{"rendered":"\u00d6IF s\u0131navlar\u0131"},"content":{"rendered":"<p>[et_pb_section fb_built=&#8221;1&#8243; custom_padding_last_edited=&#8221;on|desktop&#8221; admin_label=&#8221;Header&#8221; _builder_version=&#8221;4.16&#8243; background_image=&#8221;http:\/\/lernpoint.languagecentre.at\/wp-content\/uploads\/2022\/07\/language-school-06.png&#8221; background_size=&#8221;contain&#8221; background_position=&#8221;top_right&#8221; custom_padding=&#8221;110px||||false|false&#8221; custom_padding_tablet=&#8221;140px|0px|50px|0px|false|false&#8221; custom_padding_phone=&#8221;120px|||&#8221; global_colors_info=&#8221;{}&#8221;][et_pb_row column_structure=&#8221;1_2,1_2&#8243; _builder_version=&#8221;4.16&#8243; max_width=&#8221;1280px&#8221; use_custom_width=&#8221;on&#8221; custom_width_px=&#8221;1280px&#8221; global_colors_info=&#8221;{}&#8221;][et_pb_column type=&#8221;1_2&#8243; _builder_version=&#8221;4.16&#8243; custom_padding=&#8221;|||&#8221; global_colors_info=&#8221;{}&#8221; custom_padding__hover=&#8221;|||&#8221;][et_pb_text _builder_version=&#8221;4.16&#8243; text_font=&#8221;||||||||&#8221; text_font_size=&#8221;18px&#8221; text_line_height=&#8221;2em&#8221; header_font=&#8221;EB Garamond||||||||&#8221; header_font_size=&#8221;60px&#8221; header_line_height=&#8221;1.3em&#8221; header_4_font=&#8221;|700||on|||||&#8221; header_4_text_color=&#8221;#ffdaa4&#8243; header_4_font_size=&#8221;16px&#8221; header_4_letter_spacing=&#8221;2px&#8221; header_4_line_height=&#8221;2em&#8221; max_width=&#8221;600px&#8221; text_font_size_tablet=&#8221;&#8221; text_font_size_phone=&#8221;15px&#8221; text_font_size_last_edited=&#8221;on|desktop&#8221; text_line_height_tablet=&#8221;&#8221; text_line_height_phone=&#8221;1.6em&#8221; text_line_height_last_edited=&#8221;on|phone&#8221; header_font_size_tablet=&#8221;50px&#8221; header_font_size_phone=&#8221;32px&#8221; header_font_size_last_edited=&#8221;on|phone&#8221; global_colors_info=&#8221;{}&#8221;]<\/p>\n<h1>Avusturya i\u00e7in A1-Fit<!--4--><\/h1>\n<p>&nbsp;<\/p>\n<p>[\/et_pb_text][et_pb_blurb title=&#8221;Denetim maliyetleri&#8221; use_icon=&#8221;on&#8221; font_icon=&#8221;&#xe0ec;||divi||400&#8243; icon_color=&#8221;#3cbebe&#8221; icon_placement=&#8221;left&#8221; content_max_width=&#8221;1100px&#8221; image_icon_width_last_edited=&#8221;off|desktop&#8221; _builder_version=&#8221;4.16&#8243; header_font=&#8221;|600|||||||&#8221; header_font_size=&#8221;18px&#8221; header_line_height=&#8221;1.6em&#8221; body_font=&#8221;||||||||&#8221; body_font_size=&#8221;15px&#8221; body_line_height=&#8221;2em&#8221; header_font_size_tablet=&#8221;&#8221; header_font_size_phone=&#8221;15px&#8221; header_font_size_last_edited=&#8221;on|phone&#8221; body_line_height_tablet=&#8221;&#8221; body_line_height_phone=&#8221;1.6em&#8221; body_line_height_last_edited=&#8221;on|phone&#8221; image_max_width_phone=&#8221;50px&#8221; image_max_width_last_edited=&#8221;off|desktop&#8221; locked=&#8221;off&#8221; global_colors_info=&#8221;{}&#8221;]<\/p>\n<div class=\"et_pb_blurb_content\">\n<div class=\"et_pb_blurb_container\">\n<div class=\"et_pb_blurb_description\">\n<div data-shortcode-id=\"2.1.0.0-1658499292581\" data-quickaccess-id=\"body\" data-quickaccess-editable=\"yes\" class=\"et-fb-popover-tinymce\">\n<div class=\"mce-content-body\" contenteditable=\"true\" style=\"position: relative;\">\n<p> <span style=\"font-size: 15px;\">Dahili (Lernpoint kurs kat\u0131l\u0131mc\u0131lar\u0131 i\u00e7in): 99\u20ac<br \/><\/span><span style=\"font-size: 15px;\">Harici (kurs kat\u0131l\u0131mc\u0131m\u0131z olmayan adaylar i\u00e7in): 129\u20ac<\/span><\/p>\n<\/div>\n<\/div>\n<\/div>\n<\/div>\n<\/div>\n<div class=\"et-fb-mousetrap et-fb-mousetrap--module et-fb-mousetrap-move\" style=\"background: 0px center; pointer-events: auto;\"><\/div>\n<p>[\/et_pb_blurb][\/et_pb_column][et_pb_column type=&#8221;1_2&#8243; _builder_version=&#8221;4.16&#8243; custom_padding=&#8221;|||&#8221; global_colors_info=&#8221;{}&#8221; custom_padding__hover=&#8221;|||&#8221;][\/et_pb_column][\/et_pb_row][\/et_pb_section][et_pb_section fb_built=&#8221;1&#8243; _builder_version=&#8221;4.17.6&#8243; _module_preset=&#8221;default&#8221; global_colors_info=&#8221;{}&#8221;][et_pb_row _builder_version=&#8221;4.17.6&#8243; _module_preset=&#8221;default&#8221; global_colors_info=&#8221;{}&#8221;][et_pb_column type=&#8221;4_4&#8243; _builder_version=&#8221;4.17.6&#8243; _module_preset=&#8221;default&#8221; global_colors_info=&#8221;{}&#8221;][et_pb_image src=&#8221;http:\/\/lernpoint.languagecentre.at\/wp-content\/uploads\/2022\/07\/a1-ffo.png&#8221; title_text=&#8221;a1-ffo&#8221; align=&#8221;center&#8221; _builder_version=&#8221;4.17.6&#8243; _module_preset=&#8221;default&#8221; global_colors_info=&#8221;{}&#8221;][\/et_pb_image][\/et_pb_column][\/et_pb_row][\/et_pb_section][et_pb_section fb_built=&#8221;1&#8243; admin_label=&#8221;Objectives&#8221; _builder_version=&#8221;4.16&#8243; global_colors_info=&#8221;{}&#8221;][et_pb_row _builder_version=&#8221;4.16&#8243; locked=&#8221;off&#8221; global_colors_info=&#8221;{}&#8221;][et_pb_column type=&#8221;4_4&#8243; _builder_version=&#8221;4.16&#8243; custom_padding=&#8221;|||&#8221; global_colors_info=&#8221;{}&#8221; custom_padding__hover=&#8221;|||&#8221;][et_pb_text _builder_version=&#8221;4.16&#8243; text_font=&#8221;EB Garamond|700|||||||&#8221; text_text_color=&#8221;rgba(0,0,0,0.02)&#8221; text_font_size=&#8221;80px&#8221; text_line_height=&#8221;0em&#8221; header_2_font=&#8221;EB Garamond||||||||&#8221; header_2_font_size=&#8221;50px&#8221; header_2_line_height=&#8221;1.3em&#8221; text_orientation=&#8221;center&#8221; text_font_size_tablet=&#8221;50px&#8221; text_font_size_phone=&#8221;30px&#8221; text_font_size_last_edited=&#8221;on|desktop&#8221; header_2_font_size_tablet=&#8221;40px&#8221; header_2_font_size_phone=&#8221;30px&#8221; header_2_font_size_last_edited=&#8221;on|phone&#8221; global_colors_info=&#8221;{}&#8221;]<\/p>\n<p>HEDEFLER<\/p>\n<h2>Kurs Ama\u00e7lar\u0131 ve \u00c7\u0131kt\u0131lar\u0131<\/h2>\n<p>[\/et_pb_text][\/et_pb_column][\/et_pb_row][et_pb_row column_structure=&#8221;1_2,1_2&#8243; _builder_version=&#8221;4.16&#8243; locked=&#8221;off&#8221; global_colors_info=&#8221;{}&#8221;][et_pb_column type=&#8221;1_2&#8243; _builder_version=&#8221;4.16&#8243; custom_padding=&#8221;|||&#8221; global_colors_info=&#8221;{}&#8221; custom_padding__hover=&#8221;|||&#8221;][et_pb_blurb title=&#8221;A1 &#8211; Avusturya i\u00e7in Uygun&#8221; use_icon=&#8221;on&#8221; font_icon=&#8221;&#x5a;||divi||400&#8243; icon_color=&#8221;#3cbebe&#8221; icon_placement=&#8221;left&#8221; content_max_width=&#8221;1100px&#8221; image_icon_width_last_edited=&#8221;off|desktop&#8221; _builder_version=&#8221;4.16&#8243; header_font=&#8221;|600|||||||&#8221; header_font_size=&#8221;18px&#8221; header_line_height=&#8221;1.6em&#8221; body_font=&#8221;||||||||&#8221; body_font_size=&#8221;15px&#8221; body_line_height=&#8221;2em&#8221; header_font_size_tablet=&#8221;&#8221; header_font_size_phone=&#8221;15px&#8221; header_font_size_last_edited=&#8221;on|phone&#8221; body_line_height_tablet=&#8221;&#8221; body_line_height_phone=&#8221;1.6em&#8221; body_line_height_last_edited=&#8221;on|phone&#8221; image_max_width_phone=&#8221;50px&#8221; image_max_width_last_edited=&#8221;off|desktop&#8221; locked=&#8221;off&#8221; global_colors_info=&#8221;{}&#8221;]<\/p>\n<p>A1 &#8211; Fit for Austria, eylem odakl\u0131 bir yakla\u015f\u0131ma sahip standartla\u015ft\u0131r\u0131lm\u0131\u015f bir s\u0131navd\u0131r ve \u00f6zellikle belirli ihtiya\u00e7larla ilgili \u00e7ok basit durumlarda (\u00f6rne\u011fin kendini tan\u0131tma, yeme-i\u00e7me, al\u0131\u015fveri\u015f, ya\u015fam) ileti\u015fim durumlar\u0131yla ba\u015fa \u00e7\u0131kma becerilerini g\u00f6stermek isteyen \u00f6\u011frencilere y\u00f6neliktir. Yeni s\u0131nav format\u0131, Avrupa Ortak Dil Referans \u00c7er\u00e7evesi (CEFR) A1 seviyesindeki dil becerilerini \u00f6l\u00e7mektedir.   <\/p>\n<p>[\/et_pb_blurb][\/et_pb_column][et_pb_column type=&#8221;1_2&#8243; _builder_version=&#8221;4.16&#8243; custom_padding=&#8221;|||&#8221; custom_padding_tablet=&#8221;0px|||&#8221; global_colors_info=&#8221;{}&#8221; padding_tablet=&#8221;0px|||&#8221; custom_padding__hover=&#8221;|||&#8221;][et_pb_blurb title=&#8221;A1 ile &#8211; Avusturya i\u00e7in uygun&#8221; use_icon=&#8221;on&#8221; font_icon=&#8221;&#x5a;||divi||400&#8243; icon_color=&#8221;#3cbebe&#8221; icon_placement=&#8221;left&#8221; content_max_width=&#8221;1100px&#8221; image_icon_width_last_edited=&#8221;off|desktop&#8221; _builder_version=&#8221;4.16&#8243; header_font=&#8221;|600|||||||&#8221; header_font_size=&#8221;18px&#8221; header_line_height=&#8221;1.6em&#8221; body_font=&#8221;||||||||&#8221; body_font_size=&#8221;15px&#8221; body_line_height=&#8221;2em&#8221; header_font_size_tablet=&#8221;&#8221; header_font_size_phone=&#8221;15px&#8221; header_font_size_last_edited=&#8221;on|phone&#8221; body_line_height_tablet=&#8221;&#8221; body_line_height_phone=&#8221;1.6em&#8221; body_line_height_last_edited=&#8221;on|phone&#8221; image_max_width_phone=&#8221;50px&#8221; image_max_width_last_edited=&#8221;off|desktop&#8221; locked=&#8221;off&#8221; global_colors_info=&#8221;{}&#8221;]<\/p>\n<p>A1 &#8211; Fit for Austria ile \u00d6IF, telc GmbH ile i\u015fbirli\u011fi i\u00e7inde g\u00f6\u00e7menlerin hedef grubunun ihtiya\u00e7lar\u0131na y\u00f6nelik yeni bir test format\u0131 geli\u015ftirdi. A1 test format\u0131, A1 i\u00e7in dil yeterlili\u011finin kan\u0131t\u0131 olarak kabul edilmektedir. S\u0131nav bir yaz\u0131l\u0131 b\u00f6l\u00fcm (80 dakika) ve bir s\u00f6zl\u00fc b\u00f6l\u00fcmden (kat\u0131l\u0131mc\u0131 ba\u015f\u0131na 15 dakika) olu\u015fmaktad\u0131r.  <\/p>\n<p>[\/et_pb_blurb][\/et_pb_column][\/et_pb_row][\/et_pb_section][et_pb_section fb_built=&#8221;1&#8243; fullwidth=&#8221;on&#8221; admin_label=&#8221;Footer&#8221; _builder_version=&#8221;4.16&#8243; global_colors_info=&#8221;{}&#8221; disabled_on=&#8221;on|on|on&#8221; disabled=&#8221;on&#8221;][et_pb_fullwidth_header title=&#8221;Bug\u00fcn Kurs Rezervasyonu Yap\u0131n!&#8221; text_orientation=&#8221;center&#8221; button_one_text=&#8221;T\u00fcm Kurslar\u0131 G\u00f6r\u00fcnt\u00fcle&#8221; button_two_text=&#8221;Kay\u0131t Kabul ile \u0130leti\u015fime Ge\u00e7in&#8221; content_max_width_phone=&#8221;580px&#8221; content_max_width_last_edited=&#8221;off|desktop&#8221; _builder_version=&#8221;4.16&#8243; title_font=&#8221;EB Garamond||||||||&#8221; title_font_size=&#8221;50px&#8221; title_line_height=&#8221;1.3em&#8221; content_font=&#8221;||||||||&#8221; content_font_size=&#8221;18px&#8221; content_line_height=&#8221;2em&#8221; background_color=&#8221;#ffffff&#8221; use_background_color_gradient=&#8221;on&#8221; background_color_gradient_stops=&#8221;#ffffff 0%|rgba(255,218,164,0.52) 100%&#8221; background_color_gradient_overlays_image=&#8221;on&#8221; background_color_gradient_start=&#8221;#ffffff&#8221; background_color_gradient_end=&#8221;rgba(255,218,164,0.52)&#8221; background_image=&#8221;http:\/\/lernpoint.languagecentre.at\/wp-content\/uploads\/2022\/07\/language-school-illustration-13.png&#8221; background_position=&#8221;bottom_center&#8221; custom_button_one=&#8221;on&#8221; button_one_text_size=&#8221;16px&#8221; button_one_text_color=&#8221;#ffffff&#8221; button_one_bg_color=&#8221;#ff4d54&#8243; button_one_border_width=&#8221;10px&#8221; button_one_border_color=&#8221;rgba(0,0,0,0)&#8221; button_one_border_radius=&#8221;100px&#8221; button_one_letter_spacing=&#8221;1px&#8221; button_one_font=&#8221;|700||on|||||&#8221; custom_button_two=&#8221;on&#8221; button_two_text_size=&#8221;16px&#8221; button_two_text_color=&#8221;#ffffff&#8221; button_two_bg_color=&#8221;#3cb3b3&#8243; button_two_border_width=&#8221;10px&#8221; button_two_border_color=&#8221;rgba(0,0,0,0)&#8221; button_two_border_radius=&#8221;100px&#8221; button_two_letter_spacing=&#8221;1px&#8221; button_two_font=&#8221;|700||on|||||&#8221; background_layout=&#8221;light&#8221; custom_padding=&#8221;100px||160px||false&#8221; custom_padding_tablet=&#8221;&#8221; custom_padding_phone=&#8221;20px||20px||true&#8221; custom_padding_last_edited=&#8221;on|phone&#8221; title_font_size_tablet=&#8221;40px&#8221; title_font_size_phone=&#8221;30px&#8221; title_font_size_last_edited=&#8221;on|phone&#8221; content_font_size_tablet=&#8221;&#8221; content_font_size_phone=&#8221;15px&#8221; content_font_size_last_edited=&#8221;on|phone&#8221; box_shadow_style_button_one=&#8221;preset1&#8243; box_shadow_vertical_button_one=&#8221;10px&#8221; box_shadow_blur_button_one=&#8221;30px&#8221; box_shadow_color_button_one=&#8221;rgba(255,0,8,0.24)&#8221; box_shadow_style_button_two=&#8221;preset1&#8243; box_shadow_vertical_button_two=&#8221;10px&#8221; box_shadow_blur_button_two=&#8221;30px&#8221; box_shadow_color_button_two=&#8221;rgba(60,190,190,0.24)&#8221; button_one_letter_spacing_hover=&#8221;1px&#8221; button_two_letter_spacing_hover=&#8221;1px&#8221; global_colors_info=&#8221;{}&#8221; button_one_text_size__hover_enabled=&#8221;off&#8221; button_two_text_size__hover_enabled=&#8221;off&#8221; button_one_text_color__hover_enabled=&#8221;off&#8221; button_two_text_color__hover_enabled=&#8221;off&#8221; button_one_border_width__hover_enabled=&#8221;off&#8221; button_two_border_width__hover_enabled=&#8221;off&#8221; button_one_border_color__hover_enabled=&#8221;off&#8221; button_two_border_color__hover_enabled=&#8221;off&#8221; button_one_border_radius__hover_enabled=&#8221;off&#8221; button_two_border_radius__hover_enabled=&#8221;off&#8221; button_one_letter_spacing__hover_enabled=&#8221;on&#8221; button_one_letter_spacing__hover=&#8221;1px&#8221; button_two_letter_spacing__hover_enabled=&#8221;on&#8221; button_two_letter_spacing__hover=&#8221;1px&#8221; button_one_bg_color__hover_enabled=&#8221;off&#8221; button_two_bg_color__hover_enabled=&#8221;off&#8221;]<\/p>\n<p>Vivamus magna justo, lacinia eget consectetur sed, convallis at tellus. Donec rutrum congue leo eget malesuada. Donec rutrum congue leo eget malesuada. Quisque velit nisi, pretium ut lacinia in, elementum id enim. Vivamus magna justo, lacinia eget consectetur sed.    <\/p>\n<p>[\/et_pb_fullwidth_header][\/et_pb_section]<\/p>\n","protected":false},"excerpt":{"rendered":"<p>Avusturya i\u00e7in A1-Fit &nbsp; Dahili (Lernpoint kurs kat\u0131l\u0131mc\u0131lar\u0131 i\u00e7in): 99\u20acHarici (kurs kat\u0131l\u0131mc\u0131m\u0131z olmayan adaylar i\u00e7in): 129\u20ac HEDEFLER Kurs Ama\u00e7lar\u0131 ve \u00c7\u0131kt\u0131lar\u0131A1 &#8211; Fit for Austria, eylem odakl\u0131 bir yakla\u015f\u0131ma sahip standartla\u015ft\u0131r\u0131lm\u0131\u015f bir s\u0131navd\u0131r ve \u00f6zellikle belirli ihtiya\u00e7larla ilgili \u00e7ok basit durumlarda (\u00f6rne\u011fin kendini tan\u0131tma, yeme-i\u00e7me, al\u0131\u015fveri\u015f, ya\u015fam) ileti\u015fim durumlar\u0131yla ba\u015fa \u00e7\u0131kma becerilerini g\u00f6stermek isteyen \u00f6\u011frencilere [&hellip;]<\/p>\n","protected":false},"author":1,"featured_media":0,"parent":0,"menu_order":0,"comment_status":"closed","ping_status":"closed","template":"","meta":{"_et_pb_use_builder":"on","_et_pb_old_content":"","_et_gb_content_width":"","footnotes":""},"class_list":["post-2991","page","type-page","status-publish","hentry"],"yoast_head":"<!-- This site is optimized with the Yoast SEO plugin v27.5 - https:\/\/yoast.com\/product\/yoast-seo-wordpress\/ -->\n<title>\u00d6IF s\u0131navlar\u0131 - Lernpoint Ba\u015far\u0131l\u0131 ge\u00e7i\u015f i\u00e7in haz\u0131rl\u0131k kurslar\u0131<\/title>\n<meta name=\"description\" content=\"Lernpoint&#039;teki \u00d6IF s\u0131navlar\u0131na haz\u0131rl\u0131k kurslar\u0131m\u0131z hakk\u0131nda daha fazla bilgi edinin. S\u0131nav\u0131 ba\u015far\u0131yla ge\u00e7menize yard\u0131mc\u0131 olacak uzman deste\u011fi.\" \/>\n<meta name=\"robots\" content=\"index, follow, max-snippet:-1, max-image-preview:large, max-video-preview:-1\" \/>\n<link rel=\"canonical\" href=\"https:\/\/www.lernpoint.at\/tr\/oeif-sinavlari\/\" \/>\n<meta property=\"og:locale\" content=\"tr_TR\" \/>\n<meta property=\"og:type\" content=\"article\" \/>\n<meta property=\"og:title\" content=\"\u00d6IF s\u0131navlar\u0131 - Lernpoint Ba\u015far\u0131l\u0131 ge\u00e7i\u015f i\u00e7in haz\u0131rl\u0131k kurslar\u0131\" \/>\n<meta property=\"og:description\" content=\"Lernpoint&#039;teki \u00d6IF s\u0131navlar\u0131na haz\u0131rl\u0131k kurslar\u0131m\u0131z hakk\u0131nda daha fazla bilgi edinin. S\u0131nav\u0131 ba\u015far\u0131yla ge\u00e7menize yard\u0131mc\u0131 olacak uzman deste\u011fi.\" \/>\n<meta property=\"og:url\" content=\"https:\/\/www.lernpoint.at\/tr\/oeif-sinavlari\/\" \/>\n<meta property=\"og:site_name\" content=\"Lernpoint\" \/>\n<meta property=\"article:publisher\" content=\"https:\/\/www.facebook.com\/lernpoint.wien\/\" \/>\n<meta property=\"article:modified_time\" content=\"2025-02-05T11:08:23+00:00\" \/>\n<meta name=\"twitter:card\" content=\"summary_large_image\" \/>\n<meta name=\"twitter:label1\" content=\"Tahmini okuma s\u00fcresi\" \/>\n\t<meta name=\"twitter:data1\" content=\"7 dakika\" \/>\n<script type=\"application\/ld+json\" class=\"yoast-schema-graph\">{\"@context\":\"https:\\\/\\\/schema.org\",\"@graph\":[{\"@type\":\"WebPage\",\"@id\":\"https:\\\/\\\/www.lernpoint.at\\\/tr\\\/oeif-sinavlari\\\/\",\"url\":\"https:\\\/\\\/www.lernpoint.at\\\/tr\\\/oeif-sinavlari\\\/\",\"name\":\"\u00d6IF s\u0131navlar\u0131 - Lernpoint Ba\u015far\u0131l\u0131 ge\u00e7i\u015f i\u00e7in haz\u0131rl\u0131k kurslar\u0131\",\"isPartOf\":{\"@id\":\"https:\\\/\\\/www.lernpoint.at\\\/de\\\/#website\"},\"datePublished\":\"2022-07-22T13:17:54+00:00\",\"dateModified\":\"2025-02-05T11:08:23+00:00\",\"description\":\"Lernpoint'teki \u00d6IF s\u0131navlar\u0131na haz\u0131rl\u0131k kurslar\u0131m\u0131z hakk\u0131nda daha fazla bilgi edinin. S\u0131nav\u0131 ba\u015far\u0131yla ge\u00e7menize yard\u0131mc\u0131 olacak uzman deste\u011fi.\",\"breadcrumb\":{\"@id\":\"https:\\\/\\\/www.lernpoint.at\\\/tr\\\/oeif-sinavlari\\\/#breadcrumb\"},\"inLanguage\":\"tr\",\"potentialAction\":[{\"@type\":\"ReadAction\",\"target\":[\"https:\\\/\\\/www.lernpoint.at\\\/tr\\\/oeif-sinavlari\\\/\"]}]},{\"@type\":\"BreadcrumbList\",\"@id\":\"https:\\\/\\\/www.lernpoint.at\\\/tr\\\/oeif-sinavlari\\\/#breadcrumb\",\"itemListElement\":[{\"@type\":\"ListItem\",\"position\":1,\"name\":\"Home\",\"item\":\"https:\\\/\\\/www.lernpoint.at\\\/tr\\\/\"},{\"@type\":\"ListItem\",\"position\":2,\"name\":\"\u00d6IF s\u0131navlar\u0131\"}]},{\"@type\":\"WebSite\",\"@id\":\"https:\\\/\\\/www.lernpoint.at\\\/de\\\/#website\",\"url\":\"https:\\\/\\\/www.lernpoint.at\\\/de\\\/\",\"name\":\"Lernpoint\",\"description\":\"Hier finden Sie Stellenangebote bei Lernpoint | Unsere Schwerpunkte liegen in der deutschen Sprachvermittlung f\u00fcr Studium &amp; Beruf. Hier mehr erfahren! 41+ courses in Vienna: German, English &amp; other language courses founded by government, WAFF, \u00d6IF, AMS, Magistrat, Arbeiterkammer\",\"publisher\":{\"@id\":\"https:\\\/\\\/www.lernpoint.at\\\/de\\\/#organization\"},\"potentialAction\":[{\"@type\":\"SearchAction\",\"target\":{\"@type\":\"EntryPoint\",\"urlTemplate\":\"https:\\\/\\\/www.lernpoint.at\\\/de\\\/?s={search_term_string}\"},\"query-input\":{\"@type\":\"PropertyValueSpecification\",\"valueRequired\":true,\"valueName\":\"search_term_string\"}}],\"inLanguage\":\"tr\"},{\"@type\":\"Organization\",\"@id\":\"https:\\\/\\\/www.lernpoint.at\\\/de\\\/#organization\",\"name\":\"Lernpoint\",\"url\":\"https:\\\/\\\/www.lernpoint.at\\\/de\\\/\",\"logo\":{\"@type\":\"ImageObject\",\"inLanguage\":\"tr\",\"@id\":\"https:\\\/\\\/www.lernpoint.at\\\/de\\\/#\\\/schema\\\/logo\\\/image\\\/\",\"url\":\"http:\\\/\\\/lernpoint.languagecentre.at\\\/wp-content\\\/uploads\\\/2024\\\/04\\\/logo-final.png\",\"contentUrl\":\"http:\\\/\\\/lernpoint.languagecentre.at\\\/wp-content\\\/uploads\\\/2024\\\/04\\\/logo-final.png\",\"width\":670,\"height\":434,\"caption\":\"Lernpoint\"},\"image\":{\"@id\":\"https:\\\/\\\/www.lernpoint.at\\\/de\\\/#\\\/schema\\\/logo\\\/image\\\/\"},\"sameAs\":[\"https:\\\/\\\/www.facebook.com\\\/lernpoint.wien\\\/\",\"https:\\\/\\\/www.instagram.com\\\/lernpoint\\\/\"]}]}<\/script>\n<!-- \/ Yoast SEO plugin. -->","yoast_head_json":{"title":"\u00d6IF s\u0131navlar\u0131 - Lernpoint Ba\u015far\u0131l\u0131 ge\u00e7i\u015f i\u00e7in haz\u0131rl\u0131k kurslar\u0131","description":"Lernpoint'teki \u00d6IF s\u0131navlar\u0131na haz\u0131rl\u0131k kurslar\u0131m\u0131z hakk\u0131nda daha fazla bilgi edinin. S\u0131nav\u0131 ba\u015far\u0131yla ge\u00e7menize yard\u0131mc\u0131 olacak uzman deste\u011fi.","robots":{"index":"index","follow":"follow","max-snippet":"max-snippet:-1","max-image-preview":"max-image-preview:large","max-video-preview":"max-video-preview:-1"},"canonical":"https:\/\/www.lernpoint.at\/tr\/oeif-sinavlari\/","og_locale":"tr_TR","og_type":"article","og_title":"\u00d6IF s\u0131navlar\u0131 - Lernpoint Ba\u015far\u0131l\u0131 ge\u00e7i\u015f i\u00e7in haz\u0131rl\u0131k kurslar\u0131","og_description":"Lernpoint'teki \u00d6IF s\u0131navlar\u0131na haz\u0131rl\u0131k kurslar\u0131m\u0131z hakk\u0131nda daha fazla bilgi edinin. S\u0131nav\u0131 ba\u015far\u0131yla ge\u00e7menize yard\u0131mc\u0131 olacak uzman deste\u011fi.","og_url":"https:\/\/www.lernpoint.at\/tr\/oeif-sinavlari\/","og_site_name":"Lernpoint","article_publisher":"https:\/\/www.facebook.com\/lernpoint.wien\/","article_modified_time":"2025-02-05T11:08:23+00:00","twitter_card":"summary_large_image","twitter_misc":{"Tahmini okuma s\u00fcresi":"7 dakika"},"schema":{"@context":"https:\/\/schema.org","@graph":[{"@type":"WebPage","@id":"https:\/\/www.lernpoint.at\/tr\/oeif-sinavlari\/","url":"https:\/\/www.lernpoint.at\/tr\/oeif-sinavlari\/","name":"\u00d6IF s\u0131navlar\u0131 - Lernpoint Ba\u015far\u0131l\u0131 ge\u00e7i\u015f i\u00e7in haz\u0131rl\u0131k kurslar\u0131","isPartOf":{"@id":"https:\/\/www.lernpoint.at\/de\/#website"},"datePublished":"2022-07-22T13:17:54+00:00","dateModified":"2025-02-05T11:08:23+00:00","description":"Lernpoint'teki \u00d6IF s\u0131navlar\u0131na haz\u0131rl\u0131k kurslar\u0131m\u0131z hakk\u0131nda daha fazla bilgi edinin. S\u0131nav\u0131 ba\u015far\u0131yla ge\u00e7menize yard\u0131mc\u0131 olacak uzman deste\u011fi.","breadcrumb":{"@id":"https:\/\/www.lernpoint.at\/tr\/oeif-sinavlari\/#breadcrumb"},"inLanguage":"tr","potentialAction":[{"@type":"ReadAction","target":["https:\/\/www.lernpoint.at\/tr\/oeif-sinavlari\/"]}]},{"@type":"BreadcrumbList","@id":"https:\/\/www.lernpoint.at\/tr\/oeif-sinavlari\/#breadcrumb","itemListElement":[{"@type":"ListItem","position":1,"name":"Home","item":"https:\/\/www.lernpoint.at\/tr\/"},{"@type":"ListItem","position":2,"name":"\u00d6IF s\u0131navlar\u0131"}]},{"@type":"WebSite","@id":"https:\/\/www.lernpoint.at\/de\/#website","url":"https:\/\/www.lernpoint.at\/de\/","name":"Lernpoint","description":"Hier finden Sie Stellenangebote bei Lernpoint | Unsere Schwerpunkte liegen in der deutschen Sprachvermittlung f\u00fcr Studium &amp; Beruf. Hier mehr erfahren! 41+ courses in Vienna: German, English &amp; other language courses founded by government, WAFF, \u00d6IF, AMS, Magistrat, Arbeiterkammer","publisher":{"@id":"https:\/\/www.lernpoint.at\/de\/#organization"},"potentialAction":[{"@type":"SearchAction","target":{"@type":"EntryPoint","urlTemplate":"https:\/\/www.lernpoint.at\/de\/?s={search_term_string}"},"query-input":{"@type":"PropertyValueSpecification","valueRequired":true,"valueName":"search_term_string"}}],"inLanguage":"tr"},{"@type":"Organization","@id":"https:\/\/www.lernpoint.at\/de\/#organization","name":"Lernpoint","url":"https:\/\/www.lernpoint.at\/de\/","logo":{"@type":"ImageObject","inLanguage":"tr","@id":"https:\/\/www.lernpoint.at\/de\/#\/schema\/logo\/image\/","url":"http:\/\/lernpoint.languagecentre.at\/wp-content\/uploads\/2024\/04\/logo-final.png","contentUrl":"http:\/\/lernpoint.languagecentre.at\/wp-content\/uploads\/2024\/04\/logo-final.png","width":670,"height":434,"caption":"Lernpoint"},"image":{"@id":"https:\/\/www.lernpoint.at\/de\/#\/schema\/logo\/image\/"},"sameAs":["https:\/\/www.facebook.com\/lernpoint.wien\/","https:\/\/www.instagram.com\/lernpoint\/"]}]}},"_links":{"self":[{"href":"https:\/\/www.lernpoint.at\/tr\/wp-json\/wp\/v2\/pages\/2991","targetHints":{"allow":["GET"]}}],"collection":[{"href":"https:\/\/www.lernpoint.at\/tr\/wp-json\/wp\/v2\/pages"}],"about":[{"href":"https:\/\/www.lernpoint.at\/tr\/wp-json\/wp\/v2\/types\/page"}],"author":[{"embeddable":true,"href":"https:\/\/www.lernpoint.at\/tr\/wp-json\/wp\/v2\/users\/1"}],"replies":[{"embeddable":true,"href":"https:\/\/www.lernpoint.at\/tr\/wp-json\/wp\/v2\/comments?post=2991"}],"version-history":[{"count":5,"href":"https:\/\/www.lernpoint.at\/tr\/wp-json\/wp\/v2\/pages\/2991\/revisions"}],"predecessor-version":[{"id":3901,"href":"https:\/\/www.lernpoint.at\/tr\/wp-json\/wp\/v2\/pages\/2991\/revisions\/3901"}],"wp:attachment":[{"href":"https:\/\/www.lernpoint.at\/tr\/wp-json\/wp\/v2\/media?parent=2991"}],"curies":[{"name":"wp","href":"https:\/\/api.w.org\/{rel}","templated":true}]}}