{"id":3110,"date":"2024-10-02T21:49:18","date_gmt":"2024-10-02T20:49:18","guid":{"rendered":"https:\/\/www.lernpoint.at\/humelody-projesi\/"},"modified":"2024-10-08T19:15:56","modified_gmt":"2024-10-08T18:15:56","slug":"humelody-projesi","status":"publish","type":"page","link":"https:\/\/www.lernpoint.at\/tr\/humelody-projesi\/","title":{"rendered":"HUMELODY projesi"},"content":{"rendered":"<p>[et_pb_section fb_built=&#8221;1&#8243; admin_label=&#8221;Featured Courses&#8221; _builder_version=&#8221;4.16&#8243; custom_padding=&#8221;54px|0px|80px|0px|false|false&#8221; global_colors_info=&#8221;{}&#8221; theme_builder_area=&#8221;post_content&#8221;][et_pb_row _builder_version=&#8221;4.16&#8243; global_colors_info=&#8221;{}&#8221; theme_builder_area=&#8221;post_content&#8221;][et_pb_column type=&#8221;4_4&#8243; _builder_version=&#8221;4.16&#8243; custom_padding=&#8221;|||&#8221; global_colors_info=&#8221;{}&#8221; custom_padding__hover=&#8221;|||&#8221; theme_builder_area=&#8221;post_content&#8221;][et_pb_text _builder_version=&#8221;4.25.1&#8243; text_font=&#8221;EB Garamond|700|||||||&#8221; text_text_color=&#8221;#E02B20&#8243; text_font_size=&#8221;80px&#8221; text_line_height=&#8221;0em&#8221; header_2_font=&#8221;EB Garamond||||||||&#8221; header_2_font_size=&#8221;50px&#8221; header_2_line_height=&#8221;1.3em&#8221; text_orientation=&#8221;center&#8221; custom_padding=&#8221;0px|||||&#8221; text_font_size_tablet=&#8221;50px&#8221; text_font_size_phone=&#8221;30px&#8221; text_font_size_last_edited=&#8221;on|desktop&#8221; header_2_font_size_tablet=&#8221;40px&#8221; header_2_font_size_phone=&#8221;30px&#8221; header_2_font_size_last_edited=&#8221;on|phone&#8221; global_colors_info=&#8221;{}&#8221; theme_builder_area=&#8221;post_content&#8221;]<\/p>\n<h2>HUMELODY Projesi<\/h2>\n<h1><\/h1>\n<p>[\/et_pb_text][\/et_pb_column][\/et_pb_row][et_pb_row column_structure=&#8221;1_2,1_2&#8243; custom_padding_last_edited=&#8221;on|phone&#8221; _builder_version=&#8221;4.27.0&#8243; background_color=&#8221;#ffffff&#8221; max_width=&#8221;1280px&#8221; custom_padding=&#8221;60px|40px||40px|false|true&#8221; custom_padding_tablet=&#8221;||||false|true&#8221; custom_padding_phone=&#8221;0px|20px|0px|20px|true|true&#8221; animation_style=&#8221;zoom&#8221; animation_intensity_zoom=&#8221;2%&#8221; border_radii=&#8221;off|12px|12px||&#8221; box_shadow_style=&#8221;preset1&#8243; box_shadow_vertical=&#8221;50px&#8221; box_shadow_blur=&#8221;80px&#8221; box_shadow_color=&#8221;rgba(15,19,25,0.1)&#8221; use_custom_width=&#8221;on&#8221; custom_width_px=&#8221;1280px&#8221; global_colors_info=&#8221;{}&#8221; theme_builder_area=&#8221;post_content&#8221;][et_pb_column type=&#8221;1_2&#8243; _builder_version=&#8221;4.17.6&#8243; custom_padding=&#8221;|||&#8221; global_colors_info=&#8221;{}&#8221; custom_padding__hover=&#8221;|||&#8221; theme_builder_area=&#8221;post_content&#8221;][et_pb_text _builder_version=&#8221;4.27.0&#8243; text_font=&#8221;||||||||&#8221; text_font_size=&#8221;15px&#8221; text_line_height=&#8221;2em&#8221; header_font=&#8221;||||||||&#8221; header_2_font=&#8221;||||||||&#8221; header_3_font=&#8221;EB Garamond||||||||&#8221; header_3_font_size=&#8221;30px&#8221; header_3_line_height=&#8221;1.4em&#8221; header_4_font=&#8221;|700||on|||||&#8221; header_4_text_color=&#8221;#ffdaa4&#8243; header_4_font_size=&#8221;12px&#8221; header_4_letter_spacing=&#8221;2px&#8221; header_4_line_height=&#8221;2em&#8221; text_line_height_tablet=&#8221;&#8221; text_line_height_phone=&#8221;1.6em&#8221; text_line_height_last_edited=&#8221;on|phone&#8221; header_3_font_size_phone=&#8221;30px&#8221; header_3_font_size_last_edited=&#8221;off|desktop&#8221; locked=&#8221;off&#8221; global_colors_info=&#8221;{}&#8221; theme_builder_area=&#8221;post_content&#8221;]<\/p>\n<p>HUMELODY projesi, gen\u00e7 g\u00f6\u00e7menleri sanat, m\u00fczik ve sporun evrensel ara\u00e7lar\u0131 arac\u0131l\u0131\u011f\u0131yla g\u00fc\u00e7lendirmek, insan haklar\u0131 konusundaki fark\u0131ndal\u0131klar\u0131n\u0131 ve savunuculuklar\u0131n\u0131 art\u0131rmak i\u00e7in tasarlanm\u0131\u015ft\u0131r. Gen\u00e7 g\u00f6\u00e7menleri kendilerinin ve ba\u015fkalar\u0131n\u0131n haklar\u0131 i\u00e7in el\u00e7i olmalar\u0131 i\u00e7in gerekli becerilerle donatarak topluluklar i\u00e7inde olumlu de\u011fi\u015fimi te\u015fvik etmeyi ama\u00e7lamaktad\u0131r. <\/p>\n<p>Hedefler: &#8211; Gen\u00e7 g\u00f6\u00e7menleri kendi toplumlar\u0131nda insan haklar\u0131 savunucular\u0131 olarak g\u00fc\u00e7lendirirken, onlar\u0131 ileti\u015fim, ele\u015ftirel d\u00fc\u015f\u00fcnme, empati, ekip \u00e7al\u0131\u015fmas\u0131 ve k\u00fclt\u00fcrel duyarl\u0131l\u0131k gibi temel sosyal becerilerle donatarak zorluklar\u0131n \u00fcstesinden gelmek ve olumlu de\u011fi\u015fimi te\u015fvik etmek.<br \/>&#8211; Gen\u00e7lik \u00e7al\u0131\u015fanlar\u0131n\u0131, hem gen\u00e7 g\u00f6\u00e7menlerle hem de kendi topluluklar\u0131yla etkin bir \u015fekilde etkile\u015fim kurmak ve onlar\u0131 g\u00fc\u00e7lendirmek i\u00e7in ara\u00e7lar ve kaynaklarla desteklemek ve g\u00fc\u00e7lendirmek, b\u00f6ylece projenin \u00e7abalar\u0131n\u0131n genel etkisini ve s\u00fcrd\u00fcr\u00fclebilirli\u011fini art\u0131rmak.<\/p>\n<p>&#8211; E\u011fitici a\u00e7\u0131l\u0131\u015f oturumlar\u0131 arac\u0131l\u0131\u011f\u0131yla gen\u00e7 g\u00f6\u00e7menleri insan haklar\u0131 konusunda bilgilendirerek g\u00fc\u00e7lendirmek ve g\u00f6\u00e7men n\u00fcfusu i\u00e7indeki zengin \u00e7e\u015fitlili\u011fi ke\u015ffetmek ve insan haklar\u0131 konusunda fark\u0131ndal\u0131\u011f\u0131 art\u0131rmak i\u00e7in sanat, m\u00fczik ve spor temelli etkinlikleri entegre eden kapsay\u0131c\u0131 toplum temelli at\u00f6lye \u00e7al\u0131\u015fmalar\u0131 d\u00fczenlemek.<br \/>&#8211; Toplumsal etkiyi art\u0131rmay\u0131, yerel topluluklar ile g\u00f6\u00e7menler aras\u0131ndaki engelleri y\u0131kmay\u0131 ve kar\u015f\u0131l\u0131kl\u0131 anlay\u0131\u015f\u0131 te\u015fvik etmeyi ama\u00e7layarak gen\u00e7 g\u00f6\u00e7menlerin geli\u015fimine odaklanan farkl\u0131 kurulu\u015flarla i\u015fbirli\u011fini te\u015fvik etmek.<\/p>\n<p>HUMELODY projesi, bilgiyi yaymay\u0131, gen\u00e7 g\u00f6\u00e7menlerin kat\u0131l\u0131m\u0131n\u0131 sa\u011flamay\u0131 ve insan haklar\u0131 savunuculu\u011funun pratikte uygulanmas\u0131n\u0131 kolayla\u015ft\u0131rmay\u0131 ama\u00e7layan bir dizi etkinlik geli\u015ftirmi\u015ftir.<br \/>Somut sonu\u00e7lar aras\u0131nda bir kitap\u00e7\u0131k, web sitesi, 3 web semineri, 3 a\u00e7\u0131l\u0131\u015f oturumu, 3 yerel at\u00f6lye \u00e7al\u0131\u015fmas\u0131 ve 3 Nihai Sonu\u00e7 Toplant\u0131s\u0131 yer almaktad\u0131r.<br \/>Sonu\u00e7 olarak HUMELODY, bu kapsaml\u0131 etkinlikler dizisi arac\u0131l\u0131\u011f\u0131yla gen\u00e7 g\u00f6\u00e7menleri etkili bir \u015fekilde g\u00fc\u00e7lendirecek ve hedeflerini ger\u00e7ekle\u015ftirecektir. Proje tan\u0131m\u0131: HUMELODY projesi, gen\u00e7 g\u00f6\u00e7menleri insan haklar\u0131 savunuculu\u011fu yoluyla g\u00fc\u00e7lendirmeye ve gen\u00e7lere y\u00f6nelik giri\u015fimlerin kalitesini ve etkisini art\u0131rmaya odaklanarak hedeflerini \u00f6ncelikleriyle uyumlu hale getirmektedir.<br \/>Proje, gen\u00e7 g\u00f6\u00e7menleri savunuculuk becerileri ve insan haklar\u0131 konusunda bilgi ile donatarak, onlar\u0131 toplum liderleri haline getirmeyi, aktif vatanda\u015fl\u0131\u011f\u0131 ve inisiyatifi te\u015fvik etmeyi ama\u00e7lamaktad\u0131r. Ayr\u0131ca, e\u011fitici ve yarat\u0131c\u0131 at\u00f6lye \u00e7al\u0131\u015fmalar\u0131n\u0131n d\u00fczenlenmesi, gen\u00e7lik \u00e7al\u0131\u015fmalar\u0131n\u0131n etkinli\u011fini ve g\u00f6r\u00fcn\u00fcrl\u00fc\u011f\u00fcn\u00fc art\u0131rmay\u0131, yenilik\u00e7ili\u011fe ve gen\u00e7lere y\u00f6nelik giri\u015fimlerin tan\u0131nmas\u0131na katk\u0131da bulunmay\u0131 ama\u00e7lamaktad\u0131r. Ayr\u0131ca HUMELODY, ara\u00e7lar, kaynaklar ve e\u011fitim sa\u011flayarak gen\u00e7lik \u00e7al\u0131\u015fanlar\u0131n\u0131n hem gen\u00e7 g\u00f6\u00e7menlerle hem de kendi topluluklar\u0131yla etkin bir \u015fekilde etkile\u015fim kurmalar\u0131n\u0131 ve onlar\u0131 g\u00fc\u00e7lendirmelerini sa\u011flar. Bu ikili yakla\u015f\u0131m, gen\u00e7 g\u00f6\u00e7menler i\u00e7in genel destek ekosistemini g\u00fc\u00e7lendirmekte ve topluluklar i\u00e7inde s\u00fcrd\u00fcr\u00fclebilir de\u011fi\u015fim ve savunuculuk \u00e7abalar\u0131n\u0131 kolayla\u015ft\u0131rmaktad\u0131r.      <\/p>\n<p>[\/et_pb_text][\/et_pb_column][et_pb_column type=&#8221;1_2&#8243; _builder_version=&#8221;4.17.6&#8243; custom_padding=&#8221;|||&#8221; global_colors_info=&#8221;{}&#8221; custom_padding__hover=&#8221;|||&#8221; theme_builder_area=&#8221;post_content&#8221;][et_pb_image src=&#8221;https:\/\/www.lernpoint.at\/wp-content\/uploads\/2024\/10\/d0b822ff-5161-442a-ad4c-88bb0a1133ef.jpeg&#8221; _builder_version=&#8221;4.27.0&#8243; _module_preset=&#8221;default&#8221; theme_builder_area=&#8221;post_content&#8221; title_text=&#8221;d0b822ff-5161-442a-ad4c-88bb0a1133ef&#8221; hover_enabled=&#8221;0&#8243; sticky_enabled=&#8221;0&#8243;][\/et_pb_image][\/et_pb_column][\/et_pb_row][\/et_pb_section][et_pb_section fb_built=&#8221;1&#8243; fullwidth=&#8221;on&#8221; admin_label=&#8221;Footer&#8221; _builder_version=&#8221;4.27.0&#8243; global_module=&#8221;2188&#8243; saved_tabs=&#8221;all&#8221; locked=&#8221;off&#8221; global_colors_info=&#8221;{}&#8221; theme_builder_area=&#8221;post_content&#8221;][et_pb_fullwidth_header title=&#8221;Bug\u00fcn bir kurs rezervasyonu yap\u0131n!&#8221; text_orientation=&#8221;center&#8221; button_one_text=&#8221;Kurs tarihleri&#8221; button_one_url=&#8221;@ET-DC@eyJkeW5hbWljIjp0cnVlLCJjb250ZW50IjoicG9zdF9saW5rX3VybF9wYWdlIiwic2V0dGluZ3MiOnsicG9zdF9pZCI6IjYzMyIsImVuYWJsZV9odG1sIjoib2ZmIn19@&#8221; button_two_text=&#8221;S\u0131nav tarihleri&#8221; button_two_url=&#8221;@ET-DC@eyJkeW5hbWljIjp0cnVlLCJjb250ZW50IjoicG9zdF9saW5rX3VybF9wYWdlIiwic2V0dGluZ3MiOnsicG9zdF9pZCI6IjE5MTYiLCJlbmFibGVfaHRtbCI6Im9mZiJ9fQ==@&#8221; content_max_width_phone=&#8221;580px&#8221; content_max_width_last_edited=&#8221;off|desktop&#8221; _builder_version=&#8221;4.27.0&#8243; _dynamic_attributes=&#8221;button_one_url,button_two_url&#8221; title_font=&#8221;EB Garamond||||||||&#8221; title_font_size=&#8221;50px&#8221; title_line_height=&#8221;1.3em&#8221; content_font=&#8221;||||||||&#8221; content_text_color=&#8221;#000000&#8243; content_font_size=&#8221;18px&#8221; content_line_height=&#8221;2em&#8221; background_enable_color=&#8221;off&#8221; background_image=&#8221;https:\/\/www.lernpoint.at\/wp-content\/uploads\/2024\/06\/cropped-logo_p_hq-1.png&#8221; background_size=&#8221;custom&#8221; background_image_width=&#8221;19%&#8221; background_position=&#8221;top_right&#8221; background_horizontal_offset=&#8221;4%&#8221; background_vertical_offset=&#8221;55%&#8221; custom_button_one=&#8221;on&#8221; button_one_text_size=&#8221;16px&#8221; button_one_text_color=&#8221;#ffffff&#8221; button_one_bg_color=&#8221;#f16236&#8243; button_one_border_width=&#8221;10px&#8221; button_one_border_color=&#8221;rgba(0,0,0,0)&#8221; button_one_border_radius=&#8221;100px&#8221; button_one_letter_spacing=&#8221;1px&#8221; button_one_font=&#8221;|700||on|||||&#8221; custom_button_two=&#8221;on&#8221; button_two_text_size=&#8221;16px&#8221; button_two_text_color=&#8221;#ffffff&#8221; button_two_bg_color=&#8221;#0e76bc&#8221; button_two_border_width=&#8221;10px&#8221; button_two_border_color=&#8221;rgba(0,0,0,0)&#8221; button_two_border_radius=&#8221;100px&#8221; button_two_letter_spacing=&#8221;1px&#8221; button_two_font=&#8221;|700||on|||||&#8221; background_layout=&#8221;light&#8221; custom_padding=&#8221;||||true|false&#8221; custom_padding_tablet=&#8221;&#8221; custom_padding_phone=&#8221;20px||20px||true&#8221; custom_padding_last_edited=&#8221;on|phone&#8221; title_font_size_tablet=&#8221;40px&#8221; title_font_size_phone=&#8221;30px&#8221; title_font_size_last_edited=&#8221;on|phone&#8221; content_font_size_tablet=&#8221;&#8221; content_font_size_phone=&#8221;15px&#8221; content_font_size_last_edited=&#8221;on|phone&#8221; background_last_edited=&#8221;on|tablet&#8221; background_enable_image_tablet=&#8221;off&#8221; background_enable_image_phone=&#8221;off&#8221; parallax_phone=&#8221;off&#8221; background_size_tablet=&#8221;custom&#8221; background_size_phone=&#8221;custom&#8221; background_horizontal_offset_tablet=&#8221;-71%&#8221; box_shadow_style_button_one=&#8221;preset1&#8243; box_shadow_vertical_button_one=&#8221;10px&#8221; box_shadow_blur_button_one=&#8221;30px&#8221; box_shadow_color_button_one=&#8221;rgba(255,0,8,0.24)&#8221; box_shadow_style_button_two=&#8221;preset1&#8243; box_shadow_vertical_button_two=&#8221;10px&#8221; box_shadow_blur_button_two=&#8221;30px&#8221; box_shadow_color_button_two=&#8221;rgba(60,190,190,0.24)&#8221; button_one_letter_spacing_hover=&#8221;1px&#8221; button_two_letter_spacing_hover=&#8221;1px&#8221; global_colors_info=&#8221;{}&#8221; button_one_text_size__hover_enabled=&#8221;off&#8221; button_two_text_size__hover_enabled=&#8221;off&#8221; button_one_text_color__hover_enabled=&#8221;off&#8221; button_two_text_color__hover_enabled=&#8221;off&#8221; button_one_border_width__hover_enabled=&#8221;off&#8221; button_two_border_width__hover_enabled=&#8221;off&#8221; button_one_border_color__hover_enabled=&#8221;off&#8221; button_two_border_color__hover_enabled=&#8221;off&#8221; button_one_border_radius__hover_enabled=&#8221;off&#8221; button_two_border_radius__hover_enabled=&#8221;off&#8221; button_one_letter_spacing__hover_enabled=&#8221;on&#8221; button_one_letter_spacing__hover=&#8221;1px&#8221; button_two_letter_spacing__hover_enabled=&#8221;on&#8221; button_two_letter_spacing__hover=&#8221;1px&#8221; button_one_bg_color__hover_enabled=&#8221;off&#8221; button_two_bg_color__hover_enabled=&#8221;off&#8221; background__hover_enabled=&#8221;off|desktop&#8221; theme_builder_area=&#8221;post_content&#8221;]<\/p>\n<p>+43 1 607 48 56 admin@lernpoint.at<\/p>\n<p>[\/et_pb_fullwidth_header][\/et_pb_section]<\/p>\n","protected":false},"excerpt":{"rendered":"<p>HUMELODY Projesi HUMELODY projesi, gen\u00e7 g\u00f6\u00e7menleri sanat, m\u00fczik ve sporun evrensel ara\u00e7lar\u0131 arac\u0131l\u0131\u011f\u0131yla g\u00fc\u00e7lendirmek, insan haklar\u0131 konusundaki fark\u0131ndal\u0131klar\u0131n\u0131 ve savunuculuklar\u0131n\u0131 art\u0131rmak i\u00e7in tasarlanm\u0131\u015ft\u0131r. Gen\u00e7 g\u00f6\u00e7menleri kendilerinin ve ba\u015fkalar\u0131n\u0131n haklar\u0131 i\u00e7in el\u00e7i olmalar\u0131 i\u00e7in gerekli becerilerle donatarak topluluklar i\u00e7inde olumlu de\u011fi\u015fimi te\u015fvik etmeyi ama\u00e7lamaktad\u0131r. Hedefler: &#8211; Gen\u00e7 g\u00f6\u00e7menleri kendi toplumlar\u0131nda insan haklar\u0131 savunucular\u0131 olarak g\u00fc\u00e7lendirirken, onlar\u0131 [&hellip;]<\/p>\n","protected":false},"author":1,"featured_media":0,"parent":0,"menu_order":0,"comment_status":"closed","ping_status":"closed","template":"","meta":{"_et_pb_use_builder":"on","_et_pb_old_content":"","_et_gb_content_width":"","footnotes":""},"class_list":["post-3110","page","type-page","status-publish","hentry"],"yoast_head":"<!-- This site is optimized with the Yoast SEO plugin v27.4 - https:\/\/yoast.com\/product\/yoast-seo-wordpress\/ -->\n<title>HUMELODY projesi - Lernpoint<\/title>\n<meta name=\"robots\" content=\"index, follow, max-snippet:-1, max-image-preview:large, max-video-preview:-1\" \/>\n<link rel=\"canonical\" href=\"https:\/\/www.lernpoint.at\/tr\/humelody-projesi\/\" \/>\n<meta property=\"og:locale\" content=\"tr_TR\" \/>\n<meta property=\"og:type\" content=\"article\" \/>\n<meta property=\"og:title\" content=\"HUMELODY projesi - Lernpoint\" \/>\n<meta property=\"og:description\" content=\"HUMELODY Projesi HUMELODY projesi, gen\u00e7 g\u00f6\u00e7menleri sanat, m\u00fczik ve sporun evrensel ara\u00e7lar\u0131 arac\u0131l\u0131\u011f\u0131yla g\u00fc\u00e7lendirmek, insan haklar\u0131 konusundaki fark\u0131ndal\u0131klar\u0131n\u0131 ve savunuculuklar\u0131n\u0131 art\u0131rmak i\u00e7in tasarlanm\u0131\u015ft\u0131r. Gen\u00e7 g\u00f6\u00e7menleri kendilerinin ve ba\u015fkalar\u0131n\u0131n haklar\u0131 i\u00e7in el\u00e7i olmalar\u0131 i\u00e7in gerekli becerilerle donatarak topluluklar i\u00e7inde olumlu de\u011fi\u015fimi te\u015fvik etmeyi ama\u00e7lamaktad\u0131r. Hedefler: - Gen\u00e7 g\u00f6\u00e7menleri kendi toplumlar\u0131nda insan haklar\u0131 savunucular\u0131 olarak g\u00fc\u00e7lendirirken, onlar\u0131 [&hellip;]\" \/>\n<meta property=\"og:url\" content=\"https:\/\/www.lernpoint.at\/tr\/humelody-projesi\/\" \/>\n<meta property=\"og:site_name\" content=\"Lernpoint\" \/>\n<meta property=\"article:publisher\" content=\"https:\/\/www.facebook.com\/lernpoint.wien\/\" \/>\n<meta property=\"article:modified_time\" content=\"2024-10-08T18:15:56+00:00\" \/>\n<meta name=\"twitter:card\" content=\"summary_large_image\" \/>\n<meta name=\"twitter:label1\" content=\"Tahmini okuma s\u00fcresi\" \/>\n\t<meta name=\"twitter:data1\" content=\"8 dakika\" \/>\n<script type=\"application\/ld+json\" class=\"yoast-schema-graph\">{\"@context\":\"https:\\\/\\\/schema.org\",\"@graph\":[{\"@type\":\"WebPage\",\"@id\":\"https:\\\/\\\/www.lernpoint.at\\\/tr\\\/humelody-projesi\\\/\",\"url\":\"https:\\\/\\\/www.lernpoint.at\\\/tr\\\/humelody-projesi\\\/\",\"name\":\"HUMELODY projesi - Lernpoint\",\"isPartOf\":{\"@id\":\"https:\\\/\\\/www.lernpoint.at\\\/de\\\/#website\"},\"datePublished\":\"2024-10-02T20:49:18+00:00\",\"dateModified\":\"2024-10-08T18:15:56+00:00\",\"breadcrumb\":{\"@id\":\"https:\\\/\\\/www.lernpoint.at\\\/tr\\\/humelody-projesi\\\/#breadcrumb\"},\"inLanguage\":\"tr\",\"potentialAction\":[{\"@type\":\"ReadAction\",\"target\":[\"https:\\\/\\\/www.lernpoint.at\\\/tr\\\/humelody-projesi\\\/\"]}]},{\"@type\":\"BreadcrumbList\",\"@id\":\"https:\\\/\\\/www.lernpoint.at\\\/tr\\\/humelody-projesi\\\/#breadcrumb\",\"itemListElement\":[{\"@type\":\"ListItem\",\"position\":1,\"name\":\"Home\",\"item\":\"https:\\\/\\\/www.lernpoint.at\\\/tr\\\/\"},{\"@type\":\"ListItem\",\"position\":2,\"name\":\"HUMELODY projesi\"}]},{\"@type\":\"WebSite\",\"@id\":\"https:\\\/\\\/www.lernpoint.at\\\/de\\\/#website\",\"url\":\"https:\\\/\\\/www.lernpoint.at\\\/de\\\/\",\"name\":\"Lernpoint\",\"description\":\"Hier finden Sie Stellenangebote bei Lernpoint | Unsere Schwerpunkte liegen in der deutschen Sprachvermittlung f\u00fcr Studium &amp; Beruf. Hier mehr erfahren! 41+ courses in Vienna: German, English &amp; other language courses founded by government, WAFF, \u00d6IF, AMS, Magistrat, Arbeiterkammer\",\"publisher\":{\"@id\":\"https:\\\/\\\/www.lernpoint.at\\\/de\\\/#organization\"},\"potentialAction\":[{\"@type\":\"SearchAction\",\"target\":{\"@type\":\"EntryPoint\",\"urlTemplate\":\"https:\\\/\\\/www.lernpoint.at\\\/de\\\/?s={search_term_string}\"},\"query-input\":{\"@type\":\"PropertyValueSpecification\",\"valueRequired\":true,\"valueName\":\"search_term_string\"}}],\"inLanguage\":\"tr\"},{\"@type\":\"Organization\",\"@id\":\"https:\\\/\\\/www.lernpoint.at\\\/de\\\/#organization\",\"name\":\"Lernpoint\",\"url\":\"https:\\\/\\\/www.lernpoint.at\\\/de\\\/\",\"logo\":{\"@type\":\"ImageObject\",\"inLanguage\":\"tr\",\"@id\":\"https:\\\/\\\/www.lernpoint.at\\\/de\\\/#\\\/schema\\\/logo\\\/image\\\/\",\"url\":\"http:\\\/\\\/lernpoint.languagecentre.at\\\/wp-content\\\/uploads\\\/2024\\\/04\\\/logo-final.png\",\"contentUrl\":\"http:\\\/\\\/lernpoint.languagecentre.at\\\/wp-content\\\/uploads\\\/2024\\\/04\\\/logo-final.png\",\"width\":670,\"height\":434,\"caption\":\"Lernpoint\"},\"image\":{\"@id\":\"https:\\\/\\\/www.lernpoint.at\\\/de\\\/#\\\/schema\\\/logo\\\/image\\\/\"},\"sameAs\":[\"https:\\\/\\\/www.facebook.com\\\/lernpoint.wien\\\/\",\"https:\\\/\\\/www.instagram.com\\\/lernpoint\\\/\"]}]}<\/script>\n<!-- \/ Yoast SEO plugin. -->","yoast_head_json":{"title":"HUMELODY projesi - Lernpoint","robots":{"index":"index","follow":"follow","max-snippet":"max-snippet:-1","max-image-preview":"max-image-preview:large","max-video-preview":"max-video-preview:-1"},"canonical":"https:\/\/www.lernpoint.at\/tr\/humelody-projesi\/","og_locale":"tr_TR","og_type":"article","og_title":"HUMELODY projesi - Lernpoint","og_description":"HUMELODY Projesi HUMELODY projesi, gen\u00e7 g\u00f6\u00e7menleri sanat, m\u00fczik ve sporun evrensel ara\u00e7lar\u0131 arac\u0131l\u0131\u011f\u0131yla g\u00fc\u00e7lendirmek, insan haklar\u0131 konusundaki fark\u0131ndal\u0131klar\u0131n\u0131 ve savunuculuklar\u0131n\u0131 art\u0131rmak i\u00e7in tasarlanm\u0131\u015ft\u0131r. Gen\u00e7 g\u00f6\u00e7menleri kendilerinin ve ba\u015fkalar\u0131n\u0131n haklar\u0131 i\u00e7in el\u00e7i olmalar\u0131 i\u00e7in gerekli becerilerle donatarak topluluklar i\u00e7inde olumlu de\u011fi\u015fimi te\u015fvik etmeyi ama\u00e7lamaktad\u0131r. Hedefler: - Gen\u00e7 g\u00f6\u00e7menleri kendi toplumlar\u0131nda insan haklar\u0131 savunucular\u0131 olarak g\u00fc\u00e7lendirirken, onlar\u0131 [&hellip;]","og_url":"https:\/\/www.lernpoint.at\/tr\/humelody-projesi\/","og_site_name":"Lernpoint","article_publisher":"https:\/\/www.facebook.com\/lernpoint.wien\/","article_modified_time":"2024-10-08T18:15:56+00:00","twitter_card":"summary_large_image","twitter_misc":{"Tahmini okuma s\u00fcresi":"8 dakika"},"schema":{"@context":"https:\/\/schema.org","@graph":[{"@type":"WebPage","@id":"https:\/\/www.lernpoint.at\/tr\/humelody-projesi\/","url":"https:\/\/www.lernpoint.at\/tr\/humelody-projesi\/","name":"HUMELODY projesi - Lernpoint","isPartOf":{"@id":"https:\/\/www.lernpoint.at\/de\/#website"},"datePublished":"2024-10-02T20:49:18+00:00","dateModified":"2024-10-08T18:15:56+00:00","breadcrumb":{"@id":"https:\/\/www.lernpoint.at\/tr\/humelody-projesi\/#breadcrumb"},"inLanguage":"tr","potentialAction":[{"@type":"ReadAction","target":["https:\/\/www.lernpoint.at\/tr\/humelody-projesi\/"]}]},{"@type":"BreadcrumbList","@id":"https:\/\/www.lernpoint.at\/tr\/humelody-projesi\/#breadcrumb","itemListElement":[{"@type":"ListItem","position":1,"name":"Home","item":"https:\/\/www.lernpoint.at\/tr\/"},{"@type":"ListItem","position":2,"name":"HUMELODY projesi"}]},{"@type":"WebSite","@id":"https:\/\/www.lernpoint.at\/de\/#website","url":"https:\/\/www.lernpoint.at\/de\/","name":"Lernpoint","description":"Hier finden Sie Stellenangebote bei Lernpoint | Unsere Schwerpunkte liegen in der deutschen Sprachvermittlung f\u00fcr Studium &amp; Beruf. Hier mehr erfahren! 41+ courses in Vienna: German, English &amp; other language courses founded by government, WAFF, \u00d6IF, AMS, Magistrat, Arbeiterkammer","publisher":{"@id":"https:\/\/www.lernpoint.at\/de\/#organization"},"potentialAction":[{"@type":"SearchAction","target":{"@type":"EntryPoint","urlTemplate":"https:\/\/www.lernpoint.at\/de\/?s={search_term_string}"},"query-input":{"@type":"PropertyValueSpecification","valueRequired":true,"valueName":"search_term_string"}}],"inLanguage":"tr"},{"@type":"Organization","@id":"https:\/\/www.lernpoint.at\/de\/#organization","name":"Lernpoint","url":"https:\/\/www.lernpoint.at\/de\/","logo":{"@type":"ImageObject","inLanguage":"tr","@id":"https:\/\/www.lernpoint.at\/de\/#\/schema\/logo\/image\/","url":"http:\/\/lernpoint.languagecentre.at\/wp-content\/uploads\/2024\/04\/logo-final.png","contentUrl":"http:\/\/lernpoint.languagecentre.at\/wp-content\/uploads\/2024\/04\/logo-final.png","width":670,"height":434,"caption":"Lernpoint"},"image":{"@id":"https:\/\/www.lernpoint.at\/de\/#\/schema\/logo\/image\/"},"sameAs":["https:\/\/www.facebook.com\/lernpoint.wien\/","https:\/\/www.instagram.com\/lernpoint\/"]}]}},"_links":{"self":[{"href":"https:\/\/www.lernpoint.at\/tr\/wp-json\/wp\/v2\/pages\/3110","targetHints":{"allow":["GET"]}}],"collection":[{"href":"https:\/\/www.lernpoint.at\/tr\/wp-json\/wp\/v2\/pages"}],"about":[{"href":"https:\/\/www.lernpoint.at\/tr\/wp-json\/wp\/v2\/types\/page"}],"author":[{"embeddable":true,"href":"https:\/\/www.lernpoint.at\/tr\/wp-json\/wp\/v2\/users\/1"}],"replies":[{"embeddable":true,"href":"https:\/\/www.lernpoint.at\/tr\/wp-json\/wp\/v2\/comments?post=3110"}],"version-history":[{"count":2,"href":"https:\/\/www.lernpoint.at\/tr\/wp-json\/wp\/v2\/pages\/3110\/revisions"}],"predecessor-version":[{"id":3122,"href":"https:\/\/www.lernpoint.at\/tr\/wp-json\/wp\/v2\/pages\/3110\/revisions\/3122"}],"wp:attachment":[{"href":"https:\/\/www.lernpoint.at\/tr\/wp-json\/wp\/v2\/media?parent=3110"}],"curies":[{"name":"wp","href":"https:\/\/api.w.org\/{rel}","templated":true}]}}