{"id":3149,"date":"2024-09-22T21:41:35","date_gmt":"2024-09-22T20:41:35","guid":{"rendered":"https:\/\/www.lernpoint.at\/kuenye\/"},"modified":"2024-10-08T19:16:34","modified_gmt":"2024-10-08T18:16:34","slug":"kuenye","status":"publish","type":"page","link":"https:\/\/www.lernpoint.at\/tr\/hakkimizda\/kuenye\/","title":{"rendered":"K\u00fcnye"},"content":{"rendered":"<p>[et_pb_section fb_built=&#8221;1&#8243; theme_builder_area=&#8221;post_content&#8221; _builder_version=&#8221;4.27.0&#8243; _module_preset=&#8221;default&#8221;][et_pb_row _builder_version=&#8221;4.27.0&#8243; _module_preset=&#8221;default&#8221; theme_builder_area=&#8221;post_content&#8221;][et_pb_column _builder_version=&#8221;4.27.0&#8243; _module_preset=&#8221;default&#8221; type=&#8221;4_4&#8243; theme_builder_area=&#8221;post_content&#8221;][et_pb_heading title=&#8221;K\u00fcnye&#8221; _builder_version=&#8221;4.27.0&#8243; _module_preset=&#8221;default&#8221; theme_builder_area=&#8221;post_content&#8221; hover_enabled=&#8221;0&#8243; sticky_enabled=&#8221;0&#8243;][\/et_pb_heading][\/et_pb_column][\/et_pb_row][et_pb_row _builder_version=&#8221;4.27.0&#8243; _module_preset=&#8221;default&#8221; theme_builder_area=&#8221;post_content&#8221; custom_padding=&#8221;50px|||||&#8221; hover_enabled=&#8221;0&#8243; sticky_enabled=&#8221;0&#8243;][et_pb_column _builder_version=&#8221;4.27.0&#8243; _module_preset=&#8221;default&#8221; type=&#8221;4_4&#8243; theme_builder_area=&#8221;post_content&#8221;][et_pb_text _builder_version=&#8221;4.27.0&#8243; _module_preset=&#8221;default&#8221; theme_builder_area=&#8221;post_content&#8221; hover_enabled=&#8221;0&#8243; sticky_enabled=&#8221;0&#8243;]<\/p>\n<p><span> <\/span><a href=\"mailto:office@lernpoint.at\" style=\"font-size: 14px; background-color: #ffffff;\"><img loading=\"lazy\" decoding=\"async\" src=\"https:\/\/www.lernpoint.at\/wp-content\/uploads\/2024\/07\/logo_2016-300x163.jpg\" width=\"300\" height=\"163\" alt=\"\" class=\"wp-image-2127 alignnone size-medium\" style=\"font-size: 14px; float: right;\"><\/a><span>Keplergasse 14 Top 3.01<\/span>,<\/p>\n<p>A-1100 Viyana<\/p>\n<p>admin@lernpoint.at<\/p>\n<p>Telefon: 1 607 48 56<\/p>\n<p>ZVR numaras\u0131: 413817236<\/p>\n<p>UID: ATU67872359<\/p>\n<p>&nbsp;<\/p>\n<p>\u00c7al\u0131\u015fmalar\u0131m\u0131za de\u011fer veriyor ve bizi desteklemek mi istiyorsunuz? G\u00f6n\u00fcll\u00fc ba\u011f\u0131\u015flar\u0131 minnetle kabul ediyoruz. <\/p>\n<p>&nbsp;<\/p>\n<p>Lernpoint, IBAN: AT35 1400 0028 1066 6296 BIC: BAWAATWW<\/p>\n<p>[\/et_pb_text][\/et_pb_column][\/et_pb_row][\/et_pb_section]<\/p>\n","protected":false},"excerpt":{"rendered":"<p>Keplergasse 14 Top 3.01, A-1100 Viyana admin@lernpoint.at Telefon: 1 607 48 56 ZVR numaras\u0131: 413817236 UID: ATU67872359 &nbsp; \u00c7al\u0131\u015fmalar\u0131m\u0131za de\u011fer veriyor ve bizi desteklemek mi istiyorsunuz? G\u00f6n\u00fcll\u00fc ba\u011f\u0131\u015flar\u0131 minnetle kabul ediyoruz. &nbsp; Lernpoint, IBAN: AT35 1400 0028 1066 6296 BIC: BAWAATWW<\/p>\n","protected":false},"author":1,"featured_media":0,"parent":3203,"menu_order":0,"comment_status":"closed","ping_status":"closed","template":"","meta":{"_et_pb_use_builder":"on","_et_pb_old_content":"","_et_gb_content_width":"","footnotes":""},"class_list":["post-3149","page","type-page","status-publish","hentry"],"yoast_head":"<!-- This site is optimized with the Yoast SEO plugin v27.4 - https:\/\/yoast.com\/product\/yoast-seo-wordpress\/ -->\n<title>K\u00fcnye - Lernpoint<\/title>\n<meta name=\"robots\" content=\"index, follow, max-snippet:-1, max-image-preview:large, max-video-preview:-1\" \/>\n<link rel=\"canonical\" href=\"https:\/\/www.lernpoint.at\/tr\/hakkimizda\/kuenye\/\" \/>\n<meta property=\"og:locale\" content=\"tr_TR\" \/>\n<meta property=\"og:type\" content=\"article\" \/>\n<meta property=\"og:title\" content=\"K\u00fcnye - Lernpoint\" \/>\n<meta property=\"og:description\" content=\"Keplergasse 14 Top 3.01, A-1100 Viyana admin@lernpoint.at Telefon: 1 607 48 56 ZVR numaras\u0131: 413817236 UID: ATU67872359 &nbsp; \u00c7al\u0131\u015fmalar\u0131m\u0131za de\u011fer veriyor ve bizi desteklemek mi istiyorsunuz? G\u00f6n\u00fcll\u00fc ba\u011f\u0131\u015flar\u0131 minnetle kabul ediyoruz. &nbsp; Lernpoint, IBAN: AT35 1400 0028 1066 6296 BIC: BAWAATWW\" \/>\n<meta property=\"og:url\" content=\"https:\/\/www.lernpoint.at\/tr\/hakkimizda\/kuenye\/\" \/>\n<meta property=\"og:site_name\" content=\"Lernpoint\" \/>\n<meta property=\"article:publisher\" content=\"https:\/\/www.facebook.com\/lernpoint.wien\/\" \/>\n<meta property=\"article:modified_time\" content=\"2024-10-08T18:16:34+00:00\" \/>\n<meta property=\"og:image\" content=\"https:\/\/www.lernpoint.at\/wp-content\/uploads\/2024\/07\/logo_2016.jpg\" \/>\n\t<meta property=\"og:image:width\" content=\"945\" \/>\n\t<meta property=\"og:image:height\" content=\"512\" \/>\n\t<meta property=\"og:image:type\" content=\"image\/jpeg\" \/>\n<meta name=\"twitter:card\" content=\"summary_large_image\" \/>\n<meta name=\"twitter:label1\" content=\"Tahmini okuma s\u00fcresi\" \/>\n\t<meta name=\"twitter:data1\" content=\"1 dakika\" \/>\n<script type=\"application\/ld+json\" class=\"yoast-schema-graph\">{\"@context\":\"https:\\\/\\\/schema.org\",\"@graph\":[{\"@type\":\"WebPage\",\"@id\":\"https:\\\/\\\/www.lernpoint.at\\\/tr\\\/hakkimizda\\\/kuenye\\\/\",\"url\":\"https:\\\/\\\/www.lernpoint.at\\\/tr\\\/hakkimizda\\\/kuenye\\\/\",\"name\":\"K\u00fcnye - Lernpoint\",\"isPartOf\":{\"@id\":\"https:\\\/\\\/www.lernpoint.at\\\/de\\\/#website\"},\"primaryImageOfPage\":{\"@id\":\"https:\\\/\\\/www.lernpoint.at\\\/tr\\\/hakkimizda\\\/kuenye\\\/#primaryimage\"},\"image\":{\"@id\":\"https:\\\/\\\/www.lernpoint.at\\\/tr\\\/hakkimizda\\\/kuenye\\\/#primaryimage\"},\"thumbnailUrl\":\"https:\\\/\\\/www.lernpoint.at\\\/wp-content\\\/uploads\\\/2024\\\/07\\\/logo_2016-300x163.jpg\",\"datePublished\":\"2024-09-22T20:41:35+00:00\",\"dateModified\":\"2024-10-08T18:16:34+00:00\",\"breadcrumb\":{\"@id\":\"https:\\\/\\\/www.lernpoint.at\\\/tr\\\/hakkimizda\\\/kuenye\\\/#breadcrumb\"},\"inLanguage\":\"tr\",\"potentialAction\":[{\"@type\":\"ReadAction\",\"target\":[\"https:\\\/\\\/www.lernpoint.at\\\/tr\\\/hakkimizda\\\/kuenye\\\/\"]}]},{\"@type\":\"ImageObject\",\"inLanguage\":\"tr\",\"@id\":\"https:\\\/\\\/www.lernpoint.at\\\/tr\\\/hakkimizda\\\/kuenye\\\/#primaryimage\",\"url\":\"https:\\\/\\\/www.lernpoint.at\\\/wp-content\\\/uploads\\\/2024\\\/07\\\/logo_2016-300x163.jpg\",\"contentUrl\":\"https:\\\/\\\/www.lernpoint.at\\\/wp-content\\\/uploads\\\/2024\\\/07\\\/logo_2016-300x163.jpg\"},{\"@type\":\"BreadcrumbList\",\"@id\":\"https:\\\/\\\/www.lernpoint.at\\\/tr\\\/hakkimizda\\\/kuenye\\\/#breadcrumb\",\"itemListElement\":[{\"@type\":\"ListItem\",\"position\":1,\"name\":\"Home\",\"item\":\"https:\\\/\\\/www.lernpoint.at\\\/tr\\\/\"},{\"@type\":\"ListItem\",\"position\":2,\"name\":\"K\u00fcnye\"}]},{\"@type\":\"WebSite\",\"@id\":\"https:\\\/\\\/www.lernpoint.at\\\/de\\\/#website\",\"url\":\"https:\\\/\\\/www.lernpoint.at\\\/de\\\/\",\"name\":\"Lernpoint\",\"description\":\"Hier finden Sie Stellenangebote bei Lernpoint | Unsere Schwerpunkte liegen in der deutschen Sprachvermittlung f\u00fcr Studium &amp; Beruf. Hier mehr erfahren! 41+ courses in Vienna: German, English &amp; other language courses founded by government, WAFF, \u00d6IF, AMS, Magistrat, Arbeiterkammer\",\"publisher\":{\"@id\":\"https:\\\/\\\/www.lernpoint.at\\\/de\\\/#organization\"},\"potentialAction\":[{\"@type\":\"SearchAction\",\"target\":{\"@type\":\"EntryPoint\",\"urlTemplate\":\"https:\\\/\\\/www.lernpoint.at\\\/de\\\/?s={search_term_string}\"},\"query-input\":{\"@type\":\"PropertyValueSpecification\",\"valueRequired\":true,\"valueName\":\"search_term_string\"}}],\"inLanguage\":\"tr\"},{\"@type\":\"Organization\",\"@id\":\"https:\\\/\\\/www.lernpoint.at\\\/de\\\/#organization\",\"name\":\"Lernpoint\",\"url\":\"https:\\\/\\\/www.lernpoint.at\\\/de\\\/\",\"logo\":{\"@type\":\"ImageObject\",\"inLanguage\":\"tr\",\"@id\":\"https:\\\/\\\/www.lernpoint.at\\\/de\\\/#\\\/schema\\\/logo\\\/image\\\/\",\"url\":\"http:\\\/\\\/lernpoint.languagecentre.at\\\/wp-content\\\/uploads\\\/2024\\\/04\\\/logo-final.png\",\"contentUrl\":\"http:\\\/\\\/lernpoint.languagecentre.at\\\/wp-content\\\/uploads\\\/2024\\\/04\\\/logo-final.png\",\"width\":670,\"height\":434,\"caption\":\"Lernpoint\"},\"image\":{\"@id\":\"https:\\\/\\\/www.lernpoint.at\\\/de\\\/#\\\/schema\\\/logo\\\/image\\\/\"},\"sameAs\":[\"https:\\\/\\\/www.facebook.com\\\/lernpoint.wien\\\/\",\"https:\\\/\\\/www.instagram.com\\\/lernpoint\\\/\"]}]}<\/script>\n<!-- \/ Yoast SEO plugin. -->","yoast_head_json":{"title":"K\u00fcnye - Lernpoint","robots":{"index":"index","follow":"follow","max-snippet":"max-snippet:-1","max-image-preview":"max-image-preview:large","max-video-preview":"max-video-preview:-1"},"canonical":"https:\/\/www.lernpoint.at\/tr\/hakkimizda\/kuenye\/","og_locale":"tr_TR","og_type":"article","og_title":"K\u00fcnye - Lernpoint","og_description":"Keplergasse 14 Top 3.01, A-1100 Viyana admin@lernpoint.at Telefon: 1 607 48 56 ZVR numaras\u0131: 413817236 UID: ATU67872359 &nbsp; \u00c7al\u0131\u015fmalar\u0131m\u0131za de\u011fer veriyor ve bizi desteklemek mi istiyorsunuz? G\u00f6n\u00fcll\u00fc ba\u011f\u0131\u015flar\u0131 minnetle kabul ediyoruz. &nbsp; Lernpoint, IBAN: AT35 1400 0028 1066 6296 BIC: BAWAATWW","og_url":"https:\/\/www.lernpoint.at\/tr\/hakkimizda\/kuenye\/","og_site_name":"Lernpoint","article_publisher":"https:\/\/www.facebook.com\/lernpoint.wien\/","article_modified_time":"2024-10-08T18:16:34+00:00","og_image":[{"width":945,"height":512,"url":"https:\/\/www.lernpoint.at\/wp-content\/uploads\/2024\/07\/logo_2016.jpg","type":"image\/jpeg"}],"twitter_card":"summary_large_image","twitter_misc":{"Tahmini okuma s\u00fcresi":"1 dakika"},"schema":{"@context":"https:\/\/schema.org","@graph":[{"@type":"WebPage","@id":"https:\/\/www.lernpoint.at\/tr\/hakkimizda\/kuenye\/","url":"https:\/\/www.lernpoint.at\/tr\/hakkimizda\/kuenye\/","name":"K\u00fcnye - Lernpoint","isPartOf":{"@id":"https:\/\/www.lernpoint.at\/de\/#website"},"primaryImageOfPage":{"@id":"https:\/\/www.lernpoint.at\/tr\/hakkimizda\/kuenye\/#primaryimage"},"image":{"@id":"https:\/\/www.lernpoint.at\/tr\/hakkimizda\/kuenye\/#primaryimage"},"thumbnailUrl":"https:\/\/www.lernpoint.at\/wp-content\/uploads\/2024\/07\/logo_2016-300x163.jpg","datePublished":"2024-09-22T20:41:35+00:00","dateModified":"2024-10-08T18:16:34+00:00","breadcrumb":{"@id":"https:\/\/www.lernpoint.at\/tr\/hakkimizda\/kuenye\/#breadcrumb"},"inLanguage":"tr","potentialAction":[{"@type":"ReadAction","target":["https:\/\/www.lernpoint.at\/tr\/hakkimizda\/kuenye\/"]}]},{"@type":"ImageObject","inLanguage":"tr","@id":"https:\/\/www.lernpoint.at\/tr\/hakkimizda\/kuenye\/#primaryimage","url":"https:\/\/www.lernpoint.at\/wp-content\/uploads\/2024\/07\/logo_2016-300x163.jpg","contentUrl":"https:\/\/www.lernpoint.at\/wp-content\/uploads\/2024\/07\/logo_2016-300x163.jpg"},{"@type":"BreadcrumbList","@id":"https:\/\/www.lernpoint.at\/tr\/hakkimizda\/kuenye\/#breadcrumb","itemListElement":[{"@type":"ListItem","position":1,"name":"Home","item":"https:\/\/www.lernpoint.at\/tr\/"},{"@type":"ListItem","position":2,"name":"K\u00fcnye"}]},{"@type":"WebSite","@id":"https:\/\/www.lernpoint.at\/de\/#website","url":"https:\/\/www.lernpoint.at\/de\/","name":"Lernpoint","description":"Hier finden Sie Stellenangebote bei Lernpoint | Unsere Schwerpunkte liegen in der deutschen Sprachvermittlung f\u00fcr Studium &amp; Beruf. Hier mehr erfahren! 41+ courses in Vienna: German, English &amp; other language courses founded by government, WAFF, \u00d6IF, AMS, Magistrat, Arbeiterkammer","publisher":{"@id":"https:\/\/www.lernpoint.at\/de\/#organization"},"potentialAction":[{"@type":"SearchAction","target":{"@type":"EntryPoint","urlTemplate":"https:\/\/www.lernpoint.at\/de\/?s={search_term_string}"},"query-input":{"@type":"PropertyValueSpecification","valueRequired":true,"valueName":"search_term_string"}}],"inLanguage":"tr"},{"@type":"Organization","@id":"https:\/\/www.lernpoint.at\/de\/#organization","name":"Lernpoint","url":"https:\/\/www.lernpoint.at\/de\/","logo":{"@type":"ImageObject","inLanguage":"tr","@id":"https:\/\/www.lernpoint.at\/de\/#\/schema\/logo\/image\/","url":"http:\/\/lernpoint.languagecentre.at\/wp-content\/uploads\/2024\/04\/logo-final.png","contentUrl":"http:\/\/lernpoint.languagecentre.at\/wp-content\/uploads\/2024\/04\/logo-final.png","width":670,"height":434,"caption":"Lernpoint"},"image":{"@id":"https:\/\/www.lernpoint.at\/de\/#\/schema\/logo\/image\/"},"sameAs":["https:\/\/www.facebook.com\/lernpoint.wien\/","https:\/\/www.instagram.com\/lernpoint\/"]}]}},"_links":{"self":[{"href":"https:\/\/www.lernpoint.at\/tr\/wp-json\/wp\/v2\/pages\/3149","targetHints":{"allow":["GET"]}}],"collection":[{"href":"https:\/\/www.lernpoint.at\/tr\/wp-json\/wp\/v2\/pages"}],"about":[{"href":"https:\/\/www.lernpoint.at\/tr\/wp-json\/wp\/v2\/types\/page"}],"author":[{"embeddable":true,"href":"https:\/\/www.lernpoint.at\/tr\/wp-json\/wp\/v2\/users\/1"}],"replies":[{"embeddable":true,"href":"https:\/\/www.lernpoint.at\/tr\/wp-json\/wp\/v2\/comments?post=3149"}],"version-history":[{"count":1,"href":"https:\/\/www.lernpoint.at\/tr\/wp-json\/wp\/v2\/pages\/3149\/revisions"}],"predecessor-version":[{"id":3169,"href":"https:\/\/www.lernpoint.at\/tr\/wp-json\/wp\/v2\/pages\/3149\/revisions\/3169"}],"up":[{"embeddable":true,"href":"https:\/\/www.lernpoint.at\/tr\/wp-json\/wp\/v2\/pages\/3203"}],"wp:attachment":[{"href":"https:\/\/www.lernpoint.at\/tr\/wp-json\/wp\/v2\/media?parent=3149"}],"curies":[{"name":"wp","href":"https:\/\/api.w.org\/{rel}","templated":true}]}}