{"id":3177,"date":"2022-07-23T12:21:29","date_gmt":"2022-07-23T11:21:29","guid":{"rendered":"https:\/\/www.lernpoint.at\/sartlar-ve-kosullar-ve-gizlilik-politikasi\/"},"modified":"2024-10-08T19:16:34","modified_gmt":"2024-10-08T18:16:34","slug":"sartlar-ve-kosullar-ve-gizlilik-politikasi","status":"publish","type":"page","link":"https:\/\/www.lernpoint.at\/tr\/hakkimizda\/sartlar-ve-kosullar-ve-gizlilik-politikasi\/","title":{"rendered":"\u015eartlar ve ko\u015fullar ve gizlilik politikas\u0131"},"content":{"rendered":"<p>[et_pb_section fb_built=&#8221;1&#8243; _builder_version=&#8221;4.17.6&#8243; _module_preset=&#8221;default&#8221; global_colors_info=&#8221;{}&#8221;][et_pb_row _builder_version=&#8221;4.17.6&#8243; _module_preset=&#8221;default&#8221; global_colors_info=&#8221;{}&#8221;][et_pb_column type=&#8221;4_4&#8243; _builder_version=&#8221;4.17.6&#8243; _module_preset=&#8221;default&#8221; global_colors_info=&#8221;{}&#8221;][et_pb_text _builder_version=&#8221;4.27.0&#8243; text_font=&#8221;||||||||&#8221; text_font_size=&#8221;16px&#8221; text_line_height=&#8221;2em&#8221; ul_font=&#8221;||||||||&#8221; ol_font=&#8221;||||||||&#8221; header_font=&#8221;||||||||&#8221; header_2_font=&#8221;EB Garamond||||||||&#8221; header_2_font_size=&#8221;50px&#8221; header_2_line_height=&#8221;1.3em&#8221; header_3_font=&#8221;||||||||&#8221; header_4_font=&#8221;|700||on|||||&#8221; header_4_text_color=&#8221;#ffdaa4&#8243; header_4_font_size=&#8221;12px&#8221; header_4_letter_spacing=&#8221;2px&#8221; header_4_line_height=&#8221;2em&#8221; header_5_font=&#8221;||||||||&#8221; header_6_font=&#8221;||||||||&#8221; header_2_font_size_tablet=&#8221;40px&#8221; header_2_font_size_phone=&#8221;30px&#8221; header_2_font_size_last_edited=&#8221;on|phone&#8221; locked=&#8221;off&#8221; global_colors_info=&#8221;{}&#8221;]<\/p>\n<h4><\/h4>\n<h2>\u015eartlar ve ko\u015fullar ve gizlilik politikas\u0131<\/h2>\n<p>&nbsp;<\/p>\n<div class=\"jd_files_subheader\">\n<div class=\"jd_files_subheader_title\"><\/div>\n<div class=\"jd_page_nav\"><\/div>\n<div class=\"jd_clear\"><\/div>\n<div class=\"jd_subcat_count\"><\/div>\n<div class=\"jd_sort_order\"><\/div>\n<\/div>\n<div class=\"jd_clear\"><\/div>\n<div class=\"jd_right\"><\/div>\n<div class=\"jd_files_title\">\n<p>Dosyalar:<\/p>\n<\/div>\n<div class=\"jd_download_title\">\n<div class=\"jd_left\"> <a href=\"http:\/\/lernpoint.languagecentre.at\/wp-content\/uploads\/2024\/07\/AGBs_Lernpoint.pdf\" target=\"_blank\" rel=\"noopener\"><img loading=\"lazy\" decoding=\"async\" src=\"https:\/\/upload.wikimedia.org\/wikipedia\/commons\/thumb\/8\/87\/PDF_file_icon.svg\/1667px-PDF_file_icon.svg.png\" alt=\"Dosya:PDF file icon.svg - Vikipedi\" width=\"25\" height=\"31\"><span> <\/span><span> <\/span>GTC&#8217;ler (dil kurslar\u0131 ve s\u0131navlar) \u0130ndir<\/a><span style=\"font-size: 16px;\">(Genel H\u00fck\u00fcm ve Ko\u015fullar)<\/span><\/div>\n<\/div>\n<div class=\"jd_download_wrapper\">\n<div class=\"jd_clear\">\n<div class=\"jd_clear\"><\/div>\n<\/div>\n<\/div>\n<div class=\"jd_download_title\">\n<div class=\"jd_left\"> <a href=\"http:\/\/lernpoint.languagecentre.at\/wp-content\/uploads\/2024\/07\/Datenschutzerklaerung_Lernpoint.pdf\" target=\"_blank\" rel=\"noopener\"><span><img loading=\"lazy\" decoding=\"async\" src=\"https:\/\/upload.wikimedia.org\/wikipedia\/commons\/thumb\/8\/87\/PDF_file_icon.svg\/1667px-PDF_file_icon.svg.png\" alt=\"Dosya:PDF file icon.svg - Vikipedi\" width=\"25\" height=\"31\"> <\/span><span> <\/span>Gizlilik Politikas\u0131 \u0130ndir<\/a><a target=\"_blank\" href=\"https:\/\/lernpoint.at\/de\/das-institut\/agbs\/send\/9-agb_datenschutz\/36-datenschutzerkl%C3%A4rung\" title=\"\u0130ndir\" class=\"jdbutton jorange jsmall\" rel=\"noopener\" style=\"font-size: 16px;\"> (<\/a><span style=\"font-size: 16px;\">Gizlilik Politikas\u0131)<\/span><\/div>\n<\/div>\n<div class=\"jd_download_wrapper\">\n<div class=\"jd_clear\">\n<div class=\"jd_clear\"><\/div>\n<\/div>\n<\/div>\n<div class=\"jd_download_title\">\n<div class=\"jd_left\"> <a href=\"http:\/\/lernpoint.languagecentre.at\/wp-content\/uploads\/2024\/07\/AGBs_Nachhilfe.pdf\" target=\"_blank\" rel=\"noopener\"><span><img loading=\"lazy\" decoding=\"async\" src=\"https:\/\/upload.wikimedia.org\/wikipedia\/commons\/thumb\/8\/87\/PDF_file_icon.svg\/1667px-PDF_file_icon.svg.png\" alt=\"Dosya:PDF file icon.svg - Vikipedi\" width=\"25\" height=\"31\"> <\/span><span> <\/span>AGBs (\u00d6zel Ders) \u0130ndir (<\/a><span style=\"font-size: 16px;\">Genel H\u00fck\u00fcm ve Ko\u015fullar)<\/span><\/div>\n<\/div>\n<p>[\/et_pb_text][\/et_pb_column][\/et_pb_row][\/et_pb_section][et_pb_section fb_built=&#8221;1&#8243; fullwidth=&#8221;on&#8221; admin_label=&#8221;Footer&#8221; _builder_version=&#8221;4.27.0&#8243; locked=&#8221;off&#8221; global_colors_info=&#8221;{}&#8221; global_module=&#8221;2188&#8243; theme_builder_area=&#8221;post_content&#8221;][et_pb_fullwidth_header title=&#8221;Bug\u00fcn bir kurs rezervasyonu yap\u0131n!&#8221; text_orientation=&#8221;center&#8221; button_one_text=&#8221;Kurs tarihleri&#8221; button_one_url=&#8221;@ET-DC@eyJkeW5hbWljIjp0cnVlLCJjb250ZW50IjoicG9zdF9saW5rX3VybF9wYWdlIiwic2V0dGluZ3MiOnsicG9zdF9pZCI6IjYzMyJ9fQ==@&#8221; button_two_text=&#8221;S\u0131nav tarihleri&#8221; button_two_url=&#8221;@ET-DC@eyJkeW5hbWljIjp0cnVlLCJjb250ZW50IjoicG9zdF9saW5rX3VybF9wYWdlIiwic2V0dGluZ3MiOnsicG9zdF9pZCI6IjY1MCJ9fQ==@&#8221; content_max_width_phone=&#8221;580px&#8221; content_max_width_last_edited=&#8221;off|desktop&#8221; _builder_version=&#8221;4.27.0&#8243; _dynamic_attributes=&#8221;button_one_url,button_two_url&#8221; title_font=&#8221;EB Garamond||||||||&#8221; title_font_size=&#8221;50px&#8221; title_line_height=&#8221;1.3em&#8221; content_font=&#8221;||||||||&#8221; content_text_color=&#8221;#000000&#8243; content_font_size=&#8221;18px&#8221; content_line_height=&#8221;2em&#8221; background_enable_color=&#8221;off&#8221; background_image=&#8221;http:\/\/lernpoint.languagecentre.at\/wp-content\/uploads\/2024\/06\/logo_p_hq-1.png&#8221; background_size=&#8221;custom&#8221; background_image_width=&#8221;19%&#8221; background_position=&#8221;top_right&#8221; background_horizontal_offset=&#8221;4%&#8221; background_vertical_offset=&#8221;55%&#8221; custom_button_one=&#8221;on&#8221; button_one_text_size=&#8221;16px&#8221; button_one_text_color=&#8221;#ffffff&#8221; button_one_bg_color=&#8221;#f16236&#8243; button_one_border_width=&#8221;10px&#8221; button_one_border_color=&#8221;rgba(0,0,0,0)&#8221; button_one_border_radius=&#8221;100px&#8221; button_one_letter_spacing=&#8221;1px&#8221; button_one_font=&#8221;|700||on|||||&#8221; custom_button_two=&#8221;on&#8221; button_two_text_size=&#8221;16px&#8221; button_two_text_color=&#8221;#ffffff&#8221; button_two_bg_color=&#8221;#0e76bc&#8221; button_two_border_width=&#8221;10px&#8221; button_two_border_color=&#8221;rgba(0,0,0,0)&#8221; button_two_border_radius=&#8221;100px&#8221; button_two_letter_spacing=&#8221;1px&#8221; button_two_font=&#8221;|700||on|||||&#8221; background_layout=&#8221;light&#8221; custom_padding=&#8221;||||true|false&#8221; custom_padding_tablet=&#8221;&#8221; custom_padding_phone=&#8221;20px||20px||true&#8221; custom_padding_last_edited=&#8221;on|phone&#8221; title_font_size_tablet=&#8221;40px&#8221; title_font_size_phone=&#8221;30px&#8221; title_font_size_last_edited=&#8221;on|phone&#8221; content_font_size_tablet=&#8221;&#8221; content_font_size_phone=&#8221;15px&#8221; content_font_size_last_edited=&#8221;on|phone&#8221; background_last_edited=&#8221;on|tablet&#8221; background_enable_image_tablet=&#8221;off&#8221; background_enable_image_phone=&#8221;off&#8221; parallax_phone=&#8221;off&#8221; background_size_tablet=&#8221;custom&#8221; background_size_phone=&#8221;custom&#8221; background_horizontal_offset_tablet=&#8221;-71%&#8221; box_shadow_style_button_one=&#8221;preset1&#8243; box_shadow_vertical_button_one=&#8221;10px&#8221; box_shadow_blur_button_one=&#8221;30px&#8221; box_shadow_color_button_one=&#8221;rgba(255,0,8,0.24)&#8221; box_shadow_style_button_two=&#8221;preset1&#8243; box_shadow_vertical_button_two=&#8221;10px&#8221; box_shadow_blur_button_two=&#8221;30px&#8221; box_shadow_color_button_two=&#8221;rgba(60,190,190,0.24)&#8221; button_one_letter_spacing_hover=&#8221;1px&#8221; button_two_letter_spacing_hover=&#8221;1px&#8221; global_colors_info=&#8221;{}&#8221; button_one_text_size__hover_enabled=&#8221;off&#8221; button_two_text_size__hover_enabled=&#8221;off&#8221; button_one_text_color__hover_enabled=&#8221;off&#8221; button_two_text_color__hover_enabled=&#8221;off&#8221; button_one_border_width__hover_enabled=&#8221;off&#8221; button_two_border_width__hover_enabled=&#8221;off&#8221; button_one_border_color__hover_enabled=&#8221;off&#8221; button_two_border_color__hover_enabled=&#8221;off&#8221; button_one_border_radius__hover_enabled=&#8221;off&#8221; button_two_border_radius__hover_enabled=&#8221;off&#8221; button_one_letter_spacing__hover_enabled=&#8221;on&#8221; button_one_letter_spacing__hover=&#8221;1px&#8221; button_two_letter_spacing__hover_enabled=&#8221;on&#8221; button_two_letter_spacing__hover=&#8221;1px&#8221; button_one_bg_color__hover_enabled=&#8221;off&#8221; button_two_bg_color__hover_enabled=&#8221;off&#8221; background__hover_enabled=&#8221;off|desktop&#8221; theme_builder_area=&#8221;post_content&#8221;]<\/p>\n<p>+43 1 607 48 56 admin@lernpoint.at<\/p>\n<p>[\/et_pb_fullwidth_header][\/et_pb_section]<\/p>\n","protected":false},"excerpt":{"rendered":"<p>\u015eartlar ve ko\u015fullar ve gizlilik politikas\u0131 &nbsp; Dosyalar: GTC&#8217;ler (dil kurslar\u0131 ve s\u0131navlar) \u0130ndir(Genel H\u00fck\u00fcm ve Ko\u015fullar) Gizlilik Politikas\u0131 \u0130ndir (Gizlilik Politikas\u0131) AGBs (\u00d6zel Ders) \u0130ndir (Genel H\u00fck\u00fcm ve Ko\u015fullar) +43 1 607 48 56 admin@lernpoint.at<\/p>\n","protected":false},"author":1,"featured_media":0,"parent":3203,"menu_order":0,"comment_status":"closed","ping_status":"closed","template":"","meta":{"_et_pb_use_builder":"on","_et_pb_old_content":"","_et_gb_content_width":"","footnotes":""},"class_list":["post-3177","page","type-page","status-publish","hentry"],"yoast_head":"<!-- This site is optimized with the Yoast SEO plugin v27.6 - https:\/\/yoast.com\/product\/yoast-seo-wordpress\/ -->\n<title>\u015eartlar ve ko\u015fullar ve gizlilik politikas\u0131 - Lernpoint \u00d6nemli yasal bilgiler<\/title>\n<meta name=\"description\" content=\"Lernpoint&#039;teki h\u00fck\u00fcm ve ko\u015fullar\u0131m\u0131z ve gizlilik politikam\u0131z hakk\u0131nda daha fazla bilgi edinin. Web sitemiz i\u00e7in \u00f6nemli yasal bilgiler.\" \/>\n<meta name=\"robots\" content=\"index, follow, max-snippet:-1, max-image-preview:large, max-video-preview:-1\" \/>\n<link rel=\"canonical\" href=\"https:\/\/www.lernpoint.at\/tr\/hakkimizda\/sartlar-ve-kosullar-ve-gizlilik-politikasi\/\" \/>\n<meta property=\"og:locale\" content=\"tr_TR\" \/>\n<meta property=\"og:type\" content=\"article\" \/>\n<meta property=\"og:title\" content=\"\u015eartlar ve ko\u015fullar ve gizlilik politikas\u0131 - Lernpoint \u00d6nemli yasal bilgiler\" \/>\n<meta property=\"og:description\" content=\"Lernpoint&#039;teki h\u00fck\u00fcm ve ko\u015fullar\u0131m\u0131z ve gizlilik politikam\u0131z hakk\u0131nda daha fazla bilgi edinin. Web sitemiz i\u00e7in \u00f6nemli yasal bilgiler.\" \/>\n<meta property=\"og:url\" content=\"https:\/\/www.lernpoint.at\/tr\/hakkimizda\/sartlar-ve-kosullar-ve-gizlilik-politikasi\/\" \/>\n<meta property=\"og:site_name\" content=\"Lernpoint\" \/>\n<meta property=\"article:publisher\" content=\"https:\/\/www.facebook.com\/lernpoint.wien\/\" \/>\n<meta property=\"article:modified_time\" content=\"2024-10-08T18:16:34+00:00\" \/>\n<meta property=\"og:image\" content=\"https:\/\/upload.wikimedia.org\/wikipedia\/commons\/thumb\/8\/87\/PDF_file_icon.svg\/1667px-PDF_file_icon.svg.png\" \/>\n<meta name=\"twitter:card\" content=\"summary_large_image\" \/>\n<meta name=\"twitter:label1\" content=\"Tahmini okuma s\u00fcresi\" \/>\n\t<meta name=\"twitter:data1\" content=\"4 dakika\" \/>\n<script type=\"application\/ld+json\" class=\"yoast-schema-graph\">{\"@context\":\"https:\\\/\\\/schema.org\",\"@graph\":[{\"@type\":\"WebPage\",\"@id\":\"https:\\\/\\\/www.lernpoint.at\\\/tr\\\/hakkimizda\\\/sartlar-ve-kosullar-ve-gizlilik-politikasi\\\/\",\"url\":\"https:\\\/\\\/www.lernpoint.at\\\/tr\\\/hakkimizda\\\/sartlar-ve-kosullar-ve-gizlilik-politikasi\\\/\",\"name\":\"\u015eartlar ve ko\u015fullar ve gizlilik politikas\u0131 - Lernpoint \u00d6nemli yasal bilgiler\",\"isPartOf\":{\"@id\":\"https:\\\/\\\/www.lernpoint.at\\\/de\\\/#website\"},\"primaryImageOfPage\":{\"@id\":\"https:\\\/\\\/www.lernpoint.at\\\/tr\\\/hakkimizda\\\/sartlar-ve-kosullar-ve-gizlilik-politikasi\\\/#primaryimage\"},\"image\":{\"@id\":\"https:\\\/\\\/www.lernpoint.at\\\/tr\\\/hakkimizda\\\/sartlar-ve-kosullar-ve-gizlilik-politikasi\\\/#primaryimage\"},\"thumbnailUrl\":\"https:\\\/\\\/upload.wikimedia.org\\\/wikipedia\\\/commons\\\/thumb\\\/8\\\/87\\\/PDF_file_icon.svg\\\/1667px-PDF_file_icon.svg.png\",\"datePublished\":\"2022-07-23T11:21:29+00:00\",\"dateModified\":\"2024-10-08T18:16:34+00:00\",\"description\":\"Lernpoint'teki h\u00fck\u00fcm ve ko\u015fullar\u0131m\u0131z ve gizlilik politikam\u0131z hakk\u0131nda daha fazla bilgi edinin. Web sitemiz i\u00e7in \u00f6nemli yasal bilgiler.\",\"breadcrumb\":{\"@id\":\"https:\\\/\\\/www.lernpoint.at\\\/tr\\\/hakkimizda\\\/sartlar-ve-kosullar-ve-gizlilik-politikasi\\\/#breadcrumb\"},\"inLanguage\":\"tr\",\"potentialAction\":[{\"@type\":\"ReadAction\",\"target\":[\"https:\\\/\\\/www.lernpoint.at\\\/tr\\\/hakkimizda\\\/sartlar-ve-kosullar-ve-gizlilik-politikasi\\\/\"]}]},{\"@type\":\"ImageObject\",\"inLanguage\":\"tr\",\"@id\":\"https:\\\/\\\/www.lernpoint.at\\\/tr\\\/hakkimizda\\\/sartlar-ve-kosullar-ve-gizlilik-politikasi\\\/#primaryimage\",\"url\":\"https:\\\/\\\/upload.wikimedia.org\\\/wikipedia\\\/commons\\\/thumb\\\/8\\\/87\\\/PDF_file_icon.svg\\\/1667px-PDF_file_icon.svg.png\",\"contentUrl\":\"https:\\\/\\\/upload.wikimedia.org\\\/wikipedia\\\/commons\\\/thumb\\\/8\\\/87\\\/PDF_file_icon.svg\\\/1667px-PDF_file_icon.svg.png\"},{\"@type\":\"BreadcrumbList\",\"@id\":\"https:\\\/\\\/www.lernpoint.at\\\/tr\\\/hakkimizda\\\/sartlar-ve-kosullar-ve-gizlilik-politikasi\\\/#breadcrumb\",\"itemListElement\":[{\"@type\":\"ListItem\",\"position\":1,\"name\":\"Home\",\"item\":\"https:\\\/\\\/www.lernpoint.at\\\/tr\\\/\"},{\"@type\":\"ListItem\",\"position\":2,\"name\":\"\u015eartlar ve ko\u015fullar ve gizlilik politikas\u0131\"}]},{\"@type\":\"WebSite\",\"@id\":\"https:\\\/\\\/www.lernpoint.at\\\/de\\\/#website\",\"url\":\"https:\\\/\\\/www.lernpoint.at\\\/de\\\/\",\"name\":\"Lernpoint\",\"description\":\"Hier finden Sie Stellenangebote bei Lernpoint | Unsere Schwerpunkte liegen in der deutschen Sprachvermittlung f\u00fcr Studium &amp; Beruf. Hier mehr erfahren! 41+ courses in Vienna: German, English &amp; other language courses founded by government, WAFF, \u00d6IF, AMS, Magistrat, Arbeiterkammer\",\"publisher\":{\"@id\":\"https:\\\/\\\/www.lernpoint.at\\\/de\\\/#organization\"},\"potentialAction\":[{\"@type\":\"SearchAction\",\"target\":{\"@type\":\"EntryPoint\",\"urlTemplate\":\"https:\\\/\\\/www.lernpoint.at\\\/de\\\/?s={search_term_string}\"},\"query-input\":{\"@type\":\"PropertyValueSpecification\",\"valueRequired\":true,\"valueName\":\"search_term_string\"}}],\"inLanguage\":\"tr\"},{\"@type\":\"Organization\",\"@id\":\"https:\\\/\\\/www.lernpoint.at\\\/de\\\/#organization\",\"name\":\"Lernpoint\",\"url\":\"https:\\\/\\\/www.lernpoint.at\\\/de\\\/\",\"logo\":{\"@type\":\"ImageObject\",\"inLanguage\":\"tr\",\"@id\":\"https:\\\/\\\/www.lernpoint.at\\\/de\\\/#\\\/schema\\\/logo\\\/image\\\/\",\"url\":\"http:\\\/\\\/lernpoint.languagecentre.at\\\/wp-content\\\/uploads\\\/2024\\\/04\\\/logo-final.png\",\"contentUrl\":\"http:\\\/\\\/lernpoint.languagecentre.at\\\/wp-content\\\/uploads\\\/2024\\\/04\\\/logo-final.png\",\"width\":670,\"height\":434,\"caption\":\"Lernpoint\"},\"image\":{\"@id\":\"https:\\\/\\\/www.lernpoint.at\\\/de\\\/#\\\/schema\\\/logo\\\/image\\\/\"},\"sameAs\":[\"https:\\\/\\\/www.facebook.com\\\/lernpoint.wien\\\/\",\"https:\\\/\\\/www.instagram.com\\\/lernpoint\\\/\"]}]}<\/script>\n<!-- \/ Yoast SEO plugin. -->","yoast_head_json":{"title":"\u015eartlar ve ko\u015fullar ve gizlilik politikas\u0131 - Lernpoint \u00d6nemli yasal bilgiler","description":"Lernpoint'teki h\u00fck\u00fcm ve ko\u015fullar\u0131m\u0131z ve gizlilik politikam\u0131z hakk\u0131nda daha fazla bilgi edinin. Web sitemiz i\u00e7in \u00f6nemli yasal bilgiler.","robots":{"index":"index","follow":"follow","max-snippet":"max-snippet:-1","max-image-preview":"max-image-preview:large","max-video-preview":"max-video-preview:-1"},"canonical":"https:\/\/www.lernpoint.at\/tr\/hakkimizda\/sartlar-ve-kosullar-ve-gizlilik-politikasi\/","og_locale":"tr_TR","og_type":"article","og_title":"\u015eartlar ve ko\u015fullar ve gizlilik politikas\u0131 - Lernpoint \u00d6nemli yasal bilgiler","og_description":"Lernpoint'teki h\u00fck\u00fcm ve ko\u015fullar\u0131m\u0131z ve gizlilik politikam\u0131z hakk\u0131nda daha fazla bilgi edinin. Web sitemiz i\u00e7in \u00f6nemli yasal bilgiler.","og_url":"https:\/\/www.lernpoint.at\/tr\/hakkimizda\/sartlar-ve-kosullar-ve-gizlilik-politikasi\/","og_site_name":"Lernpoint","article_publisher":"https:\/\/www.facebook.com\/lernpoint.wien\/","article_modified_time":"2024-10-08T18:16:34+00:00","og_image":[{"url":"https:\/\/upload.wikimedia.org\/wikipedia\/commons\/thumb\/8\/87\/PDF_file_icon.svg\/1667px-PDF_file_icon.svg.png","type":"","width":"","height":""}],"twitter_card":"summary_large_image","twitter_misc":{"Tahmini okuma s\u00fcresi":"4 dakika"},"schema":{"@context":"https:\/\/schema.org","@graph":[{"@type":"WebPage","@id":"https:\/\/www.lernpoint.at\/tr\/hakkimizda\/sartlar-ve-kosullar-ve-gizlilik-politikasi\/","url":"https:\/\/www.lernpoint.at\/tr\/hakkimizda\/sartlar-ve-kosullar-ve-gizlilik-politikasi\/","name":"\u015eartlar ve ko\u015fullar ve gizlilik politikas\u0131 - Lernpoint \u00d6nemli yasal bilgiler","isPartOf":{"@id":"https:\/\/www.lernpoint.at\/de\/#website"},"primaryImageOfPage":{"@id":"https:\/\/www.lernpoint.at\/tr\/hakkimizda\/sartlar-ve-kosullar-ve-gizlilik-politikasi\/#primaryimage"},"image":{"@id":"https:\/\/www.lernpoint.at\/tr\/hakkimizda\/sartlar-ve-kosullar-ve-gizlilik-politikasi\/#primaryimage"},"thumbnailUrl":"https:\/\/upload.wikimedia.org\/wikipedia\/commons\/thumb\/8\/87\/PDF_file_icon.svg\/1667px-PDF_file_icon.svg.png","datePublished":"2022-07-23T11:21:29+00:00","dateModified":"2024-10-08T18:16:34+00:00","description":"Lernpoint'teki h\u00fck\u00fcm ve ko\u015fullar\u0131m\u0131z ve gizlilik politikam\u0131z hakk\u0131nda daha fazla bilgi edinin. Web sitemiz i\u00e7in \u00f6nemli yasal bilgiler.","breadcrumb":{"@id":"https:\/\/www.lernpoint.at\/tr\/hakkimizda\/sartlar-ve-kosullar-ve-gizlilik-politikasi\/#breadcrumb"},"inLanguage":"tr","potentialAction":[{"@type":"ReadAction","target":["https:\/\/www.lernpoint.at\/tr\/hakkimizda\/sartlar-ve-kosullar-ve-gizlilik-politikasi\/"]}]},{"@type":"ImageObject","inLanguage":"tr","@id":"https:\/\/www.lernpoint.at\/tr\/hakkimizda\/sartlar-ve-kosullar-ve-gizlilik-politikasi\/#primaryimage","url":"https:\/\/upload.wikimedia.org\/wikipedia\/commons\/thumb\/8\/87\/PDF_file_icon.svg\/1667px-PDF_file_icon.svg.png","contentUrl":"https:\/\/upload.wikimedia.org\/wikipedia\/commons\/thumb\/8\/87\/PDF_file_icon.svg\/1667px-PDF_file_icon.svg.png"},{"@type":"BreadcrumbList","@id":"https:\/\/www.lernpoint.at\/tr\/hakkimizda\/sartlar-ve-kosullar-ve-gizlilik-politikasi\/#breadcrumb","itemListElement":[{"@type":"ListItem","position":1,"name":"Home","item":"https:\/\/www.lernpoint.at\/tr\/"},{"@type":"ListItem","position":2,"name":"\u015eartlar ve ko\u015fullar ve gizlilik politikas\u0131"}]},{"@type":"WebSite","@id":"https:\/\/www.lernpoint.at\/de\/#website","url":"https:\/\/www.lernpoint.at\/de\/","name":"Lernpoint","description":"Hier finden Sie Stellenangebote bei Lernpoint | Unsere Schwerpunkte liegen in der deutschen Sprachvermittlung f\u00fcr Studium &amp; Beruf. Hier mehr erfahren! 41+ courses in Vienna: German, English &amp; other language courses founded by government, WAFF, \u00d6IF, AMS, Magistrat, Arbeiterkammer","publisher":{"@id":"https:\/\/www.lernpoint.at\/de\/#organization"},"potentialAction":[{"@type":"SearchAction","target":{"@type":"EntryPoint","urlTemplate":"https:\/\/www.lernpoint.at\/de\/?s={search_term_string}"},"query-input":{"@type":"PropertyValueSpecification","valueRequired":true,"valueName":"search_term_string"}}],"inLanguage":"tr"},{"@type":"Organization","@id":"https:\/\/www.lernpoint.at\/de\/#organization","name":"Lernpoint","url":"https:\/\/www.lernpoint.at\/de\/","logo":{"@type":"ImageObject","inLanguage":"tr","@id":"https:\/\/www.lernpoint.at\/de\/#\/schema\/logo\/image\/","url":"http:\/\/lernpoint.languagecentre.at\/wp-content\/uploads\/2024\/04\/logo-final.png","contentUrl":"http:\/\/lernpoint.languagecentre.at\/wp-content\/uploads\/2024\/04\/logo-final.png","width":670,"height":434,"caption":"Lernpoint"},"image":{"@id":"https:\/\/www.lernpoint.at\/de\/#\/schema\/logo\/image\/"},"sameAs":["https:\/\/www.facebook.com\/lernpoint.wien\/","https:\/\/www.instagram.com\/lernpoint\/"]}]}},"_links":{"self":[{"href":"https:\/\/www.lernpoint.at\/tr\/wp-json\/wp\/v2\/pages\/3177","targetHints":{"allow":["GET"]}}],"collection":[{"href":"https:\/\/www.lernpoint.at\/tr\/wp-json\/wp\/v2\/pages"}],"about":[{"href":"https:\/\/www.lernpoint.at\/tr\/wp-json\/wp\/v2\/types\/page"}],"author":[{"embeddable":true,"href":"https:\/\/www.lernpoint.at\/tr\/wp-json\/wp\/v2\/users\/1"}],"replies":[{"embeddable":true,"href":"https:\/\/www.lernpoint.at\/tr\/wp-json\/wp\/v2\/comments?post=3177"}],"version-history":[{"count":1,"href":"https:\/\/www.lernpoint.at\/tr\/wp-json\/wp\/v2\/pages\/3177\/revisions"}],"predecessor-version":[{"id":3193,"href":"https:\/\/www.lernpoint.at\/tr\/wp-json\/wp\/v2\/pages\/3177\/revisions\/3193"}],"up":[{"embeddable":true,"href":"https:\/\/www.lernpoint.at\/tr\/wp-json\/wp\/v2\/pages\/3203"}],"wp:attachment":[{"href":"https:\/\/www.lernpoint.at\/tr\/wp-json\/wp\/v2\/media?parent=3177"}],"curies":[{"name":"wp","href":"https:\/\/api.w.org\/{rel}","templated":true}]}}